{"id":8267,"date":"2021-09-02T15:08:19","date_gmt":"2021-09-02T13:08:19","guid":{"rendered":"https:\/\/carreau-forbach.com\/?page_id=8267"},"modified":"2025-07-17T18:38:20","modified_gmt":"2025-07-17T16:38:20","slug":"deutsch-franzoesischer-workshop","status":"publish","type":"page","link":"https:\/\/carreau-forbach.com\/de\/deutsch-franzoesischer-workshop\/","title":{"rendered":"Theaterworkshop"},"content":{"rendered":"<div>\n<div>\n<p>Ganz im Gegensatz zur letzten Spielzeit, als Robin Causse Ber\u00fchmtheiten nachspielen lie\u00df, wird er dieses Jahr in seinem Theaterworkshop vom ganz Eigenen der Teilnehmer ausgehen.<\/p>\n<p>Wir alle, ob Kinder, Jugendliche oder Erwachsene, kennen Erinnerungen und Erlebnisse, die unser Leben bestimmt haben. Personen, Pers\u00f6nlichkeiten, Menschen des echten Lebens, die eine solche Wirkung auf uns hatten, dass wir eine pr\u00e4gende Erinnerung an sie behalten, egal ob sie komisch, pathetisch, dramatisch ist, uns begeistert oder w\u00fctend macht. Diese Erinnerungen und Erz\u00e4hlungen sind die Arbeitsgrundlage f\u00fcr die Teilnehmer und Teilnehmerinnen, um sie in einen Theaterstoff zu verwandeln.<\/p>\n<\/div>\n<p><strong>Informationstreffen mit Robin Causse:<\/strong> 09\/10\/25 \u2192 18:30 im Carreau<\/p>\n<p><strong>Workshops:<\/strong><\/p>\n<ul>\n<li>13\/12\/25\u00a0: 11:00 \u2192 18:00<\/li>\n<li>14\/12\/25 : 10:00 \u2192 17:00<\/li>\n<li>18\/01\/26 : 10:00 \u2192 17:00<\/li>\n<li>08\/02\/26 : 10:00 \u2192 17:00<\/li>\n<li>29\/03\/26\u00a0: 10:00 \u2192 17:00<\/li>\n<li>11\/04\/26 : 11:00 \u2192 18:00<\/li>\n<li>12\/04\/26\u00a0: 10:00 \u2192 17:00<\/li>\n<\/ul>\n<p><strong>Auffu\u0308hrung: <\/strong><strong>12\/04\/26 \u2192 18:00 <\/strong><\/p>\n<p>Ab 16 Jahren.<\/p>\n<p><strong>Ort:<\/strong> Le Carreau<\/p>\n<p><strong>Preis<\/strong>: 50\u20ac Teilnahmegebu\u0308hr + ein Pflichtabonnement u\u0308ber mindestens 5 Stu\u0308cke.<\/p>\n<\/div>\n","protected":false},"excerpt":{"rendered":"<p>Ganz im Gegensatz zur letzten Spielzeit, als Robin Causse Ber\u00fchmtheiten nachspielen lie\u00df, wird er dieses Jahr in seinem Theaterworkshop vom ganz Eigenen der Teilnehmer ausgehen. Wir alle, ob Kinder, Jugendliche oder Erwachsene, kennen Erinnerungen und Erlebnisse, die unser Leben bestimmt haben. Personen, Pers\u00f6nlichkeiten, Menschen des echten Lebens, die eine solche Wirkung auf uns hatten, dass &hellip; <a href=\"https:\/\/carreau-forbach.com\/de\/deutsch-franzoesischer-workshop\/\">Continued<\/a><\/p>\n","protected":false},"author":1,"featured_media":0,"parent":0,"menu_order":0,"comment_status":"closed","ping_status":"closed","template":"","meta":{"_acf_changed":false,"footnotes":""},"class_list":["post-8267","page","type-page","status-publish","hentry"],"acf":[],"yoast_head":"<title>Theaterworkshop - Le Carreau<\/title>\n<meta name=\"robots\" content=\"index, follow, max-snippet:-1, max-image-preview:large, max-video-preview:-1\" \/>\n<link rel=\"canonical\" href=\"https:\/\/carreau-forbach.com\/de\/deutsch-franzoesischer-workshop\/\" \/>\n<meta property=\"og:locale\" content=\"de_DE\" \/>\n<meta property=\"og:type\" content=\"article\" \/>\n<meta property=\"og:title\" content=\"Theaterworkshop - Le Carreau\" \/>\n<meta property=\"og:description\" content=\"Ganz im Gegensatz zur letzten Spielzeit, als Robin Causse Ber\u00fchmtheiten nachspielen lie\u00df, wird er dieses Jahr in seinem Theaterworkshop vom ganz Eigenen der Teilnehmer ausgehen. Wir alle, ob Kinder, Jugendliche oder Erwachsene, kennen Erinnerungen und Erlebnisse, die unser Leben bestimmt haben. Personen, Pers\u00f6nlichkeiten, Menschen des echten Lebens, die eine solche Wirkung auf uns hatten, dass &hellip; Continued\" \/>\n<meta property=\"og:url\" content=\"https:\/\/carreau-forbach.com\/de\/deutsch-franzoesischer-workshop\/\" \/>\n<meta property=\"og:site_name\" content=\"Le Carreau\" \/>\n<meta property=\"article:modified_time\" content=\"2025-07-17T16:38:20+00:00\" \/>\n<meta name=\"twitter:card\" content=\"summary_large_image\" \/>\n<meta name=\"twitter:label1\" content=\"Est. reading time\" \/>\n\t<meta name=\"twitter:data1\" content=\"1 minute\" \/>\n<script type=\"application\/ld+json\" class=\"yoast-schema-graph\">{\"@context\":\"https:\/\/schema.org\",\"@graph\":[{\"@type\":\"WebPage\",\"@id\":\"https:\/\/carreau-forbach.com\/de\/deutsch-franzoesischer-workshop\/\",\"url\":\"https:\/\/carreau-forbach.com\/de\/deutsch-franzoesischer-workshop\/\",\"name\":\"Theaterworkshop - Le Carreau\",\"isPartOf\":{\"@id\":\"https:\/\/carreau-forbach.com\/#website\"},\"datePublished\":\"2021-09-02T13:08:19+00:00\",\"dateModified\":\"2025-07-17T16:38:20+00:00\",\"breadcrumb\":{\"@id\":\"https:\/\/carreau-forbach.com\/de\/deutsch-franzoesischer-workshop\/#breadcrumb\"},\"inLanguage\":\"de-DE\",\"potentialAction\":[{\"@type\":\"ReadAction\",\"target\":[\"https:\/\/carreau-forbach.com\/de\/deutsch-franzoesischer-workshop\/\"]}]},{\"@type\":\"BreadcrumbList\",\"@id\":\"https:\/\/carreau-forbach.com\/de\/deutsch-franzoesischer-workshop\/#breadcrumb\",\"itemListElement\":[{\"@type\":\"ListItem\",\"position\":1,\"name\":\"Home\",\"item\":\"https:\/\/carreau-forbach.com\/de\/\"},{\"@type\":\"ListItem\",\"position\":2,\"name\":\"Theaterworkshop\"}]},{\"@type\":\"WebSite\",\"@id\":\"https:\/\/carreau-forbach.com\/#website\",\"url\":\"https:\/\/carreau-forbach.com\/\",\"name\":\"Le Carreau\",\"description\":\"Sc\u00e8ne nationale de Forbach et de l&#039;Est mosellan\",\"potentialAction\":[{\"@type\":\"SearchAction\",\"target\":{\"@type\":\"EntryPoint\",\"urlTemplate\":\"https:\/\/carreau-forbach.com\/?s={search_term_string}\"},\"query-input\":{\"@type\":\"PropertyValueSpecification\",\"valueRequired\":true,\"valueName\":\"search_term_string\"}}],\"inLanguage\":\"de-DE\"}]}<\/script>","yoast_head_json":{"title":"Theaterworkshop - Le Carreau","robots":{"index":"index","follow":"follow","max-snippet":"max-snippet:-1","max-image-preview":"max-image-preview:large","max-video-preview":"max-video-preview:-1"},"canonical":"https:\/\/carreau-forbach.com\/de\/deutsch-franzoesischer-workshop\/","og_locale":"de_DE","og_type":"article","og_title":"Theaterworkshop - Le Carreau","og_description":"Ganz im Gegensatz zur letzten Spielzeit, als Robin Causse Ber\u00fchmtheiten nachspielen lie\u00df, wird er dieses Jahr in seinem Theaterworkshop vom ganz Eigenen der Teilnehmer ausgehen. Wir alle, ob Kinder, Jugendliche oder Erwachsene, kennen Erinnerungen und Erlebnisse, die unser Leben bestimmt haben. Personen, Pers\u00f6nlichkeiten, Menschen des echten Lebens, die eine solche Wirkung auf uns hatten, dass &hellip; Continued","og_url":"https:\/\/carreau-forbach.com\/de\/deutsch-franzoesischer-workshop\/","og_site_name":"Le Carreau","article_modified_time":"2025-07-17T16:38:20+00:00","twitter_card":"summary_large_image","twitter_misc":{"Est. reading time":"1 minute"},"schema":{"@context":"https:\/\/schema.org","@graph":[{"@type":"WebPage","@id":"https:\/\/carreau-forbach.com\/de\/deutsch-franzoesischer-workshop\/","url":"https:\/\/carreau-forbach.com\/de\/deutsch-franzoesischer-workshop\/","name":"Theaterworkshop - Le Carreau","isPartOf":{"@id":"https:\/\/carreau-forbach.com\/#website"},"datePublished":"2021-09-02T13:08:19+00:00","dateModified":"2025-07-17T16:38:20+00:00","breadcrumb":{"@id":"https:\/\/carreau-forbach.com\/de\/deutsch-franzoesischer-workshop\/#breadcrumb"},"inLanguage":"de-DE","potentialAction":[{"@type":"ReadAction","target":["https:\/\/carreau-forbach.com\/de\/deutsch-franzoesischer-workshop\/"]}]},{"@type":"BreadcrumbList","@id":"https:\/\/carreau-forbach.com\/de\/deutsch-franzoesischer-workshop\/#breadcrumb","itemListElement":[{"@type":"ListItem","position":1,"name":"Home","item":"https:\/\/carreau-forbach.com\/de\/"},{"@type":"ListItem","position":2,"name":"Theaterworkshop"}]},{"@type":"WebSite","@id":"https:\/\/carreau-forbach.com\/#website","url":"https:\/\/carreau-forbach.com\/","name":"Le Carreau","description":"Sc\u00e8ne nationale de Forbach et de l&#039;Est mosellan","potentialAction":[{"@type":"SearchAction","target":{"@type":"EntryPoint","urlTemplate":"https:\/\/carreau-forbach.com\/?s={search_term_string}"},"query-input":{"@type":"PropertyValueSpecification","valueRequired":true,"valueName":"search_term_string"}}],"inLanguage":"de-DE"}]}},"_links":{"self":[{"href":"https:\/\/carreau-forbach.com\/de\/wp-json\/wp\/v2\/pages\/8267","targetHints":{"allow":["GET"]}}],"collection":[{"href":"https:\/\/carreau-forbach.com\/de\/wp-json\/wp\/v2\/pages"}],"about":[{"href":"https:\/\/carreau-forbach.com\/de\/wp-json\/wp\/v2\/types\/page"}],"author":[{"embeddable":true,"href":"https:\/\/carreau-forbach.com\/de\/wp-json\/wp\/v2\/users\/1"}],"replies":[{"embeddable":true,"href":"https:\/\/carreau-forbach.com\/de\/wp-json\/wp\/v2\/comments?post=8267"}],"version-history":[{"count":18,"href":"https:\/\/carreau-forbach.com\/de\/wp-json\/wp\/v2\/pages\/8267\/revisions"}],"predecessor-version":[{"id":12846,"href":"https:\/\/carreau-forbach.com\/de\/wp-json\/wp\/v2\/pages\/8267\/revisions\/12846"}],"wp:attachment":[{"href":"https:\/\/carreau-forbach.com\/de\/wp-json\/wp\/v2\/media?parent=8267"}],"curies":[{"name":"wp","href":"https:\/\/api.w.org\/{rel}","templated":true}]}}