{"id":7478,"date":"2021-04-28T18:06:25","date_gmt":"2021-04-28T16:06:25","guid":{"rendered":"https:\/\/carreau-forbach.com\/?page_id=7478"},"modified":"2021-04-30T18:33:43","modified_gmt":"2021-04-30T16:33:43","slug":"station-decoute-du-carreau","status":"publish","type":"page","link":"https:\/\/carreau-forbach.com\/de\/station-decoute-du-carreau\/","title":{"rendered":"H\u00f6rstation von Le Carreau"},"content":{"rendered":"<p><strong>Le Carreau startet seine H\u00f6rstation auf Arte Radio!<\/strong><\/p>\n<p>Entdecken Sie Tonaufnahmen, Berichte, Interviews in enger Zusammenarbeit mit K\u00fcnstler*innen, die e Carreau begleitet, und \/ oder eingeladenen K\u00fcnstler*innen, Zuschauer*innen, Journalist*innen &#8230; \u00fcber die Spielzeiten hinweg!<br \/>\nJeder Audioblog entspricht einem Projekt. Auf dieser Seite finden Sie die Liste aller zu dieser H\u00f6rstation geh\u00f6renden Audioblogs.<\/p>\n<p>Wir freuen uns, unsere H\u00f6rstation mit den Lesungen der Teilnehmer*innen des Projekts <em>Devenir<\/em> der Cie La Bande Passante einzuweihen, die hier jede Woche zu finden sind:<\/p>\n<p style=\"text-align: center;\">\u2728 <strong><a href=\"https:\/\/audioblog.arteradio.com\/blog\/162829\/le-carreau-station-d-ecoute-devenir-cie-la-bande-passante\">Audioblog Devenir &#8211; Cie La Bande Passante<\/a><\/strong> \u2728<\/p>\n<p><img loading=\"lazy\" decoding=\"async\" class=\"alignnone size-full wp-image-7480\" src=\"https:\/\/carreau-forbach.com\/app\/uploads\/2021\/04\/visuel_devenir.png\" alt=\"\" width=\"3024\" height=\"3198\" srcset=\"https:\/\/carreau-forbach.com\/app\/uploads\/2021\/04\/visuel_devenir.png 3024w, https:\/\/carreau-forbach.com\/app\/uploads\/2021\/04\/visuel_devenir-284x300.png 284w, https:\/\/carreau-forbach.com\/app\/uploads\/2021\/04\/visuel_devenir-768x812.png 768w, https:\/\/carreau-forbach.com\/app\/uploads\/2021\/04\/visuel_devenir-968x1024.png 968w\" sizes=\"auto, (max-width: 3024px) 100vw, 3024px\" \/><\/p>\n<blockquote><p><span class=\"aCOpRe\">\u00a9<\/span> Cie La Bande Passante<\/p><\/blockquote>\n","protected":false},"excerpt":{"rendered":"<p>Le Carreau startet seine H\u00f6rstation auf Arte Radio! Entdecken Sie Tonaufnahmen, Berichte, Interviews in enger Zusammenarbeit mit K\u00fcnstler*innen, die e Carreau begleitet, und \/ oder eingeladenen K\u00fcnstler*innen, Zuschauer*innen, Journalist*innen &#8230; \u00fcber die Spielzeiten hinweg! Jeder Audioblog entspricht einem Projekt. Auf dieser Seite finden Sie die Liste aller zu dieser H\u00f6rstation geh\u00f6renden Audioblogs. Wir freuen uns, &hellip; <a href=\"https:\/\/carreau-forbach.com\/de\/station-decoute-du-carreau\/\">Continued<\/a><\/p>\n","protected":false},"author":1,"featured_media":7530,"parent":0,"menu_order":0,"comment_status":"closed","ping_status":"closed","template":"","meta":{"_acf_changed":false,"footnotes":""},"class_list":["post-7478","page","type-page","status-publish","has-post-thumbnail","hentry"],"acf":[],"yoast_head":"<title>H\u00f6rstation von Le Carreau - Le Carreau<\/title>\n<meta name=\"robots\" content=\"index, follow, max-snippet:-1, max-image-preview:large, max-video-preview:-1\" \/>\n<link rel=\"canonical\" href=\"https:\/\/carreau-forbach.com\/station-decoute-du-carreau\/\" \/>\n<meta property=\"og:locale\" content=\"de_DE\" \/>\n<meta property=\"og:type\" content=\"article\" \/>\n<meta property=\"og:title\" content=\"H\u00f6rstation von Le Carreau - Le Carreau\" \/>\n<meta property=\"og:description\" content=\"Le Carreau startet seine H\u00f6rstation auf Arte Radio! Entdecken Sie Tonaufnahmen, Berichte, Interviews in enger Zusammenarbeit mit K\u00fcnstler*innen, die e Carreau begleitet, und \/ oder eingeladenen K\u00fcnstler*innen, Zuschauer*innen, Journalist*innen &#8230; \u00fcber die Spielzeiten hinweg! Jeder Audioblog entspricht einem Projekt. Auf dieser Seite finden Sie die Liste aller zu dieser H\u00f6rstation geh\u00f6renden Audioblogs. Wir freuen uns, &hellip; Continued\" \/>\n<meta property=\"og:url\" content=\"https:\/\/carreau-forbach.com\/station-decoute-du-carreau\/\" \/>\n<meta property=\"og:site_name\" content=\"Le Carreau\" \/>\n<meta property=\"article:modified_time\" content=\"2021-04-30T16:33:43+00:00\" \/>\n<meta property=\"og:image\" content=\"https:\/\/carreau-forbach.com\/app\/uploads\/2021\/04\/radio-2974649_1920.jpg\" \/>\n\t<meta property=\"og:image:width\" content=\"1920\" \/>\n\t<meta property=\"og:image:height\" content=\"1280\" \/>\n\t<meta property=\"og:image:type\" content=\"image\/jpeg\" \/>\n<meta name=\"twitter:card\" content=\"summary_large_image\" \/>\n<script type=\"application\/ld+json\" class=\"yoast-schema-graph\">{\"@context\":\"https:\/\/schema.org\",\"@graph\":[{\"@type\":\"WebPage\",\"@id\":\"https:\/\/carreau-forbach.com\/station-decoute-du-carreau\/\",\"url\":\"https:\/\/carreau-forbach.com\/station-decoute-du-carreau\/\",\"name\":\"H\u00f6rstation von Le Carreau - Le Carreau\",\"isPartOf\":{\"@id\":\"https:\/\/carreau-forbach.com\/#website\"},\"primaryImageOfPage\":{\"@id\":\"https:\/\/carreau-forbach.com\/station-decoute-du-carreau\/#primaryimage\"},\"image\":{\"@id\":\"https:\/\/carreau-forbach.com\/station-decoute-du-carreau\/#primaryimage\"},\"thumbnailUrl\":\"https:\/\/carreau-forbach.com\/app\/uploads\/2021\/04\/radio-2974649_1920.jpg\",\"datePublished\":\"2021-04-28T16:06:25+00:00\",\"dateModified\":\"2021-04-30T16:33:43+00:00\",\"breadcrumb\":{\"@id\":\"https:\/\/carreau-forbach.com\/station-decoute-du-carreau\/#breadcrumb\"},\"inLanguage\":\"de-DE\",\"potentialAction\":[{\"@type\":\"ReadAction\",\"target\":[\"https:\/\/carreau-forbach.com\/station-decoute-du-carreau\/\"]}]},{\"@type\":\"ImageObject\",\"inLanguage\":\"de-DE\",\"@id\":\"https:\/\/carreau-forbach.com\/station-decoute-du-carreau\/#primaryimage\",\"url\":\"https:\/\/carreau-forbach.com\/app\/uploads\/2021\/04\/radio-2974649_1920.jpg\",\"contentUrl\":\"https:\/\/carreau-forbach.com\/app\/uploads\/2021\/04\/radio-2974649_1920.jpg\",\"width\":1920,\"height\":1280},{\"@type\":\"BreadcrumbList\",\"@id\":\"https:\/\/carreau-forbach.com\/station-decoute-du-carreau\/#breadcrumb\",\"itemListElement\":[{\"@type\":\"ListItem\",\"position\":1,\"name\":\"Home\",\"item\":\"https:\/\/carreau-forbach.com\/de\/\"},{\"@type\":\"ListItem\",\"position\":2,\"name\":\"H\u00f6rstation von Le Carreau\"}]},{\"@type\":\"WebSite\",\"@id\":\"https:\/\/carreau-forbach.com\/#website\",\"url\":\"https:\/\/carreau-forbach.com\/\",\"name\":\"Le Carreau\",\"description\":\"Sc\u00e8ne nationale de Forbach et de l&#039;Est mosellan\",\"potentialAction\":[{\"@type\":\"SearchAction\",\"target\":{\"@type\":\"EntryPoint\",\"urlTemplate\":\"https:\/\/carreau-forbach.com\/?s={search_term_string}\"},\"query-input\":{\"@type\":\"PropertyValueSpecification\",\"valueRequired\":true,\"valueName\":\"search_term_string\"}}],\"inLanguage\":\"de-DE\"}]}<\/script>","yoast_head_json":{"title":"H\u00f6rstation von Le Carreau - Le Carreau","robots":{"index":"index","follow":"follow","max-snippet":"max-snippet:-1","max-image-preview":"max-image-preview:large","max-video-preview":"max-video-preview:-1"},"canonical":"https:\/\/carreau-forbach.com\/station-decoute-du-carreau\/","og_locale":"de_DE","og_type":"article","og_title":"H\u00f6rstation von Le Carreau - Le Carreau","og_description":"Le Carreau startet seine H\u00f6rstation auf Arte Radio! Entdecken Sie Tonaufnahmen, Berichte, Interviews in enger Zusammenarbeit mit K\u00fcnstler*innen, die e Carreau begleitet, und \/ oder eingeladenen K\u00fcnstler*innen, Zuschauer*innen, Journalist*innen &#8230; \u00fcber die Spielzeiten hinweg! Jeder Audioblog entspricht einem Projekt. Auf dieser Seite finden Sie die Liste aller zu dieser H\u00f6rstation geh\u00f6renden Audioblogs. Wir freuen uns, &hellip; Continued","og_url":"https:\/\/carreau-forbach.com\/station-decoute-du-carreau\/","og_site_name":"Le Carreau","article_modified_time":"2021-04-30T16:33:43+00:00","og_image":[{"width":1920,"height":1280,"url":"https:\/\/carreau-forbach.com\/app\/uploads\/2021\/04\/radio-2974649_1920.jpg","type":"image\/jpeg"}],"twitter_card":"summary_large_image","schema":{"@context":"https:\/\/schema.org","@graph":[{"@type":"WebPage","@id":"https:\/\/carreau-forbach.com\/station-decoute-du-carreau\/","url":"https:\/\/carreau-forbach.com\/station-decoute-du-carreau\/","name":"H\u00f6rstation von Le Carreau - Le Carreau","isPartOf":{"@id":"https:\/\/carreau-forbach.com\/#website"},"primaryImageOfPage":{"@id":"https:\/\/carreau-forbach.com\/station-decoute-du-carreau\/#primaryimage"},"image":{"@id":"https:\/\/carreau-forbach.com\/station-decoute-du-carreau\/#primaryimage"},"thumbnailUrl":"https:\/\/carreau-forbach.com\/app\/uploads\/2021\/04\/radio-2974649_1920.jpg","datePublished":"2021-04-28T16:06:25+00:00","dateModified":"2021-04-30T16:33:43+00:00","breadcrumb":{"@id":"https:\/\/carreau-forbach.com\/station-decoute-du-carreau\/#breadcrumb"},"inLanguage":"de-DE","potentialAction":[{"@type":"ReadAction","target":["https:\/\/carreau-forbach.com\/station-decoute-du-carreau\/"]}]},{"@type":"ImageObject","inLanguage":"de-DE","@id":"https:\/\/carreau-forbach.com\/station-decoute-du-carreau\/#primaryimage","url":"https:\/\/carreau-forbach.com\/app\/uploads\/2021\/04\/radio-2974649_1920.jpg","contentUrl":"https:\/\/carreau-forbach.com\/app\/uploads\/2021\/04\/radio-2974649_1920.jpg","width":1920,"height":1280},{"@type":"BreadcrumbList","@id":"https:\/\/carreau-forbach.com\/station-decoute-du-carreau\/#breadcrumb","itemListElement":[{"@type":"ListItem","position":1,"name":"Home","item":"https:\/\/carreau-forbach.com\/de\/"},{"@type":"ListItem","position":2,"name":"H\u00f6rstation von Le Carreau"}]},{"@type":"WebSite","@id":"https:\/\/carreau-forbach.com\/#website","url":"https:\/\/carreau-forbach.com\/","name":"Le Carreau","description":"Sc\u00e8ne nationale de Forbach et de l&#039;Est mosellan","potentialAction":[{"@type":"SearchAction","target":{"@type":"EntryPoint","urlTemplate":"https:\/\/carreau-forbach.com\/?s={search_term_string}"},"query-input":{"@type":"PropertyValueSpecification","valueRequired":true,"valueName":"search_term_string"}}],"inLanguage":"de-DE"}]}},"_links":{"self":[{"href":"https:\/\/carreau-forbach.com\/de\/wp-json\/wp\/v2\/pages\/7478","targetHints":{"allow":["GET"]}}],"collection":[{"href":"https:\/\/carreau-forbach.com\/de\/wp-json\/wp\/v2\/pages"}],"about":[{"href":"https:\/\/carreau-forbach.com\/de\/wp-json\/wp\/v2\/types\/page"}],"author":[{"embeddable":true,"href":"https:\/\/carreau-forbach.com\/de\/wp-json\/wp\/v2\/users\/1"}],"replies":[{"embeddable":true,"href":"https:\/\/carreau-forbach.com\/de\/wp-json\/wp\/v2\/comments?post=7478"}],"version-history":[{"count":9,"href":"https:\/\/carreau-forbach.com\/de\/wp-json\/wp\/v2\/pages\/7478\/revisions"}],"predecessor-version":[{"id":7528,"href":"https:\/\/carreau-forbach.com\/de\/wp-json\/wp\/v2\/pages\/7478\/revisions\/7528"}],"wp:featuredmedia":[{"embeddable":true,"href":"https:\/\/carreau-forbach.com\/de\/wp-json\/wp\/v2\/media\/7530"}],"wp:attachment":[{"href":"https:\/\/carreau-forbach.com\/de\/wp-json\/wp\/v2\/media?parent=7478"}],"curies":[{"name":"wp","href":"https:\/\/api.w.org\/{rel}","templated":true}]}}