{"id":7414,"date":"2021-03-18T18:08:04","date_gmt":"2021-03-18T17:08:04","guid":{"rendered":"https:\/\/carreau-forbach.com\/?page_id=7414"},"modified":"2021-04-06T17:02:40","modified_gmt":"2021-04-06T15:02:40","slug":"beleben-wir-die-theater-wieder","status":"publish","type":"page","link":"https:\/\/carreau-forbach.com\/de\/beleben-wir-die-theater-wieder\/","title":{"rendered":"Beleben wir die Theater wieder!"},"content":{"rendered":"<h4><strong>\ud83c\udf3a<\/strong> <strong>LE PRINTEMPS EST INEXORABLE*<\/strong><br \/>\n(DER FR\u00dcHLING IST Unvermeidlich)<\/h4>\n<p>&nbsp;<\/p>\n<p>Le Carreau schlie\u00dft sich der landesweiten Bewegung an, die eine Wiederer\u00f6ffnung unserer Orte f\u00fcr das Publikum fordert und deren Motto ,,<strong>Gr\u00fcnes Licht f\u00fcr die Kultur<\/strong>&#8221; lautet.<\/p>\n<p>Seit einem Jahr k\u00f6nnen wir nicht mehr gemeinsam ins Theater gehen. Wir m\u00f6chten uns beim Publikum f\u00fcr seine unerm\u00fcdliche Unterst\u00fctzung bedanken, die es uns trotz der Tatsache, dass wir nicht zusammenkommen k\u00f6nnen, entgegenbringt. Deshalb schlagen wir Ihnen in Zusammenarbeit mit dem Zuschauerverein des Le Carreau vor, sich an der folgenden Aktion zu beteiligen:<\/p>\n<p>&nbsp;<\/p>\n<h4 style=\"text-align: center;\">BELEBEN WIR DIE THEATER WIEDER!<br \/>\n&gt; bis zum 30. April<\/h4>\n<p>&nbsp;<\/p>\n<p>Die Idee ist, dass jeder unseren verlassenen Ort symbolisch wiederbelebt. Schicken Sie uns einen Gegenstand, ein Bild, einen Text, der Ihre Verbundenheit mit der Sc\u00e8ne nationale zeigt! Und sagen Sie uns, an welchem Ort im Theater Sie dieses Objekt gerne plaziert haben m\u00f6chten&#8230;<br \/>\nUm uns Ihre Gegenst\u00e4nde zukommen zu lassen, z\u00f6gern Sie nicht, sie an uns zu schicken oder sie direkt an der Rezeption von Le Carreau abzugeben (montags bis freitags, von 14 bis 17 Uhr).<\/p>\n<p>Wir werden Sie regelm\u00e4\u00dfig \u00fcber die Entwicklung des Projekts auf dem Laufenden halten.<\/p>\n<p>&nbsp;<\/p>\n<h5 style=\"text-align: center;\"><strong>\u2728 <\/strong>Wir freuen uns, Sie in Form dieser Anwesenheiten wiederzutreffen. Und ungeduldig warten wir darauf, Sie pers\u00f6nlich wiederzusehen! <strong>\u2728 <\/strong><\/h5>\n<p>&nbsp;<\/p>\n<p><img loading=\"lazy\" decoding=\"async\" class=\"alignnone size-full wp-image-7416\" src=\"https:\/\/carreau-forbach.com\/app\/uploads\/2021\/03\/IMG_20210318_165542.jpg\" alt=\"\" width=\"4608\" height=\"3456\" srcset=\"https:\/\/carreau-forbach.com\/app\/uploads\/2021\/03\/IMG_20210318_165542.jpg 4608w, https:\/\/carreau-forbach.com\/app\/uploads\/2021\/03\/IMG_20210318_165542-300x225.jpg 300w, https:\/\/carreau-forbach.com\/app\/uploads\/2021\/03\/IMG_20210318_165542-768x576.jpg 768w, https:\/\/carreau-forbach.com\/app\/uploads\/2021\/03\/IMG_20210318_165542-1024x768.jpg 1024w\" sizes=\"auto, (max-width: 4608px) 100vw, 4608px\" \/><\/p>\n<p>&nbsp;<\/p>\n<blockquote><p>* Pablo Neruda<\/p><\/blockquote>\n<p>&nbsp;<\/p>\n","protected":false},"excerpt":{"rendered":"<p>\ud83c\udf3a LE PRINTEMPS EST INEXORABLE* (DER FR\u00dcHLING IST Unvermeidlich) &nbsp; Le Carreau schlie\u00dft sich der landesweiten Bewegung an, die eine Wiederer\u00f6ffnung unserer Orte f\u00fcr das Publikum fordert und deren Motto ,,Gr\u00fcnes Licht f\u00fcr die Kultur&#8221; lautet. Seit einem Jahr k\u00f6nnen wir nicht mehr gemeinsam ins Theater gehen. Wir m\u00f6chten uns beim Publikum f\u00fcr seine unerm\u00fcdliche &hellip; <a href=\"https:\/\/carreau-forbach.com\/de\/beleben-wir-die-theater-wieder\/\">Continued<\/a><\/p>\n","protected":false},"author":1,"featured_media":7416,"parent":0,"menu_order":0,"comment_status":"closed","ping_status":"closed","template":"","meta":{"_acf_changed":false,"footnotes":""},"class_list":["post-7414","page","type-page","status-publish","has-post-thumbnail","hentry"],"acf":[],"yoast_head":"<title>Beleben wir die Theater wieder! - Le Carreau<\/title>\n<meta name=\"robots\" content=\"index, follow, max-snippet:-1, max-image-preview:large, max-video-preview:-1\" \/>\n<link rel=\"canonical\" href=\"https:\/\/carreau-forbach.com\/re-peuplons-les-theatres\/\" \/>\n<meta property=\"og:locale\" content=\"de_DE\" \/>\n<meta property=\"og:type\" content=\"article\" \/>\n<meta property=\"og:title\" content=\"Beleben wir die Theater wieder! - Le Carreau\" \/>\n<meta property=\"og:description\" content=\"\ud83c\udf3a LE PRINTEMPS EST INEXORABLE* (DER FR\u00dcHLING IST Unvermeidlich) &nbsp; Le Carreau schlie\u00dft sich der landesweiten Bewegung an, die eine Wiederer\u00f6ffnung unserer Orte f\u00fcr das Publikum fordert und deren Motto ,,Gr\u00fcnes Licht f\u00fcr die Kultur&#8221; lautet. Seit einem Jahr k\u00f6nnen wir nicht mehr gemeinsam ins Theater gehen. Wir m\u00f6chten uns beim Publikum f\u00fcr seine unerm\u00fcdliche &hellip; Continued\" \/>\n<meta property=\"og:url\" content=\"https:\/\/carreau-forbach.com\/re-peuplons-les-theatres\/\" \/>\n<meta property=\"og:site_name\" content=\"Le Carreau\" \/>\n<meta property=\"article:modified_time\" content=\"2021-04-06T15:02:40+00:00\" \/>\n<meta property=\"og:image\" content=\"https:\/\/carreau-forbach.com\/app\/uploads\/2021\/03\/IMG_20210318_165542-1024x768.jpg\" \/>\n\t<meta property=\"og:image:width\" content=\"1024\" \/>\n\t<meta property=\"og:image:height\" content=\"768\" \/>\n\t<meta property=\"og:image:type\" content=\"image\/jpeg\" \/>\n<meta name=\"twitter:card\" content=\"summary_large_image\" \/>\n<meta name=\"twitter:label1\" content=\"Est. reading time\" \/>\n\t<meta name=\"twitter:data1\" content=\"1 minute\" \/>\n<script type=\"application\/ld+json\" class=\"yoast-schema-graph\">{\"@context\":\"https:\/\/schema.org\",\"@graph\":[{\"@type\":\"WebPage\",\"@id\":\"https:\/\/carreau-forbach.com\/re-peuplons-les-theatres\/\",\"url\":\"https:\/\/carreau-forbach.com\/re-peuplons-les-theatres\/\",\"name\":\"Beleben wir die Theater wieder! - Le Carreau\",\"isPartOf\":{\"@id\":\"https:\/\/carreau-forbach.com\/#website\"},\"primaryImageOfPage\":{\"@id\":\"https:\/\/carreau-forbach.com\/re-peuplons-les-theatres\/#primaryimage\"},\"image\":{\"@id\":\"https:\/\/carreau-forbach.com\/re-peuplons-les-theatres\/#primaryimage\"},\"thumbnailUrl\":\"https:\/\/carreau-forbach.com\/app\/uploads\/2021\/03\/IMG_20210318_165542.jpg\",\"datePublished\":\"2021-03-18T17:08:04+00:00\",\"dateModified\":\"2021-04-06T15:02:40+00:00\",\"breadcrumb\":{\"@id\":\"https:\/\/carreau-forbach.com\/re-peuplons-les-theatres\/#breadcrumb\"},\"inLanguage\":\"de-DE\",\"potentialAction\":[{\"@type\":\"ReadAction\",\"target\":[\"https:\/\/carreau-forbach.com\/re-peuplons-les-theatres\/\"]}]},{\"@type\":\"ImageObject\",\"inLanguage\":\"de-DE\",\"@id\":\"https:\/\/carreau-forbach.com\/re-peuplons-les-theatres\/#primaryimage\",\"url\":\"https:\/\/carreau-forbach.com\/app\/uploads\/2021\/03\/IMG_20210318_165542.jpg\",\"contentUrl\":\"https:\/\/carreau-forbach.com\/app\/uploads\/2021\/03\/IMG_20210318_165542.jpg\",\"width\":4608,\"height\":3456},{\"@type\":\"BreadcrumbList\",\"@id\":\"https:\/\/carreau-forbach.com\/re-peuplons-les-theatres\/#breadcrumb\",\"itemListElement\":[{\"@type\":\"ListItem\",\"position\":1,\"name\":\"Home\",\"item\":\"https:\/\/carreau-forbach.com\/de\/\"},{\"@type\":\"ListItem\",\"position\":2,\"name\":\"Beleben wir die Theater wieder!\"}]},{\"@type\":\"WebSite\",\"@id\":\"https:\/\/carreau-forbach.com\/#website\",\"url\":\"https:\/\/carreau-forbach.com\/\",\"name\":\"Le Carreau\",\"description\":\"Sc\u00e8ne nationale de Forbach et de l&#039;Est mosellan\",\"potentialAction\":[{\"@type\":\"SearchAction\",\"target\":{\"@type\":\"EntryPoint\",\"urlTemplate\":\"https:\/\/carreau-forbach.com\/?s={search_term_string}\"},\"query-input\":{\"@type\":\"PropertyValueSpecification\",\"valueRequired\":true,\"valueName\":\"search_term_string\"}}],\"inLanguage\":\"de-DE\"}]}<\/script>","yoast_head_json":{"title":"Beleben wir die Theater wieder! - Le Carreau","robots":{"index":"index","follow":"follow","max-snippet":"max-snippet:-1","max-image-preview":"max-image-preview:large","max-video-preview":"max-video-preview:-1"},"canonical":"https:\/\/carreau-forbach.com\/re-peuplons-les-theatres\/","og_locale":"de_DE","og_type":"article","og_title":"Beleben wir die Theater wieder! - Le Carreau","og_description":"\ud83c\udf3a LE PRINTEMPS EST INEXORABLE* (DER FR\u00dcHLING IST Unvermeidlich) &nbsp; Le Carreau schlie\u00dft sich der landesweiten Bewegung an, die eine Wiederer\u00f6ffnung unserer Orte f\u00fcr das Publikum fordert und deren Motto ,,Gr\u00fcnes Licht f\u00fcr die Kultur&#8221; lautet. Seit einem Jahr k\u00f6nnen wir nicht mehr gemeinsam ins Theater gehen. Wir m\u00f6chten uns beim Publikum f\u00fcr seine unerm\u00fcdliche &hellip; Continued","og_url":"https:\/\/carreau-forbach.com\/re-peuplons-les-theatres\/","og_site_name":"Le Carreau","article_modified_time":"2021-04-06T15:02:40+00:00","og_image":[{"width":1024,"height":768,"url":"https:\/\/carreau-forbach.com\/app\/uploads\/2021\/03\/IMG_20210318_165542-1024x768.jpg","type":"image\/jpeg"}],"twitter_card":"summary_large_image","twitter_misc":{"Est. reading time":"1 minute"},"schema":{"@context":"https:\/\/schema.org","@graph":[{"@type":"WebPage","@id":"https:\/\/carreau-forbach.com\/re-peuplons-les-theatres\/","url":"https:\/\/carreau-forbach.com\/re-peuplons-les-theatres\/","name":"Beleben wir die Theater wieder! - Le Carreau","isPartOf":{"@id":"https:\/\/carreau-forbach.com\/#website"},"primaryImageOfPage":{"@id":"https:\/\/carreau-forbach.com\/re-peuplons-les-theatres\/#primaryimage"},"image":{"@id":"https:\/\/carreau-forbach.com\/re-peuplons-les-theatres\/#primaryimage"},"thumbnailUrl":"https:\/\/carreau-forbach.com\/app\/uploads\/2021\/03\/IMG_20210318_165542.jpg","datePublished":"2021-03-18T17:08:04+00:00","dateModified":"2021-04-06T15:02:40+00:00","breadcrumb":{"@id":"https:\/\/carreau-forbach.com\/re-peuplons-les-theatres\/#breadcrumb"},"inLanguage":"de-DE","potentialAction":[{"@type":"ReadAction","target":["https:\/\/carreau-forbach.com\/re-peuplons-les-theatres\/"]}]},{"@type":"ImageObject","inLanguage":"de-DE","@id":"https:\/\/carreau-forbach.com\/re-peuplons-les-theatres\/#primaryimage","url":"https:\/\/carreau-forbach.com\/app\/uploads\/2021\/03\/IMG_20210318_165542.jpg","contentUrl":"https:\/\/carreau-forbach.com\/app\/uploads\/2021\/03\/IMG_20210318_165542.jpg","width":4608,"height":3456},{"@type":"BreadcrumbList","@id":"https:\/\/carreau-forbach.com\/re-peuplons-les-theatres\/#breadcrumb","itemListElement":[{"@type":"ListItem","position":1,"name":"Home","item":"https:\/\/carreau-forbach.com\/de\/"},{"@type":"ListItem","position":2,"name":"Beleben wir die Theater wieder!"}]},{"@type":"WebSite","@id":"https:\/\/carreau-forbach.com\/#website","url":"https:\/\/carreau-forbach.com\/","name":"Le Carreau","description":"Sc\u00e8ne nationale de Forbach et de l&#039;Est mosellan","potentialAction":[{"@type":"SearchAction","target":{"@type":"EntryPoint","urlTemplate":"https:\/\/carreau-forbach.com\/?s={search_term_string}"},"query-input":{"@type":"PropertyValueSpecification","valueRequired":true,"valueName":"search_term_string"}}],"inLanguage":"de-DE"}]}},"_links":{"self":[{"href":"https:\/\/carreau-forbach.com\/de\/wp-json\/wp\/v2\/pages\/7414","targetHints":{"allow":["GET"]}}],"collection":[{"href":"https:\/\/carreau-forbach.com\/de\/wp-json\/wp\/v2\/pages"}],"about":[{"href":"https:\/\/carreau-forbach.com\/de\/wp-json\/wp\/v2\/types\/page"}],"author":[{"embeddable":true,"href":"https:\/\/carreau-forbach.com\/de\/wp-json\/wp\/v2\/users\/1"}],"replies":[{"embeddable":true,"href":"https:\/\/carreau-forbach.com\/de\/wp-json\/wp\/v2\/comments?post=7414"}],"version-history":[{"count":5,"href":"https:\/\/carreau-forbach.com\/de\/wp-json\/wp\/v2\/pages\/7414\/revisions"}],"predecessor-version":[{"id":7446,"href":"https:\/\/carreau-forbach.com\/de\/wp-json\/wp\/v2\/pages\/7414\/revisions\/7446"}],"wp:featuredmedia":[{"embeddable":true,"href":"https:\/\/carreau-forbach.com\/de\/wp-json\/wp\/v2\/media\/7416"}],"wp:attachment":[{"href":"https:\/\/carreau-forbach.com\/de\/wp-json\/wp\/v2\/media?parent=7414"}],"curies":[{"name":"wp","href":"https:\/\/api.w.org\/{rel}","templated":true}]}}