{"id":7404,"date":"2021-03-16T09:54:41","date_gmt":"2021-03-16T08:54:41","guid":{"rendered":"https:\/\/carreau-forbach.com\/?page_id=7404"},"modified":"2026-02-05T11:38:47","modified_gmt":"2026-02-05T10:38:47","slug":"das-team","status":"publish","type":"page","link":"https:\/\/carreau-forbach.com\/de\/das-team\/","title":{"rendered":"Das Team"},"content":{"rendered":"<h4>Roxanne Augsburger<\/h4>\n<p><span id=\"page714R_mcid5630\" class=\"markedContent\"><span dir=\"ltr\" role=\"presentation\">Empfang und Theaterkasse \u2013 <\/span><\/span><span id=\"page714R_mcid5631\" class=\"markedContent\"><span dir=\"ltr\" role=\"presentation\">Arbeitgeberverband GEODES<\/span><\/span><br \/>\n<a href=\"mailto:billetterie@carreau-forbach.com\">billetterie@carreau-forbach.com<\/a><\/p>\n<p>&nbsp;<\/p>\n<h4>Cl\u00e9mence Brandenbourger<\/h4>\n<p><span id=\"page714R_mcid5654\" class=\"markedContent\"><span dir=\"ltr\" role=\"presentation\">Deutsch-<\/span><\/span><span id=\"page714R_mcid5655\" class=\"markedContent\"><span dir=\"ltr\" role=\"presentation\">franz<\/span><span class=\"markedContent\"><span dir=\"ltr\" role=\"presentation\">\u00f6<\/span><\/span><span dir=\"ltr\" role=\"presentation\">sische Kommunikation und Pressearbeit<\/span><\/span><br \/>\n<a href=\"mailto:communication@carreau-forbach.com\">communication@carreau-forbach.com<\/a><\/p>\n<p>&nbsp;<\/p>\n<h4>Maxime Haag<\/h4>\n<p><span id=\"page714R_mcid5658\" class=\"markedContent\"><span dir=\"ltr\" role=\"presentation\">Technischer Leiter<\/span><\/span><br \/>\n<a href=\"mailto:technique@carreau-forbach.com\">technique@carreau-forbach.com<\/a><\/p>\n<p>&nbsp;<\/p>\n<p><strong>\u00c9lise Killian\u00a0<\/strong><\/p>\n<p><span id=\"page714R_mcid5663\" class=\"markedContent\"><span dir=\"ltr\" role=\"presentation\"><span id=\"page714R_mcid5635\" class=\"markedContent\">Azubi f\u00fcr <\/span><span id=\"page714R_mcid5636\" class=\"markedContent\">\u00d6ffentlichkeitsarbeit und Kommunikation<\/span><br \/>\n<a href=\"mailto:apprenti@carreau-forbach.com\">apprenti@carreau-forbach.com<\/a><\/span><\/span><\/p>\n<p>&nbsp;<\/p>\n<h4>Nicolas Le Potier<\/h4>\n<p><span id=\"page714R_mcid5665\" class=\"markedContent\"><span dir=\"ltr\" role=\"presentation\">Stellvertretender Direktor &#8211; Kommissarische Gesch\u00e4ftsf\u00fchrung\u00a0<\/span><\/span><br \/>\n<a href=\"mailto:direction.adjoint@carreau-forbach.com\">direction.adjoint@carreau-forbach.com<\/a><\/p>\n<p>&nbsp;<\/p>\n<h4>N.N<\/h4>\n<p>Direktor*in<\/p>\n<p>&nbsp;<\/p>\n<h4>Fa\u00efza Philippe ersetzt durch Leeanne Liehn<\/h4>\n<p><span id=\"page714R_mcid5679\" class=\"markedContent\"><span dir=\"ltr\" role=\"presentation\">Allgemeine Information, Garderobiere, <\/span><\/span><span id=\"page714R_mcid5680\" class=\"markedContent\"><span dir=\"ltr\" role=\"presentation\">\u00d6ffentlichkeitsarbeit<\/span><\/span><br \/>\n<a href=\"mailto:diffusion@carreau-forbach.com\">diffusion@carreau-forbach.com<\/a><\/p>\n<p>&nbsp;<\/p>\n<h4>Cindy Primierollo<\/h4>\n<p><span id=\"page714R_mcid5684\" class=\"markedContent\"><span dir=\"ltr\" role=\"presentation\">Leiterin der <\/span><span class=\"markedContent\"><span dir=\"ltr\" role=\"presentation\">\u00d6<\/span><\/span><span dir=\"ltr\" role=\"presentation\">ffentlichkeitsarbeit<\/span><\/span><br \/>\n<a href=\"mailto:rp@carreau-forbach.com\">rp@carreau-forbach.com<\/a><\/p>\n<p>&nbsp;<\/p>\n<h4>S\u00e9bastien Schafer<\/h4>\n<p><span id=\"page714R_mcid5687\" class=\"markedContent\"><span dir=\"ltr\" role=\"presentation\">Techniker<\/span><\/span><br \/>\n<a href=\"mailto:technique2@carreau-forbach.com\">technique2@carreau-forbach.com<\/a><\/p>\n<p>&nbsp;<\/p>\n<h4>Nicolas Scherer<\/h4>\n<p><span id=\"page714R_mcid5691\" class=\"markedContent\"><span dir=\"ltr\" role=\"presentation\">B<\/span><span class=\"markedContent\"><span dir=\"ltr\" role=\"presentation\">\u00fc<\/span><\/span><span dir=\"ltr\" role=\"presentation\">hnentechniker <\/span><\/span><span id=\"page714R_mcid5692\" class=\"markedContent\"><span dir=\"ltr\" role=\"presentation\">Arbeitgeberverband GEODES<\/span><\/span><br \/>\n<a href=\"mailto:technique2@carreau-forbach.com\">technique2@carreau-forbach.com<\/a><\/p>\n<p>&nbsp;<\/p>\n<h4><span id=\"page714R_mcid5660\" class=\"markedContent\"><span dir=\"ltr\" role=\"presentation\">Laila<\/span><\/span> Schulz<\/h4>\n<p><span id=\"page714R_mcid5662\" class=\"markedContent\"><span dir=\"ltr\" role=\"presentation\">Deutsch-franz<\/span><span class=\"markedContent\"><span dir=\"ltr\" role=\"presentation\">\u00f6<\/span><\/span><span dir=\"ltr\" role=\"presentation\">sische Freiwillige<\/span><\/span><br \/>\n<a href=\"mailto:geodes@carreau-forbach.com\"><span id=\"page714R_mcid5663\" class=\"markedContent\"><span dir=\"ltr\" role=\"presentation\">geodes@carreau-forbach.com<\/span><\/span><\/a><\/p>\n<p>&nbsp;<\/p>\n<h4>Farida Seidelmann<\/h4>\n<p><span id=\"page714R_mcid5695\" class=\"markedContent\"><span dir=\"ltr\" role=\"presentation\">Leitung Verwaltung<\/span><\/span><br \/>\n<a href=\"mailto:gestion@carreau-forbach.com\">gestion@carreau-forbach.com<\/a><\/p>\n<p>&nbsp;<\/p>\n<h4><strong>Marjorie Tonnelier<\/strong><\/h4>\n<p>Vermittelnde Lehrkraft<\/p>\n<p><a href=\"mailto:Marjorie.Tonnelier@ac-nancy-metz.fr\">Marjorie.Tonnelier@ac-nancy-metz.fr<\/a><\/p>\n<p>&nbsp;<\/p>\n<h4><span id=\"page714R_mcid5698\" class=\"markedContent\"><span dir=\"ltr\" role=\"presentation\">Sowie das technische Personal <\/span><\/span><span id=\"page714R_mcid5698\" class=\"markedContent\">\u00a0<\/span><\/h4>\n<p>Nathalie Bemer, Bruno Berger, Colin Philippe, Kris Damm, Gilles De Metz, Lo\u00efc Depierreux, Jeanne Dreyer, J\u00e9r\u00e9my Ferry, Barbara Godfrin, Simon Guirlinger, Philippe Hariga, Nathalie Jacquemin, Maxime Klasen, Ce\u0301dric Lafrogne, Ste\u0301phane Levigneront, Luna Mass\u00e9, Franc\u0327ois Picard, Yannick Schaller, Michael Schaller, Julie Stephan-Drouain, Justine Valence<\/p>\n<p>Sowie Uli Menke fu\u0308r die U\u0308bertitelung der Vorstellungen.<br \/>\nUnd alle Praktikanten und Freiwillige, die mit uns arbeiten.<\/p>\n<p>&nbsp;<\/p>\n<h4><span id=\"page714R_mcid5713\" class=\"markedContent\"><span dir=\"ltr\" role=\"presentation\"><span id=\"page714R_mcid5714\" class=\"markedContent\">VEREINSVORSTAND <\/span><\/span><\/span><\/h4>\n<p><strong><span id=\"page714R_mcid5715\" class=\"markedContent\"><span dir=\"ltr\" role=\"presentation\">Romain Kotik <\/span><\/span><\/strong><span id=\"page714R_mcid5716\" class=\"markedContent\"><br role=\"presentation\" \/><\/span><span id=\"page714R_mcid5717\" class=\"markedContent\"><span id=\"page714R_mcid5716\" class=\"markedContent\"><span dir=\"ltr\" role=\"presentation\">Pr<\/span><span class=\"markedContent\"><span dir=\"ltr\" role=\"presentation\">\u00e4<\/span><\/span><span dir=\"ltr\" role=\"presentation\">sident<\/span><\/span><\/span><\/p>\n<p><span id=\"page714R_mcid5717\" class=\"markedContent\"><strong><span dir=\"ltr\" role=\"presentation\">Jo<\/span><span class=\"markedContent\"><span dir=\"ltr\" role=\"presentation\">\u00eb<\/span><\/span><span dir=\"ltr\" role=\"presentation\">lle Naquet <\/span><\/strong><\/span><span id=\"page714R_mcid5718\" class=\"markedContent\"><br role=\"presentation\" \/><\/span><span id=\"page714R_mcid5719\" class=\"markedContent\"><span id=\"page714R_mcid5718\" class=\"markedContent\"><span dir=\"ltr\" role=\"presentation\">Vizepr<\/span><span class=\"markedContent\"><span dir=\"ltr\" role=\"presentation\">\u00e4<\/span><\/span><span dir=\"ltr\" role=\"presentation\">sidentin<\/span><\/span><\/span><\/p>\n<p><strong><span id=\"page714R_mcid5719\" class=\"markedContent\"><span dir=\"ltr\" role=\"presentation\">Nadine Wenner <\/span><\/span><\/strong><span id=\"page714R_mcid5720\" class=\"markedContent\"><br role=\"presentation\" \/><\/span><span id=\"page714R_mcid5721\" class=\"markedContent\"><span id=\"page714R_mcid5720\" class=\"markedContent\"><span dir=\"ltr\" role=\"presentation\">Schatzmeisterin<\/span><\/span><\/span><\/p>\n<p><span id=\"page714R_mcid5722\" class=\"markedContent\"><strong>Rocco Saccucci<\/strong><br role=\"presentation\" \/><span dir=\"ltr\" role=\"presentation\"> Sekret<span class=\"markedContent\">\u00e4<\/span>r<\/span><\/span><\/p>\n","protected":false},"excerpt":{"rendered":"<p>Roxanne Augsburger Empfang und Theaterkasse \u2013 Arbeitgeberverband GEODES billetterie@carreau-forbach.com &nbsp; Cl\u00e9mence Brandenbourger Deutsch-franz\u00f6sische Kommunikation und Pressearbeit communication@carreau-forbach.com &nbsp; Maxime Haag Technischer Leiter technique@carreau-forbach.com &nbsp; \u00c9lise Killian\u00a0 Azubi f\u00fcr \u00d6ffentlichkeitsarbeit und Kommunikation apprenti@carreau-forbach.com &nbsp; Nicolas Le Potier Stellvertretender Direktor &#8211; Kommissarische Gesch\u00e4ftsf\u00fchrung\u00a0 direction.adjoint@carreau-forbach.com &nbsp; N.N Direktor*in &nbsp; Fa\u00efza Philippe ersetzt durch Leeanne Liehn Allgemeine Information, Garderobiere, &hellip; <a href=\"https:\/\/carreau-forbach.com\/de\/das-team\/\">Continued<\/a><\/p>\n","protected":false},"author":1,"featured_media":0,"parent":0,"menu_order":0,"comment_status":"closed","ping_status":"closed","template":"","meta":{"_acf_changed":false,"footnotes":""},"class_list":["post-7404","page","type-page","status-publish","hentry"],"acf":[],"yoast_head":"<title>Das Team - Le Carreau<\/title>\n<meta name=\"robots\" content=\"index, follow, max-snippet:-1, max-image-preview:large, max-video-preview:-1\" \/>\n<link rel=\"canonical\" href=\"https:\/\/carreau-forbach.com\/de\/das-team\/\" \/>\n<meta property=\"og:locale\" content=\"de_DE\" \/>\n<meta property=\"og:type\" content=\"article\" \/>\n<meta property=\"og:title\" content=\"Das Team - Le Carreau\" \/>\n<meta property=\"og:description\" content=\"Roxanne Augsburger Empfang und Theaterkasse \u2013 Arbeitgeberverband GEODES billetterie@carreau-forbach.com &nbsp; Cl\u00e9mence Brandenbourger Deutsch-franz\u00f6sische Kommunikation und Pressearbeit communication@carreau-forbach.com &nbsp; Maxime Haag Technischer Leiter technique@carreau-forbach.com &nbsp; \u00c9lise Killian\u00a0 Azubi f\u00fcr \u00d6ffentlichkeitsarbeit und Kommunikation apprenti@carreau-forbach.com &nbsp; Nicolas Le Potier Stellvertretender Direktor &#8211; Kommissarische Gesch\u00e4ftsf\u00fchrung\u00a0 direction.adjoint@carreau-forbach.com &nbsp; N.N Direktor*in &nbsp; Fa\u00efza Philippe ersetzt durch Leeanne Liehn Allgemeine Information, Garderobiere, &hellip; Continued\" \/>\n<meta property=\"og:url\" content=\"https:\/\/carreau-forbach.com\/de\/das-team\/\" \/>\n<meta property=\"og:site_name\" content=\"Le Carreau\" \/>\n<meta property=\"article:modified_time\" content=\"2026-02-05T10:38:47+00:00\" \/>\n<meta name=\"twitter:card\" content=\"summary_large_image\" \/>\n<meta name=\"twitter:label1\" content=\"Est. reading time\" \/>\n\t<meta name=\"twitter:data1\" content=\"1 minute\" \/>\n<script type=\"application\/ld+json\" class=\"yoast-schema-graph\">{\"@context\":\"https:\/\/schema.org\",\"@graph\":[{\"@type\":\"WebPage\",\"@id\":\"https:\/\/carreau-forbach.com\/de\/das-team\/\",\"url\":\"https:\/\/carreau-forbach.com\/de\/das-team\/\",\"name\":\"Das Team - Le Carreau\",\"isPartOf\":{\"@id\":\"https:\/\/carreau-forbach.com\/#website\"},\"datePublished\":\"2021-03-16T08:54:41+00:00\",\"dateModified\":\"2026-02-05T10:38:47+00:00\",\"breadcrumb\":{\"@id\":\"https:\/\/carreau-forbach.com\/de\/das-team\/#breadcrumb\"},\"inLanguage\":\"de-DE\",\"potentialAction\":[{\"@type\":\"ReadAction\",\"target\":[\"https:\/\/carreau-forbach.com\/de\/das-team\/\"]}]},{\"@type\":\"BreadcrumbList\",\"@id\":\"https:\/\/carreau-forbach.com\/de\/das-team\/#breadcrumb\",\"itemListElement\":[{\"@type\":\"ListItem\",\"position\":1,\"name\":\"Home\",\"item\":\"https:\/\/carreau-forbach.com\/de\/\"},{\"@type\":\"ListItem\",\"position\":2,\"name\":\"Das Team\"}]},{\"@type\":\"WebSite\",\"@id\":\"https:\/\/carreau-forbach.com\/#website\",\"url\":\"https:\/\/carreau-forbach.com\/\",\"name\":\"Le Carreau\",\"description\":\"Sc\u00e8ne nationale de Forbach et de l&#039;Est mosellan\",\"potentialAction\":[{\"@type\":\"SearchAction\",\"target\":{\"@type\":\"EntryPoint\",\"urlTemplate\":\"https:\/\/carreau-forbach.com\/?s={search_term_string}\"},\"query-input\":{\"@type\":\"PropertyValueSpecification\",\"valueRequired\":true,\"valueName\":\"search_term_string\"}}],\"inLanguage\":\"de-DE\"}]}<\/script>","yoast_head_json":{"title":"Das Team - Le Carreau","robots":{"index":"index","follow":"follow","max-snippet":"max-snippet:-1","max-image-preview":"max-image-preview:large","max-video-preview":"max-video-preview:-1"},"canonical":"https:\/\/carreau-forbach.com\/de\/das-team\/","og_locale":"de_DE","og_type":"article","og_title":"Das Team - Le Carreau","og_description":"Roxanne Augsburger Empfang und Theaterkasse \u2013 Arbeitgeberverband GEODES billetterie@carreau-forbach.com &nbsp; Cl\u00e9mence Brandenbourger Deutsch-franz\u00f6sische Kommunikation und Pressearbeit communication@carreau-forbach.com &nbsp; Maxime Haag Technischer Leiter technique@carreau-forbach.com &nbsp; \u00c9lise Killian\u00a0 Azubi f\u00fcr \u00d6ffentlichkeitsarbeit und Kommunikation apprenti@carreau-forbach.com &nbsp; Nicolas Le Potier Stellvertretender Direktor &#8211; Kommissarische Gesch\u00e4ftsf\u00fchrung\u00a0 direction.adjoint@carreau-forbach.com &nbsp; N.N Direktor*in &nbsp; Fa\u00efza Philippe ersetzt durch Leeanne Liehn Allgemeine Information, Garderobiere, &hellip; Continued","og_url":"https:\/\/carreau-forbach.com\/de\/das-team\/","og_site_name":"Le Carreau","article_modified_time":"2026-02-05T10:38:47+00:00","twitter_card":"summary_large_image","twitter_misc":{"Est. reading time":"1 minute"},"schema":{"@context":"https:\/\/schema.org","@graph":[{"@type":"WebPage","@id":"https:\/\/carreau-forbach.com\/de\/das-team\/","url":"https:\/\/carreau-forbach.com\/de\/das-team\/","name":"Das Team - Le Carreau","isPartOf":{"@id":"https:\/\/carreau-forbach.com\/#website"},"datePublished":"2021-03-16T08:54:41+00:00","dateModified":"2026-02-05T10:38:47+00:00","breadcrumb":{"@id":"https:\/\/carreau-forbach.com\/de\/das-team\/#breadcrumb"},"inLanguage":"de-DE","potentialAction":[{"@type":"ReadAction","target":["https:\/\/carreau-forbach.com\/de\/das-team\/"]}]},{"@type":"BreadcrumbList","@id":"https:\/\/carreau-forbach.com\/de\/das-team\/#breadcrumb","itemListElement":[{"@type":"ListItem","position":1,"name":"Home","item":"https:\/\/carreau-forbach.com\/de\/"},{"@type":"ListItem","position":2,"name":"Das Team"}]},{"@type":"WebSite","@id":"https:\/\/carreau-forbach.com\/#website","url":"https:\/\/carreau-forbach.com\/","name":"Le Carreau","description":"Sc\u00e8ne nationale de Forbach et de l&#039;Est mosellan","potentialAction":[{"@type":"SearchAction","target":{"@type":"EntryPoint","urlTemplate":"https:\/\/carreau-forbach.com\/?s={search_term_string}"},"query-input":{"@type":"PropertyValueSpecification","valueRequired":true,"valueName":"search_term_string"}}],"inLanguage":"de-DE"}]}},"_links":{"self":[{"href":"https:\/\/carreau-forbach.com\/de\/wp-json\/wp\/v2\/pages\/7404","targetHints":{"allow":["GET"]}}],"collection":[{"href":"https:\/\/carreau-forbach.com\/de\/wp-json\/wp\/v2\/pages"}],"about":[{"href":"https:\/\/carreau-forbach.com\/de\/wp-json\/wp\/v2\/types\/page"}],"author":[{"embeddable":true,"href":"https:\/\/carreau-forbach.com\/de\/wp-json\/wp\/v2\/users\/1"}],"replies":[{"embeddable":true,"href":"https:\/\/carreau-forbach.com\/de\/wp-json\/wp\/v2\/comments?post=7404"}],"version-history":[{"count":35,"href":"https:\/\/carreau-forbach.com\/de\/wp-json\/wp\/v2\/pages\/7404\/revisions"}],"predecessor-version":[{"id":13622,"href":"https:\/\/carreau-forbach.com\/de\/wp-json\/wp\/v2\/pages\/7404\/revisions\/13622"}],"wp:attachment":[{"href":"https:\/\/carreau-forbach.com\/de\/wp-json\/wp\/v2\/media?parent=7404"}],"curies":[{"name":"wp","href":"https:\/\/api.w.org\/{rel}","templated":true}]}}