{"id":7159,"date":"2020-12-18T17:46:50","date_gmt":"2020-12-18T16:46:50","guid":{"rendered":"https:\/\/carreau-forbach.com\/?page_id=7159"},"modified":"2021-02-24T17:42:49","modified_gmt":"2021-02-24T16:42:49","slug":"nichts-stoppt-die-workshops","status":"publish","type":"page","link":"https:\/\/carreau-forbach.com\/de\/nichts-stoppt-die-workshops\/","title":{"rendered":"Nichts stoppt die Workshops!"},"content":{"rendered":"<p>Von den 30 Workshops, die Le Carreau koordiniert, konnten einige trotz der zweiten Phase der Ausgangsbeschr\u00e4nkungen weitergef\u00fchrt werden. In verschiedenen Schulen in Forbach und Stiring-Wendel fanden Restitutionen statt, bei denen angehende Schauspieler*innen und Videok\u00fcnstler*innen ihr Talent zeigten!<\/p>\n<h4><\/h4>\n<h4>AMATEUR-theaterworkshop des Carreau geleitet von der Cie La Bande Passante<\/h4>\n<p><span class=\"d2edcug0 hpfvmrgz qv66sw1b c1et5uql oi732d6d ik7dh3pa fgxwclzu a8c37x1j keod5gw0 nxhoafnm aigsh9s9 d3f4x2em fe6kdd0r mau55g9w c8b282yb iv3no6db jq4qci2q a3bd9o3v knj5qynh oo9gr5id hzawbc8m\" dir=\"auto\">Briefe, Tageb\u00fccher, Schriften&#8230; Die Forschungs- und Lesungworkshops f\u00fcr das n\u00e4chste St\u00fcck <em>Devenir<\/em> der <\/span>Cie La Bande Passante <span class=\"d2edcug0 hpfvmrgz qv66sw1b c1et5uql oi732d6d ik7dh3pa fgxwclzu a8c37x1j keod5gw0 nxhoafnm aigsh9s9 d3f4x2em fe6kdd0r mau55g9w c8b282yb iv3no6db jq4qci2q a3bd9o3v knj5qynh oo9gr5id hzawbc8m\" dir=\"auto\">sind in vollem Gange. Eine spannende Reise! <strong>Mehr Infos <a href=\"https:\/\/bit.ly\/3d3UbPa\">hier<\/a>.<\/strong> <\/span><\/p>\n<p><img loading=\"lazy\" decoding=\"async\" class=\"alignnone size-full wp-image-7340\" src=\"https:\/\/carreau-forbach.com\/app\/uploads\/2021\/02\/vyp00.jpeg\" alt=\"\" width=\"1000\" height=\"1000\" srcset=\"https:\/\/carreau-forbach.com\/app\/uploads\/2021\/02\/vyp00.jpeg 1000w, https:\/\/carreau-forbach.com\/app\/uploads\/2021\/02\/vyp00-150x150.jpeg 150w, https:\/\/carreau-forbach.com\/app\/uploads\/2021\/02\/vyp00-300x300.jpeg 300w, https:\/\/carreau-forbach.com\/app\/uploads\/2021\/02\/vyp00-768x768.jpeg 768w\" sizes=\"auto, (max-width: 1000px) 100vw, 1000px\" \/><\/p>\n<p><span class=\"d2edcug0 hpfvmrgz qv66sw1b c1et5uql oi732d6d ik7dh3pa fgxwclzu a8c37x1j keod5gw0 nxhoafnm aigsh9s9 d3f4x2em fe6kdd0r mau55g9w c8b282yb iv3no6db jq4qci2q a3bd9o3v knj5qynh oo9gr5id hzawbc8m\" dir=\"auto\" style=\"color: #808080;\"><span class=\"aCOpRe\">\u00a9<\/span> Benoit Faivre<\/span><\/p>\n<h4>Video-Workshop<\/h4>\n<p>&nbsp;<\/p>\n<ul>\n<li><strong>Kurzfilm, der im Rahmen eines von St\u00e9phane Hacin geleiteten Video-Workshops mit dem Lyc\u00e9e Hurlevent in Behren-les-Forbach entstanden ist<\/strong><\/li>\n<\/ul>\n<p><iframe loading=\"lazy\" title=\"(Court m\u00e9trage)  Le roi de l&#039;\u00e9vasion\" width=\"500\" height=\"281\" src=\"https:\/\/www.youtube.com\/embed\/TCVw5qUEEeM?feature=oembed\" frameborder=\"0\" allow=\"accelerometer; autoplay; clipboard-write; encrypted-media; gyroscope; picture-in-picture; web-share\" referrerpolicy=\"strict-origin-when-cross-origin\" allowfullscreen><\/iframe><\/p>\n<p>&nbsp;<\/p>\n<ul>\n<li><strong>Animationsfilm, der im Rahmen eines von St\u00e9phane Hacin geleiteten Video-Workshops mit dem Lyc\u00e9e J.V. Poncelet in Saint-Avold entstanden ist<\/strong><\/li>\n<\/ul>\n<p><iframe loading=\"lazy\" title=\"(Stop Motion) Adelina\" width=\"500\" height=\"281\" src=\"https:\/\/www.youtube.com\/embed\/3jTNpG1DrF8?feature=oembed\" frameborder=\"0\" allow=\"accelerometer; autoplay; clipboard-write; encrypted-media; gyroscope; picture-in-picture; web-share\" referrerpolicy=\"strict-origin-when-cross-origin\" allowfullscreen><\/iframe><\/p>\n<p>&nbsp;<\/p>\n<hr \/>\n<h4>Theater- &amp; Tanz-Workshops<\/h4>\n<ul>\n<li><b>Projekt \u201eLire pour Dire\u201c an der Schule in Bellevue in Forbach unter der Leitung von Maxime Keller<\/b><\/li>\n<li><b>Tanzworkshop an der Schule in Habsterdick in <\/b><strong><b>Stiring-Wendel unter der Leitung von David Metzner<\/b><\/strong><\/li>\n<\/ul>\n<h4><img loading=\"lazy\" decoding=\"async\" class=\" wp-image-7150 alignright\" src=\"https:\/\/carreau-forbach.com\/app\/uploads\/2020\/12\/IMG_0260.jpg\" alt=\"\" width=\"445\" height=\"334\" srcset=\"https:\/\/carreau-forbach.com\/app\/uploads\/2020\/12\/IMG_0260.jpg 640w, https:\/\/carreau-forbach.com\/app\/uploads\/2020\/12\/IMG_0260-300x225.jpg 300w\" sizes=\"auto, (max-width: 445px) 100vw, 445px\" \/><\/h4>\n<p>&nbsp;<\/p>\n<p>&nbsp;<\/p>\n<ul>\n<li><strong><b>G<\/b><\/strong><strong><b>renz\u00fcberschreitender Theaterworkshop am Coll\u00e8ge Pierre Adt in Forbach unter der Leitung von C\u00e9cile G\u00e9rard<\/b><\/strong><\/li>\n<\/ul>\n<p><iframe loading=\"lazy\" title=\"Captation Atelier Pierre Adt-\" src=\"https:\/\/player.vimeo.com\/video\/502631253?dnt=1&amp;app_id=122963\" width=\"500\" height=\"281\" frameborder=\"0\" allow=\"autoplay; fullscreen; picture-in-picture; clipboard-write; encrypted-media\"><\/iframe><\/p>\n","protected":false},"excerpt":{"rendered":"<p>Von den 30 Workshops, die Le Carreau koordiniert, konnten einige trotz der zweiten Phase der Ausgangsbeschr\u00e4nkungen weitergef\u00fchrt werden. In verschiedenen Schulen in Forbach und Stiring-Wendel fanden Restitutionen statt, bei denen angehende Schauspieler*innen und Videok\u00fcnstler*innen ihr Talent zeigten! AMATEUR-theaterworkshop des Carreau geleitet von der Cie La Bande Passante Briefe, Tageb\u00fccher, Schriften&#8230; Die Forschungs- und Lesungworkshops f\u00fcr &hellip; <a href=\"https:\/\/carreau-forbach.com\/de\/nichts-stoppt-die-workshops\/\">Continued<\/a><\/p>\n","protected":false},"author":1,"featured_media":7166,"parent":0,"menu_order":0,"comment_status":"closed","ping_status":"closed","template":"","meta":{"_acf_changed":false,"footnotes":""},"class_list":["post-7159","page","type-page","status-publish","has-post-thumbnail","hentry"],"acf":[],"yoast_head":"<title>Nichts stoppt die Workshops! - Le Carreau<\/title>\n<meta name=\"robots\" content=\"index, follow, max-snippet:-1, max-image-preview:large, max-video-preview:-1\" \/>\n<link rel=\"canonical\" href=\"https:\/\/carreau-forbach.com\/rien-narrete-les-ateliers\/\" \/>\n<meta property=\"og:locale\" content=\"de_DE\" \/>\n<meta property=\"og:type\" content=\"article\" \/>\n<meta property=\"og:title\" content=\"Nichts stoppt die Workshops! - Le Carreau\" \/>\n<meta property=\"og:description\" content=\"Von den 30 Workshops, die Le Carreau koordiniert, konnten einige trotz der zweiten Phase der Ausgangsbeschr\u00e4nkungen weitergef\u00fchrt werden. In verschiedenen Schulen in Forbach und Stiring-Wendel fanden Restitutionen statt, bei denen angehende Schauspieler*innen und Videok\u00fcnstler*innen ihr Talent zeigten! AMATEUR-theaterworkshop des Carreau geleitet von der Cie La Bande Passante Briefe, Tageb\u00fccher, Schriften&#8230; Die Forschungs- und Lesungworkshops f\u00fcr &hellip; Continued\" \/>\n<meta property=\"og:url\" content=\"https:\/\/carreau-forbach.com\/rien-narrete-les-ateliers\/\" \/>\n<meta property=\"og:site_name\" content=\"Le Carreau\" \/>\n<meta property=\"article:modified_time\" content=\"2021-02-24T16:42:49+00:00\" \/>\n<meta property=\"og:image\" content=\"https:\/\/carreau-forbach.com\/app\/uploads\/2020\/12\/20201211_152053-e1608311703653.jpg\" \/>\n\t<meta property=\"og:image:width\" content=\"3000\" \/>\n\t<meta property=\"og:image:height\" content=\"4000\" \/>\n\t<meta property=\"og:image:type\" content=\"image\/jpeg\" \/>\n<meta name=\"twitter:card\" content=\"summary_large_image\" \/>\n<meta name=\"twitter:label1\" content=\"Est. reading time\" \/>\n\t<meta name=\"twitter:data1\" content=\"1 minute\" \/>\n<script type=\"application\/ld+json\" class=\"yoast-schema-graph\">{\"@context\":\"https:\/\/schema.org\",\"@graph\":[{\"@type\":\"WebPage\",\"@id\":\"https:\/\/carreau-forbach.com\/rien-narrete-les-ateliers\/\",\"url\":\"https:\/\/carreau-forbach.com\/rien-narrete-les-ateliers\/\",\"name\":\"Nichts stoppt die Workshops! - Le Carreau\",\"isPartOf\":{\"@id\":\"https:\/\/carreau-forbach.com\/#website\"},\"primaryImageOfPage\":{\"@id\":\"https:\/\/carreau-forbach.com\/rien-narrete-les-ateliers\/#primaryimage\"},\"image\":{\"@id\":\"https:\/\/carreau-forbach.com\/rien-narrete-les-ateliers\/#primaryimage\"},\"thumbnailUrl\":\"https:\/\/carreau-forbach.com\/app\/uploads\/2020\/12\/20201211_152053-e1608311703653.jpg\",\"datePublished\":\"2020-12-18T16:46:50+00:00\",\"dateModified\":\"2021-02-24T16:42:49+00:00\",\"breadcrumb\":{\"@id\":\"https:\/\/carreau-forbach.com\/rien-narrete-les-ateliers\/#breadcrumb\"},\"inLanguage\":\"de-DE\",\"potentialAction\":[{\"@type\":\"ReadAction\",\"target\":[\"https:\/\/carreau-forbach.com\/rien-narrete-les-ateliers\/\"]}]},{\"@type\":\"ImageObject\",\"inLanguage\":\"de-DE\",\"@id\":\"https:\/\/carreau-forbach.com\/rien-narrete-les-ateliers\/#primaryimage\",\"url\":\"https:\/\/carreau-forbach.com\/app\/uploads\/2020\/12\/20201211_152053-e1608311703653.jpg\",\"contentUrl\":\"https:\/\/carreau-forbach.com\/app\/uploads\/2020\/12\/20201211_152053-e1608311703653.jpg\",\"width\":3000,\"height\":4000},{\"@type\":\"BreadcrumbList\",\"@id\":\"https:\/\/carreau-forbach.com\/rien-narrete-les-ateliers\/#breadcrumb\",\"itemListElement\":[{\"@type\":\"ListItem\",\"position\":1,\"name\":\"Home\",\"item\":\"https:\/\/carreau-forbach.com\/de\/\"},{\"@type\":\"ListItem\",\"position\":2,\"name\":\"Nichts stoppt die Workshops!\"}]},{\"@type\":\"WebSite\",\"@id\":\"https:\/\/carreau-forbach.com\/#website\",\"url\":\"https:\/\/carreau-forbach.com\/\",\"name\":\"Le Carreau\",\"description\":\"Sc\u00e8ne nationale de Forbach et de l&#039;Est mosellan\",\"potentialAction\":[{\"@type\":\"SearchAction\",\"target\":{\"@type\":\"EntryPoint\",\"urlTemplate\":\"https:\/\/carreau-forbach.com\/?s={search_term_string}\"},\"query-input\":{\"@type\":\"PropertyValueSpecification\",\"valueRequired\":true,\"valueName\":\"search_term_string\"}}],\"inLanguage\":\"de-DE\"}]}<\/script>","yoast_head_json":{"title":"Nichts stoppt die Workshops! - Le Carreau","robots":{"index":"index","follow":"follow","max-snippet":"max-snippet:-1","max-image-preview":"max-image-preview:large","max-video-preview":"max-video-preview:-1"},"canonical":"https:\/\/carreau-forbach.com\/rien-narrete-les-ateliers\/","og_locale":"de_DE","og_type":"article","og_title":"Nichts stoppt die Workshops! - Le Carreau","og_description":"Von den 30 Workshops, die Le Carreau koordiniert, konnten einige trotz der zweiten Phase der Ausgangsbeschr\u00e4nkungen weitergef\u00fchrt werden. In verschiedenen Schulen in Forbach und Stiring-Wendel fanden Restitutionen statt, bei denen angehende Schauspieler*innen und Videok\u00fcnstler*innen ihr Talent zeigten! AMATEUR-theaterworkshop des Carreau geleitet von der Cie La Bande Passante Briefe, Tageb\u00fccher, Schriften&#8230; Die Forschungs- und Lesungworkshops f\u00fcr &hellip; Continued","og_url":"https:\/\/carreau-forbach.com\/rien-narrete-les-ateliers\/","og_site_name":"Le Carreau","article_modified_time":"2021-02-24T16:42:49+00:00","og_image":[{"width":3000,"height":4000,"url":"https:\/\/carreau-forbach.com\/app\/uploads\/2020\/12\/20201211_152053-e1608311703653.jpg","type":"image\/jpeg"}],"twitter_card":"summary_large_image","twitter_misc":{"Est. reading time":"1 minute"},"schema":{"@context":"https:\/\/schema.org","@graph":[{"@type":"WebPage","@id":"https:\/\/carreau-forbach.com\/rien-narrete-les-ateliers\/","url":"https:\/\/carreau-forbach.com\/rien-narrete-les-ateliers\/","name":"Nichts stoppt die Workshops! - Le Carreau","isPartOf":{"@id":"https:\/\/carreau-forbach.com\/#website"},"primaryImageOfPage":{"@id":"https:\/\/carreau-forbach.com\/rien-narrete-les-ateliers\/#primaryimage"},"image":{"@id":"https:\/\/carreau-forbach.com\/rien-narrete-les-ateliers\/#primaryimage"},"thumbnailUrl":"https:\/\/carreau-forbach.com\/app\/uploads\/2020\/12\/20201211_152053-e1608311703653.jpg","datePublished":"2020-12-18T16:46:50+00:00","dateModified":"2021-02-24T16:42:49+00:00","breadcrumb":{"@id":"https:\/\/carreau-forbach.com\/rien-narrete-les-ateliers\/#breadcrumb"},"inLanguage":"de-DE","potentialAction":[{"@type":"ReadAction","target":["https:\/\/carreau-forbach.com\/rien-narrete-les-ateliers\/"]}]},{"@type":"ImageObject","inLanguage":"de-DE","@id":"https:\/\/carreau-forbach.com\/rien-narrete-les-ateliers\/#primaryimage","url":"https:\/\/carreau-forbach.com\/app\/uploads\/2020\/12\/20201211_152053-e1608311703653.jpg","contentUrl":"https:\/\/carreau-forbach.com\/app\/uploads\/2020\/12\/20201211_152053-e1608311703653.jpg","width":3000,"height":4000},{"@type":"BreadcrumbList","@id":"https:\/\/carreau-forbach.com\/rien-narrete-les-ateliers\/#breadcrumb","itemListElement":[{"@type":"ListItem","position":1,"name":"Home","item":"https:\/\/carreau-forbach.com\/de\/"},{"@type":"ListItem","position":2,"name":"Nichts stoppt die Workshops!"}]},{"@type":"WebSite","@id":"https:\/\/carreau-forbach.com\/#website","url":"https:\/\/carreau-forbach.com\/","name":"Le Carreau","description":"Sc\u00e8ne nationale de Forbach et de l&#039;Est mosellan","potentialAction":[{"@type":"SearchAction","target":{"@type":"EntryPoint","urlTemplate":"https:\/\/carreau-forbach.com\/?s={search_term_string}"},"query-input":{"@type":"PropertyValueSpecification","valueRequired":true,"valueName":"search_term_string"}}],"inLanguage":"de-DE"}]}},"_links":{"self":[{"href":"https:\/\/carreau-forbach.com\/de\/wp-json\/wp\/v2\/pages\/7159","targetHints":{"allow":["GET"]}}],"collection":[{"href":"https:\/\/carreau-forbach.com\/de\/wp-json\/wp\/v2\/pages"}],"about":[{"href":"https:\/\/carreau-forbach.com\/de\/wp-json\/wp\/v2\/types\/page"}],"author":[{"embeddable":true,"href":"https:\/\/carreau-forbach.com\/de\/wp-json\/wp\/v2\/users\/1"}],"replies":[{"embeddable":true,"href":"https:\/\/carreau-forbach.com\/de\/wp-json\/wp\/v2\/comments?post=7159"}],"version-history":[{"count":17,"href":"https:\/\/carreau-forbach.com\/de\/wp-json\/wp\/v2\/pages\/7159\/revisions"}],"predecessor-version":[{"id":7346,"href":"https:\/\/carreau-forbach.com\/de\/wp-json\/wp\/v2\/pages\/7159\/revisions\/7346"}],"wp:featuredmedia":[{"embeddable":true,"href":"https:\/\/carreau-forbach.com\/de\/wp-json\/wp\/v2\/media\/7166"}],"wp:attachment":[{"href":"https:\/\/carreau-forbach.com\/de\/wp-json\/wp\/v2\/media?parent=7159"}],"curies":[{"name":"wp","href":"https:\/\/api.w.org\/{rel}","templated":true}]}}