{"id":7112,"date":"2020-11-27T12:13:16","date_gmt":"2020-11-27T11:13:16","guid":{"rendered":"https:\/\/carreau-forbach.com\/?page_id=7112"},"modified":"2021-01-13T16:29:34","modified_gmt":"2021-01-13T15:29:34","slug":"absagen-terminaenderungen","status":"publish","type":"page","link":"https:\/\/carreau-forbach.com\/de\/absagen-terminaenderungen\/","title":{"rendered":"Covid 19 \/\/ Absagen"},"content":{"rendered":"<p><strong>Liebe Zuschauer*innen,<\/strong><\/p>\n<p><strong>F\u00fcr das neue Jahr w\u00fcnschen wir Ihnen kleine Freuden, Spa\u00df, sch\u00f6ne Momente der B\u00fchnenkunst, des Staunens und Entdeckens &#8211; und m\u00f6ge es Ihre Neugierde nie ersch\u00f6pfen!<\/strong><br \/>\nSchweren Herzens geben wir erneut bekannt, dass es nach den j\u00fcngsten Ank\u00fcndigungen der Regierung vom 7. Januar 2021 nicht m\u00f6glich ist, Sie zu Beginn dieses Jahres wiederzusehen. Die Auff\u00fchrungen der folgenden St\u00fccke sind abgesagt:<\/p>\n<p>&#8211; <a href=\"https:\/\/carreau-forbach.com\/de\/spielplan\/ring\/\" target=\"_blank\" rel=\"noopener noreferrer\" data-cke-saved-href=\"https:\/\/carreau-forbach.com\/de\/spielplan\/ring\/\"><em>RING<\/em><\/a> der Cie Kia\u00ef, 15.01.21<br \/>\n&#8211;<em> <a href=\"https:\/\/carreau-forbach.com\/de\/spielplan\/les-forteresses\/\" target=\"_blank\" rel=\"noopener noreferrer\" data-cke-saved-href=\"https:\/\/carreau-forbach.com\/de\/spielplan\/les-forteresses\/\">Les Forteresses<\/a> <\/em>von Gurshad Shaheman, 20.01.21<br \/>\n&#8211;<em> <a href=\"https:\/\/carreau-forbach.com\/de\/spielplan\/rapports-sur-toi-de-mon-chaos-est-nee-une-etoile-filante\/\" target=\"_blank\" rel=\"noopener noreferrer\" data-cke-saved-href=\"https:\/\/carreau-forbach.com\/de\/spielplan\/rapports-sur-toi-de-mon-chaos-est-nee-une-etoile-filante\/\">Rapports sur toi (De mon chaos est n\u00e9e une \u00e9toile filante)<\/a> <\/em>von R\u00e9my Barch\u00e9 \/ Baptiste Amann, 27. + 28.01.21<br \/>\n&#8211; <a href=\"https:\/\/carreau-forbach.com\/de\/spielplan\/loto\/\" target=\"_blank\" rel=\"noopener noreferrer\" data-cke-saved-href=\"https:\/\/carreau-forbach.com\/de\/spielplan\/loto\/\"><em>Loto<\/em><\/a> von Remy Barch\u00e9 \/ Baptist Amann, 29. + 30.01.01<br \/>\n&#8211; <a href=\"https:\/\/carreau-forbach.com\/programmation\/cria\/\" target=\"_blank\" rel=\"noopener noreferrer\" data-cke-saved-href=\"https:\/\/carreau-forbach.com\/programmation\/cria\/\"><em>CRIA<\/em><\/a> von Alice Ripoll, 03.02 (aufgrund der Absage der Tournee)<br \/>\nF\u00fcr alle Anfragen zur Erstattung, zum Umtausch oder zur Spende wenden Sie sich bitte an die Kartenverkaufsstelle : <strong>+33 (0)387846434<\/strong> oder <strong>billetterie@carreau-forbach.com<\/strong>.<\/p>\n<p>Wir sind dennoch voller Hoffnung, dass wir weiterarbeiten k\u00f6nnen, und neue Ideen finden, um Ihnen andere Formen anzubieten. Wir werden Sie bald \u00fcber die n\u00e4chsten Veranstaltungen informieren &#8211; lassen Sie uns gemeinsam weitergehen!<\/p>\n<p>Das Team des Carreau<\/p>\n","protected":false},"excerpt":{"rendered":"<p>Liebe Zuschauer*innen, F\u00fcr das neue Jahr w\u00fcnschen wir Ihnen kleine Freuden, Spa\u00df, sch\u00f6ne Momente der B\u00fchnenkunst, des Staunens und Entdeckens &#8211; und m\u00f6ge es Ihre Neugierde nie ersch\u00f6pfen! Schweren Herzens geben wir erneut bekannt, dass es nach den j\u00fcngsten Ank\u00fcndigungen der Regierung vom 7. Januar 2021 nicht m\u00f6glich ist, Sie zu Beginn dieses Jahres wiederzusehen. &hellip; <a href=\"https:\/\/carreau-forbach.com\/de\/absagen-terminaenderungen\/\">Continued<\/a><\/p>\n","protected":false},"author":1,"featured_media":7120,"parent":0,"menu_order":0,"comment_status":"closed","ping_status":"closed","template":"","meta":{"_acf_changed":false,"footnotes":""},"class_list":["post-7112","page","type-page","status-publish","has-post-thumbnail","hentry"],"acf":[],"yoast_head":"<title>Covid 19 \/\/ Absagen - Le Carreau<\/title>\n<meta name=\"robots\" content=\"index, follow, max-snippet:-1, max-image-preview:large, max-video-preview:-1\" \/>\n<link rel=\"canonical\" href=\"https:\/\/carreau-forbach.com\/annulations-changements-dhoraires\/\" \/>\n<meta property=\"og:locale\" content=\"de_DE\" \/>\n<meta property=\"og:type\" content=\"article\" \/>\n<meta property=\"og:title\" content=\"Covid 19 \/\/ Absagen - Le Carreau\" \/>\n<meta property=\"og:description\" content=\"Liebe Zuschauer*innen, F\u00fcr das neue Jahr w\u00fcnschen wir Ihnen kleine Freuden, Spa\u00df, sch\u00f6ne Momente der B\u00fchnenkunst, des Staunens und Entdeckens &#8211; und m\u00f6ge es Ihre Neugierde nie ersch\u00f6pfen! Schweren Herzens geben wir erneut bekannt, dass es nach den j\u00fcngsten Ank\u00fcndigungen der Regierung vom 7. Januar 2021 nicht m\u00f6glich ist, Sie zu Beginn dieses Jahres wiederzusehen. &hellip; Continued\" \/>\n<meta property=\"og:url\" content=\"https:\/\/carreau-forbach.com\/annulations-changements-dhoraires\/\" \/>\n<meta property=\"og:site_name\" content=\"Le Carreau\" \/>\n<meta property=\"article:modified_time\" content=\"2021-01-13T15:29:34+00:00\" \/>\n<meta property=\"og:image\" content=\"https:\/\/carreau-forbach.com\/app\/uploads\/2020\/11\/de\u0301cembre20-vierge2-1024x512.jpg\" \/>\n\t<meta property=\"og:image:width\" content=\"1024\" \/>\n\t<meta property=\"og:image:height\" content=\"512\" \/>\n\t<meta property=\"og:image:type\" content=\"image\/jpeg\" \/>\n<meta name=\"twitter:card\" content=\"summary_large_image\" \/>\n<meta name=\"twitter:label1\" content=\"Est. reading time\" \/>\n\t<meta name=\"twitter:data1\" content=\"1 minute\" \/>\n<script type=\"application\/ld+json\" class=\"yoast-schema-graph\">{\"@context\":\"https:\/\/schema.org\",\"@graph\":[{\"@type\":\"WebPage\",\"@id\":\"https:\/\/carreau-forbach.com\/annulations-changements-dhoraires\/\",\"url\":\"https:\/\/carreau-forbach.com\/annulations-changements-dhoraires\/\",\"name\":\"Covid 19 \/\/ Absagen - Le Carreau\",\"isPartOf\":{\"@id\":\"https:\/\/carreau-forbach.com\/#website\"},\"primaryImageOfPage\":{\"@id\":\"https:\/\/carreau-forbach.com\/annulations-changements-dhoraires\/#primaryimage\"},\"image\":{\"@id\":\"https:\/\/carreau-forbach.com\/annulations-changements-dhoraires\/#primaryimage\"},\"thumbnailUrl\":\"https:\/\/carreau-forbach.com\/app\/uploads\/2020\/11\/de\u0301cembre20-vierge2.jpg\",\"datePublished\":\"2020-11-27T11:13:16+00:00\",\"dateModified\":\"2021-01-13T15:29:34+00:00\",\"breadcrumb\":{\"@id\":\"https:\/\/carreau-forbach.com\/annulations-changements-dhoraires\/#breadcrumb\"},\"inLanguage\":\"de-DE\",\"potentialAction\":[{\"@type\":\"ReadAction\",\"target\":[\"https:\/\/carreau-forbach.com\/annulations-changements-dhoraires\/\"]}]},{\"@type\":\"ImageObject\",\"inLanguage\":\"de-DE\",\"@id\":\"https:\/\/carreau-forbach.com\/annulations-changements-dhoraires\/#primaryimage\",\"url\":\"https:\/\/carreau-forbach.com\/app\/uploads\/2020\/11\/de\u0301cembre20-vierge2.jpg\",\"contentUrl\":\"https:\/\/carreau-forbach.com\/app\/uploads\/2020\/11\/de\u0301cembre20-vierge2.jpg\",\"width\":2500,\"height\":1250},{\"@type\":\"BreadcrumbList\",\"@id\":\"https:\/\/carreau-forbach.com\/annulations-changements-dhoraires\/#breadcrumb\",\"itemListElement\":[{\"@type\":\"ListItem\",\"position\":1,\"name\":\"Home\",\"item\":\"https:\/\/carreau-forbach.com\/de\/\"},{\"@type\":\"ListItem\",\"position\":2,\"name\":\"Covid 19 \/\/ Absagen\"}]},{\"@type\":\"WebSite\",\"@id\":\"https:\/\/carreau-forbach.com\/#website\",\"url\":\"https:\/\/carreau-forbach.com\/\",\"name\":\"Le Carreau\",\"description\":\"Sc\u00e8ne nationale de Forbach et de l&#039;Est mosellan\",\"potentialAction\":[{\"@type\":\"SearchAction\",\"target\":{\"@type\":\"EntryPoint\",\"urlTemplate\":\"https:\/\/carreau-forbach.com\/?s={search_term_string}\"},\"query-input\":{\"@type\":\"PropertyValueSpecification\",\"valueRequired\":true,\"valueName\":\"search_term_string\"}}],\"inLanguage\":\"de-DE\"}]}<\/script>","yoast_head_json":{"title":"Covid 19 \/\/ Absagen - Le Carreau","robots":{"index":"index","follow":"follow","max-snippet":"max-snippet:-1","max-image-preview":"max-image-preview:large","max-video-preview":"max-video-preview:-1"},"canonical":"https:\/\/carreau-forbach.com\/annulations-changements-dhoraires\/","og_locale":"de_DE","og_type":"article","og_title":"Covid 19 \/\/ Absagen - Le Carreau","og_description":"Liebe Zuschauer*innen, F\u00fcr das neue Jahr w\u00fcnschen wir Ihnen kleine Freuden, Spa\u00df, sch\u00f6ne Momente der B\u00fchnenkunst, des Staunens und Entdeckens &#8211; und m\u00f6ge es Ihre Neugierde nie ersch\u00f6pfen! Schweren Herzens geben wir erneut bekannt, dass es nach den j\u00fcngsten Ank\u00fcndigungen der Regierung vom 7. Januar 2021 nicht m\u00f6glich ist, Sie zu Beginn dieses Jahres wiederzusehen. &hellip; Continued","og_url":"https:\/\/carreau-forbach.com\/annulations-changements-dhoraires\/","og_site_name":"Le Carreau","article_modified_time":"2021-01-13T15:29:34+00:00","og_image":[{"width":1024,"height":512,"url":"https:\/\/carreau-forbach.com\/app\/uploads\/2020\/11\/de\u0301cembre20-vierge2-1024x512.jpg","type":"image\/jpeg"}],"twitter_card":"summary_large_image","twitter_misc":{"Est. reading time":"1 minute"},"schema":{"@context":"https:\/\/schema.org","@graph":[{"@type":"WebPage","@id":"https:\/\/carreau-forbach.com\/annulations-changements-dhoraires\/","url":"https:\/\/carreau-forbach.com\/annulations-changements-dhoraires\/","name":"Covid 19 \/\/ Absagen - Le Carreau","isPartOf":{"@id":"https:\/\/carreau-forbach.com\/#website"},"primaryImageOfPage":{"@id":"https:\/\/carreau-forbach.com\/annulations-changements-dhoraires\/#primaryimage"},"image":{"@id":"https:\/\/carreau-forbach.com\/annulations-changements-dhoraires\/#primaryimage"},"thumbnailUrl":"https:\/\/carreau-forbach.com\/app\/uploads\/2020\/11\/de\u0301cembre20-vierge2.jpg","datePublished":"2020-11-27T11:13:16+00:00","dateModified":"2021-01-13T15:29:34+00:00","breadcrumb":{"@id":"https:\/\/carreau-forbach.com\/annulations-changements-dhoraires\/#breadcrumb"},"inLanguage":"de-DE","potentialAction":[{"@type":"ReadAction","target":["https:\/\/carreau-forbach.com\/annulations-changements-dhoraires\/"]}]},{"@type":"ImageObject","inLanguage":"de-DE","@id":"https:\/\/carreau-forbach.com\/annulations-changements-dhoraires\/#primaryimage","url":"https:\/\/carreau-forbach.com\/app\/uploads\/2020\/11\/de\u0301cembre20-vierge2.jpg","contentUrl":"https:\/\/carreau-forbach.com\/app\/uploads\/2020\/11\/de\u0301cembre20-vierge2.jpg","width":2500,"height":1250},{"@type":"BreadcrumbList","@id":"https:\/\/carreau-forbach.com\/annulations-changements-dhoraires\/#breadcrumb","itemListElement":[{"@type":"ListItem","position":1,"name":"Home","item":"https:\/\/carreau-forbach.com\/de\/"},{"@type":"ListItem","position":2,"name":"Covid 19 \/\/ Absagen"}]},{"@type":"WebSite","@id":"https:\/\/carreau-forbach.com\/#website","url":"https:\/\/carreau-forbach.com\/","name":"Le Carreau","description":"Sc\u00e8ne nationale de Forbach et de l&#039;Est mosellan","potentialAction":[{"@type":"SearchAction","target":{"@type":"EntryPoint","urlTemplate":"https:\/\/carreau-forbach.com\/?s={search_term_string}"},"query-input":{"@type":"PropertyValueSpecification","valueRequired":true,"valueName":"search_term_string"}}],"inLanguage":"de-DE"}]}},"_links":{"self":[{"href":"https:\/\/carreau-forbach.com\/de\/wp-json\/wp\/v2\/pages\/7112","targetHints":{"allow":["GET"]}}],"collection":[{"href":"https:\/\/carreau-forbach.com\/de\/wp-json\/wp\/v2\/pages"}],"about":[{"href":"https:\/\/carreau-forbach.com\/de\/wp-json\/wp\/v2\/types\/page"}],"author":[{"embeddable":true,"href":"https:\/\/carreau-forbach.com\/de\/wp-json\/wp\/v2\/users\/1"}],"replies":[{"embeddable":true,"href":"https:\/\/carreau-forbach.com\/de\/wp-json\/wp\/v2\/comments?post=7112"}],"version-history":[{"count":2,"href":"https:\/\/carreau-forbach.com\/de\/wp-json\/wp\/v2\/pages\/7112\/revisions"}],"predecessor-version":[{"id":7262,"href":"https:\/\/carreau-forbach.com\/de\/wp-json\/wp\/v2\/pages\/7112\/revisions\/7262"}],"wp:featuredmedia":[{"embeddable":true,"href":"https:\/\/carreau-forbach.com\/de\/wp-json\/wp\/v2\/media\/7120"}],"wp:attachment":[{"href":"https:\/\/carreau-forbach.com\/de\/wp-json\/wp\/v2\/media?parent=7112"}],"curies":[{"name":"wp","href":"https:\/\/api.w.org\/{rel}","templated":true}]}}