{"id":7033,"date":"2020-11-02T20:12:55","date_gmt":"2020-11-02T19:12:55","guid":{"rendered":"https:\/\/carreau-forbach.com\/?page_id=7033"},"modified":"2020-11-02T20:25:55","modified_gmt":"2020-11-02T19:25:55","slug":"schliessung-des-theaters","status":"publish","type":"page","link":"https:\/\/carreau-forbach.com\/de\/schliessung-des-theaters\/","title":{"rendered":"Infos COVID"},"content":{"rendered":"<p><strong>Liebe Zuschauer*innen,<\/strong><\/p>\n<p>,,Es ist herzzerrei\u00dfend, den Vorhang f\u00fcr eine Spielzeit schlie\u00dfen zu m\u00fcssen. &#8221; sagten wir letzten M\u00e4rz. In Anwendung der\u00a0Verordnung vom 29. Oktober 2020 m\u00fcssen wir bis zum 1. Dezember\u00a0zum zweiten Mal die T\u00fcren des Carreau schlie\u00dfen.<\/p>\n<p>Seit Beginn der Spielzeit sind Sie bei den St\u00fccken dabei gewesen, und mehr denn je haben wir gemeinsam das Bed\u00fcrfnis nach B\u00fchnenkunst und die Freude, zusammen zu sein, gefeiert.<br \/>\nWieder einmal wird die Kulturwelt auf die Probe gestellt. Aus diesem Grund setzt Le Carreau in Zusammenarbeit mit den k\u00fcnstlerischen und technischen Teams seinen Betrieb intern fort, um kulturellen Widerstand zu leisten. Das Team von Le Carreau bleibt aktiv, um den K\u00fcnstler*innen die M\u00f6glichkeit zu geben, ihre Arbeit duch K\u00fcnstlerresidenzen und Proben zu erhalten, wie f\u00fcr die Blah Blah Blah Cie in dieser Woche, und um die bestm\u00f6gliche Wiederaufnahme der Vorstellungen bereits im Dezember vorzubereiten.<\/p>\n<p>In der Zwischenzeit teilen wir Ihnen mit, dass:<\/p>\n<ul>\n<li><strong>Das LOOSTIK\u00a0Festival abgesagt wird <\/strong>(einschlie\u00dflich aller Veranstaltungen vom 10. bis 15.11.20). Mehr Infos <a href=\"http:\/\/www.loostik.eu\/index.php?id=1&amp;L=0\"><strong>hier<\/strong><\/a>.<\/li>\n<li><strong>Das PRIMEURS\u00a0Festival wird in einer neuen Form stattfinden <\/strong>(<em>Multiple(s)<\/em> und<em> Y a rien de plus \u00e0 dire<\/em> (18.11.) werden abgesagt). Sie werden demn\u00e4chst dar\u00fcber informiert.<\/li>\n<li><strong>Die Vorstelllung von <em>Dr. Nest<\/em><\/strong> der\u00a0Familie Fl\u00f6z wird abgesagt (26.11.)<\/li>\n<\/ul>\n<p>Wir laden Sie ein, <u><strong>vor dem 18. Dezember 2020<\/strong><\/u> die Kartenverkausstelle\u00a0per Telefon\u00a0(<strong>+ 33 (0)3 87 84 64 34<\/strong>) oder per E-Mail (<strong>billetterie@carreau-forbach.com<\/strong>) f\u00fcr eine R\u00fcckerstattung, einen Umtausch oder eine Spende zu kontaktieren.<\/p>\n<p>Wir stehen zu Ihrer vollen Verf\u00fcgung.<\/p>\n<p>Wir freuen uns auf ein Wiedersehen mit Ihnen und auf sch\u00f6ne zuk\u00fcnftige Momente, die der Beginn der Spielzeit 20\/21 bereits angek\u00fcndigt hat &#8211; also halten Sie sich fest, passen Sie auf sich auf und bleiben Sie neugierig!<\/p>\n<p><strong>Das Team des Carreau<\/strong><\/p>\n","protected":false},"excerpt":{"rendered":"<p>Liebe Zuschauer*innen, ,,Es ist herzzerrei\u00dfend, den Vorhang f\u00fcr eine Spielzeit schlie\u00dfen zu m\u00fcssen. &#8221; sagten wir letzten M\u00e4rz. In Anwendung der\u00a0Verordnung vom 29. Oktober 2020 m\u00fcssen wir bis zum 1. Dezember\u00a0zum zweiten Mal die T\u00fcren des Carreau schlie\u00dfen. Seit Beginn der Spielzeit sind Sie bei den St\u00fccken dabei gewesen, und mehr denn je haben wir &hellip; <a href=\"https:\/\/carreau-forbach.com\/de\/schliessung-des-theaters\/\">Continued<\/a><\/p>\n","protected":false},"author":1,"featured_media":7038,"parent":0,"menu_order":0,"comment_status":"closed","ping_status":"closed","template":"","meta":{"_acf_changed":false,"footnotes":""},"class_list":["post-7033","page","type-page","status-publish","has-post-thumbnail","hentry"],"acf":[],"yoast_head":"<title>Infos COVID - Le Carreau<\/title>\n<meta name=\"robots\" content=\"index, follow, max-snippet:-1, max-image-preview:large, max-video-preview:-1\" \/>\n<link rel=\"canonical\" href=\"https:\/\/carreau-forbach.com\/fermeture-du-theatre\/\" \/>\n<meta property=\"og:locale\" content=\"de_DE\" \/>\n<meta property=\"og:type\" content=\"article\" \/>\n<meta property=\"og:title\" content=\"Infos COVID - Le Carreau\" \/>\n<meta property=\"og:description\" content=\"Liebe Zuschauer*innen, ,,Es ist herzzerrei\u00dfend, den Vorhang f\u00fcr eine Spielzeit schlie\u00dfen zu m\u00fcssen. &#8221; sagten wir letzten M\u00e4rz. In Anwendung der\u00a0Verordnung vom 29. Oktober 2020 m\u00fcssen wir bis zum 1. Dezember\u00a0zum zweiten Mal die T\u00fcren des Carreau schlie\u00dfen. Seit Beginn der Spielzeit sind Sie bei den St\u00fccken dabei gewesen, und mehr denn je haben wir &hellip; Continued\" \/>\n<meta property=\"og:url\" content=\"https:\/\/carreau-forbach.com\/fermeture-du-theatre\/\" \/>\n<meta property=\"og:site_name\" content=\"Le Carreau\" \/>\n<meta property=\"article:modified_time\" content=\"2020-11-02T19:25:55+00:00\" \/>\n<meta property=\"og:image\" content=\"https:\/\/carreau-forbach.com\/app\/uploads\/2020\/11\/reconfifi-1-1024x512.jpg\" \/>\n\t<meta property=\"og:image:width\" content=\"1024\" \/>\n\t<meta property=\"og:image:height\" content=\"512\" \/>\n\t<meta property=\"og:image:type\" content=\"image\/jpeg\" \/>\n<meta name=\"twitter:card\" content=\"summary_large_image\" \/>\n<meta name=\"twitter:label1\" content=\"Est. reading time\" \/>\n\t<meta name=\"twitter:data1\" content=\"1 minute\" \/>\n<script type=\"application\/ld+json\" class=\"yoast-schema-graph\">{\"@context\":\"https:\/\/schema.org\",\"@graph\":[{\"@type\":\"WebPage\",\"@id\":\"https:\/\/carreau-forbach.com\/fermeture-du-theatre\/\",\"url\":\"https:\/\/carreau-forbach.com\/fermeture-du-theatre\/\",\"name\":\"Infos COVID - Le Carreau\",\"isPartOf\":{\"@id\":\"https:\/\/carreau-forbach.com\/#website\"},\"primaryImageOfPage\":{\"@id\":\"https:\/\/carreau-forbach.com\/fermeture-du-theatre\/#primaryimage\"},\"image\":{\"@id\":\"https:\/\/carreau-forbach.com\/fermeture-du-theatre\/#primaryimage\"},\"thumbnailUrl\":\"https:\/\/carreau-forbach.com\/app\/uploads\/2020\/11\/reconfifi-1.jpg\",\"datePublished\":\"2020-11-02T19:12:55+00:00\",\"dateModified\":\"2020-11-02T19:25:55+00:00\",\"breadcrumb\":{\"@id\":\"https:\/\/carreau-forbach.com\/fermeture-du-theatre\/#breadcrumb\"},\"inLanguage\":\"de-DE\",\"potentialAction\":[{\"@type\":\"ReadAction\",\"target\":[\"https:\/\/carreau-forbach.com\/fermeture-du-theatre\/\"]}]},{\"@type\":\"ImageObject\",\"inLanguage\":\"de-DE\",\"@id\":\"https:\/\/carreau-forbach.com\/fermeture-du-theatre\/#primaryimage\",\"url\":\"https:\/\/carreau-forbach.com\/app\/uploads\/2020\/11\/reconfifi-1.jpg\",\"contentUrl\":\"https:\/\/carreau-forbach.com\/app\/uploads\/2020\/11\/reconfifi-1.jpg\",\"width\":3000,\"height\":1500},{\"@type\":\"BreadcrumbList\",\"@id\":\"https:\/\/carreau-forbach.com\/fermeture-du-theatre\/#breadcrumb\",\"itemListElement\":[{\"@type\":\"ListItem\",\"position\":1,\"name\":\"Home\",\"item\":\"https:\/\/carreau-forbach.com\/de\/\"},{\"@type\":\"ListItem\",\"position\":2,\"name\":\"Infos COVID\"}]},{\"@type\":\"WebSite\",\"@id\":\"https:\/\/carreau-forbach.com\/#website\",\"url\":\"https:\/\/carreau-forbach.com\/\",\"name\":\"Le Carreau\",\"description\":\"Sc\u00e8ne nationale de Forbach et de l&#039;Est mosellan\",\"potentialAction\":[{\"@type\":\"SearchAction\",\"target\":{\"@type\":\"EntryPoint\",\"urlTemplate\":\"https:\/\/carreau-forbach.com\/?s={search_term_string}\"},\"query-input\":{\"@type\":\"PropertyValueSpecification\",\"valueRequired\":true,\"valueName\":\"search_term_string\"}}],\"inLanguage\":\"de-DE\"}]}<\/script>","yoast_head_json":{"title":"Infos COVID - Le Carreau","robots":{"index":"index","follow":"follow","max-snippet":"max-snippet:-1","max-image-preview":"max-image-preview:large","max-video-preview":"max-video-preview:-1"},"canonical":"https:\/\/carreau-forbach.com\/fermeture-du-theatre\/","og_locale":"de_DE","og_type":"article","og_title":"Infos COVID - Le Carreau","og_description":"Liebe Zuschauer*innen, ,,Es ist herzzerrei\u00dfend, den Vorhang f\u00fcr eine Spielzeit schlie\u00dfen zu m\u00fcssen. &#8221; sagten wir letzten M\u00e4rz. In Anwendung der\u00a0Verordnung vom 29. Oktober 2020 m\u00fcssen wir bis zum 1. Dezember\u00a0zum zweiten Mal die T\u00fcren des Carreau schlie\u00dfen. Seit Beginn der Spielzeit sind Sie bei den St\u00fccken dabei gewesen, und mehr denn je haben wir &hellip; Continued","og_url":"https:\/\/carreau-forbach.com\/fermeture-du-theatre\/","og_site_name":"Le Carreau","article_modified_time":"2020-11-02T19:25:55+00:00","og_image":[{"width":1024,"height":512,"url":"https:\/\/carreau-forbach.com\/app\/uploads\/2020\/11\/reconfifi-1-1024x512.jpg","type":"image\/jpeg"}],"twitter_card":"summary_large_image","twitter_misc":{"Est. reading time":"1 minute"},"schema":{"@context":"https:\/\/schema.org","@graph":[{"@type":"WebPage","@id":"https:\/\/carreau-forbach.com\/fermeture-du-theatre\/","url":"https:\/\/carreau-forbach.com\/fermeture-du-theatre\/","name":"Infos COVID - Le Carreau","isPartOf":{"@id":"https:\/\/carreau-forbach.com\/#website"},"primaryImageOfPage":{"@id":"https:\/\/carreau-forbach.com\/fermeture-du-theatre\/#primaryimage"},"image":{"@id":"https:\/\/carreau-forbach.com\/fermeture-du-theatre\/#primaryimage"},"thumbnailUrl":"https:\/\/carreau-forbach.com\/app\/uploads\/2020\/11\/reconfifi-1.jpg","datePublished":"2020-11-02T19:12:55+00:00","dateModified":"2020-11-02T19:25:55+00:00","breadcrumb":{"@id":"https:\/\/carreau-forbach.com\/fermeture-du-theatre\/#breadcrumb"},"inLanguage":"de-DE","potentialAction":[{"@type":"ReadAction","target":["https:\/\/carreau-forbach.com\/fermeture-du-theatre\/"]}]},{"@type":"ImageObject","inLanguage":"de-DE","@id":"https:\/\/carreau-forbach.com\/fermeture-du-theatre\/#primaryimage","url":"https:\/\/carreau-forbach.com\/app\/uploads\/2020\/11\/reconfifi-1.jpg","contentUrl":"https:\/\/carreau-forbach.com\/app\/uploads\/2020\/11\/reconfifi-1.jpg","width":3000,"height":1500},{"@type":"BreadcrumbList","@id":"https:\/\/carreau-forbach.com\/fermeture-du-theatre\/#breadcrumb","itemListElement":[{"@type":"ListItem","position":1,"name":"Home","item":"https:\/\/carreau-forbach.com\/de\/"},{"@type":"ListItem","position":2,"name":"Infos COVID"}]},{"@type":"WebSite","@id":"https:\/\/carreau-forbach.com\/#website","url":"https:\/\/carreau-forbach.com\/","name":"Le Carreau","description":"Sc\u00e8ne nationale de Forbach et de l&#039;Est mosellan","potentialAction":[{"@type":"SearchAction","target":{"@type":"EntryPoint","urlTemplate":"https:\/\/carreau-forbach.com\/?s={search_term_string}"},"query-input":{"@type":"PropertyValueSpecification","valueRequired":true,"valueName":"search_term_string"}}],"inLanguage":"de-DE"}]}},"_links":{"self":[{"href":"https:\/\/carreau-forbach.com\/de\/wp-json\/wp\/v2\/pages\/7033","targetHints":{"allow":["GET"]}}],"collection":[{"href":"https:\/\/carreau-forbach.com\/de\/wp-json\/wp\/v2\/pages"}],"about":[{"href":"https:\/\/carreau-forbach.com\/de\/wp-json\/wp\/v2\/types\/page"}],"author":[{"embeddable":true,"href":"https:\/\/carreau-forbach.com\/de\/wp-json\/wp\/v2\/users\/1"}],"replies":[{"embeddable":true,"href":"https:\/\/carreau-forbach.com\/de\/wp-json\/wp\/v2\/comments?post=7033"}],"version-history":[{"count":2,"href":"https:\/\/carreau-forbach.com\/de\/wp-json\/wp\/v2\/pages\/7033\/revisions"}],"predecessor-version":[{"id":7037,"href":"https:\/\/carreau-forbach.com\/de\/wp-json\/wp\/v2\/pages\/7033\/revisions\/7037"}],"wp:featuredmedia":[{"embeddable":true,"href":"https:\/\/carreau-forbach.com\/de\/wp-json\/wp\/v2\/media\/7038"}],"wp:attachment":[{"href":"https:\/\/carreau-forbach.com\/de\/wp-json\/wp\/v2\/media?parent=7033"}],"curies":[{"name":"wp","href":"https:\/\/api.w.org\/{rel}","templated":true}]}}