{"id":6469,"date":"2020-07-03T12:35:40","date_gmt":"2020-07-03T10:35:40","guid":{"rendered":"https:\/\/carreau-forbach.com\/?page_id=6469"},"modified":"2025-07-24T17:49:23","modified_gmt":"2025-07-24T15:49:23","slug":"kartenreservierung","status":"publish","type":"page","link":"https:\/\/carreau-forbach.com\/de\/kartenreservierung\/","title":{"rendered":"Kartenreservierung"},"content":{"rendered":"<h3>PREISE<\/h3>\r\n<!-- \/wp:post-content -->\r\n\r\n<!-- wp:heading {\"level\":4} -->\r\n<h4><span id=\"page536R_mcid5322\" class=\"markedContent\"><span dir=\"ltr\" role=\"presentation\">Einzelticket<\/span><\/span><\/h4>\r\n<!-- \/wp:heading -->\r\n\r\n<!-- wp:paragraph -->\r\n<p><strong>24 \u20ac<\/strong> Normalpreis <strong>20 \u20ac<\/strong> Gruppen ab 10 Personen <strong>20 \u20ac <\/strong>Mitglied MGEN <strong>10 \u20ac<\/strong> Erm\u00e4\u00dfigung f\u00fcr Arbeitslose, Schwerbehinderte, junge Erwachsene bis 28 Jahre* <strong>8 \u20ac<\/strong>\u00a0 Erm\u00e4\u00dfigung f\u00fcr Jugendliche bis 18 Jahre*<\/p>\r\n<h4>ABONNEMENT<\/h4>\r\n<!-- \/wp:paragraph -->\r\n\r\n<!-- wp:paragraph -->\r\n<p><strong>STUDIERENDE UND JUGENDABO 3 ST\u00dcCKE<\/strong> 18 \u20ac + 6 \u20ac f\u00fcr jede weitere Karte<\/p>\r\n<!-- \/wp:paragraph -->\r\n\r\n<!-- wp:paragraph -->\r\n<p>ABO 3 <strong>54 \u20ac + 18 \u20ac<\/strong> f\u00fcr jede weitere Karte\u00a0 <strong>-25%<\/strong><\/p>\r\n<!-- \/wp:paragraph -->\r\n\r\n<!-- wp:paragraph -->\r\n<p>ABO 5 <strong>80 \u20ac + 16 \u20ac<\/strong> f\u00fcr jede weitere Karte\u00a0 <strong>-33%<\/strong><\/p>\r\n<!-- \/wp:paragraph -->\r\n\r\n<!-- wp:paragraph -->\r\n<p>ABO 8 <strong>96 \u20ac + 12 \u20ac<\/strong> f\u00fcr jede weitere Karte\u00a0 <strong>-50%<\/strong><\/p>\r\n<p><strong>+ <em>Piano piano<\/em><\/strong> \u2014 04\/10\/2025<\/p>\r\n<p>Frei fu\u0308r Abonnenten 25\/26<\/p>\r\n<p>Die Buchung der Vorstellung <em>Der Himmel, <strong>Le Ciel, la nuit et la f\u00eate<\/strong><\/em><strong>\u00a0(<em>Tartuffe \/ Don Juan \/ Psyche<\/em>)<\/strong> im Abonnement entspricht zwei Vorstellungen.<\/p>\r\n<!-- \/wp:paragraph -->\r\n\r\n<!-- wp:paragraph -->\r\n<p><strong>Das Abonnement <\/strong>garantiert Ihnen einen Platz und erm\u00f6glicht Ihnen, die beiden Opern im Saarl\u00e4ndischen Staatstheater zum Sonderpreis von 27 \u20ac zu sehen.<\/p>\r\n<p>Sollten Sie nicht zur Vorstellung kommen k\u00f6nnen, <strong>k\u00f6nnen Sie Ihre Karte bis zum Tag der Vorstellung gegen eine andere Vorstellung der laufenden Spielzeit eintauschen.<\/strong><\/p>\r\n<!-- \/wp:paragraph -->\r\n\r\n<!-- wp:heading {\"level\":4} -->\r\n<h4>SCH\u00dcLERGRUPPEN<\/h4>\r\n<p><span id=\"page536R_mcid5374\" class=\"markedContent\"><span dir=\"ltr\" role=\"presentation\"><strong>6\u20ac<\/strong> \/ Sch\u00fcler <strong>+ <\/strong><\/span><\/span><span id=\"page536R_mcid5375\" class=\"markedContent\"><span dir=\"ltr\" role=\"presentation\"><strong>1 kostenlose Begleitperson<\/strong> pro 10 Sch\u00fcler. <\/span><\/span><\/p>\r\n<p>Bitte wenden Sie sich an <span id=\"page536R_mcid5378\" class=\"markedContent\"><span dir=\"ltr\" role=\"presentation\">Cindy Primierollo<\/span><\/span>: <a href=\"mailto:rp-de@carreau-forbach.com\">rp-de@carreau-forbach.com<\/a><\/p>\r\n<h4>PASS CULTURE<\/h4>\r\n<p><span id=\"page536R_mcid5384\" class=\"markedContent\"><span dir=\"ltr\" role=\"presentation\">Zug\u00e4nglich f\u00fcr Inhaber <\/span><\/span><span id=\"page536R_mcid5385\" class=\"markedContent\"><span dir=\"ltr\" role=\"presentation\">(15-20 Jahre) des franz\u00f6sischen Kulturpasses. <\/span><\/span><\/p>\r\n<!-- \/wp:heading -->\r\n\r\n<!-- wp:heading {\"level\":4} -->\r\n<h4>PASSEPORT CULTUREL DER STADT FORBACH<\/h4>\r\n<p>Das Carreau ist Partner des Passeport Culturel der Stadt Forbach. Infos zu den Angeboten finden Sie unter: www.mairie-forbach.fr<\/p>\r\n<h4>FAMILIENKARTE<\/h4>\r\n<!-- \/wp:heading -->\r\n\r\n<!-- wp:paragraph -->\r\n<p><strong>18 \u20ac <\/strong>Erwachsener <strong>6 \u20ac <\/strong> Kind (bis 18 Jahre)<\/p>\r\n<h3>DIE SPENDIERTE KARTE<\/h3>\r\n<p>Das Carreau fu\u0308hrt die Initiative der spendierten Karte fort, \u201eBillet suspendu\u201c. Jeder Zuschauer, jede Zuschauerin kann 6\u20ac auf den Preis seiner Eintrittskarte oder seines Abonnements aufschlagen, ganz gleich in welcher Kategorie, um einer Person, mit geringen Mitteln eine Eintrittskarte zu finanzieren, die diese fu\u0308r ein Stu\u0308ck ihrer Wahl nutzen kann.<\/p>\r\n<h3>SONDERPREISE<\/h3>\r\n<p><strong>Festival LOOSTIK #13<\/strong> \u2014 4 \u2192 9\/11\/2025<br \/>10\u20ac Normalpreis | 5\u20ac Erma\u0308\u00dfigt*<\/p>\r\n<p>&nbsp;<\/p>\r\n<p><strong>Le Ciel, la nuit et la f\u00eate (Le Tartuffe \/ Dom Juan \/ Psych\u00e9)<\/strong> \u2014 21\/03\/2026<\/p>\r\n<p>38\u20ac Normalpreis | 30\u20ac Gruppen + MGEN Mitglied | 20\u20ac Erma\u0308\u00dfigt*<\/p>\r\n<p><strong>\u00a0<\/strong><\/p>\r\n<p><strong>Floril\u00e8ge<\/strong> \u2014 06\/06\/2026<\/p>\r\n<p>18\u20ac Normalpreis | 10\u20ac Erma\u0308\u00dfigt*<\/p>\r\n<p>&nbsp;<\/p>\r\n<p><strong>OverDanse<\/strong> \u2013 11\/06\/2026<\/p>\r\n<p>kostenlos<\/p>\r\n<p>&nbsp;<\/p>\r\n<p>* Gegen Vorlage eines entsprechenden Ausweises<\/p>\r\n<h3><!-- \/wp:paragraph -->\r\n\r\n<!-- wp:heading {\"level\":4} --><\/h3>\r\n<!-- \/wp:heading -->\r\n\r\n<!-- wp:heading {\"level\":4} \/-->\r\n\r\n<!-- wp:heading {\"level\":4} -->\r\n<h4>OPERN AM SAARL\u00c4NDISCHEN STAATSTHEATER <span id=\"page536R_mcid5452\" class=\"markedContent\"><span dir=\"ltr\" role=\"presentation\">(<em>Tosca &amp; Dialogue des Carm\u00e9lites)<\/em><\/span><\/span><span id=\"page536R_mcid5453\" class=\"markedContent\"> <\/span><\/h4>\r\n<!-- \/wp:heading -->\r\n\r\n<!-- wp:paragraph -->\r\n<p><strong>27 \u20ac<\/strong> Preis f\u00fcr Abonnenten des Carreau<\/p>\r\n<p>*Gegen Vorlage eines entsprechenden Ausweises<\/p>\r\n<!-- \/wp:paragraph -->\r\n\r\n<!-- wp:heading {\"level\":3} -->\r\n<h3>RESERVIERUNG &amp; KARTENVERKAUF<\/h3>\r\n<!-- \/wp:heading -->\r\n\r\n<!-- wp:heading {\"level\":4} -->\r\n<h4>THEATERKASSE<\/h4>\r\n<!-- \/wp:heading -->\r\n\r\n<!-- wp:paragraph -->\r\n<p>Von Montag bis Freitag, 14h \u2013 18h. Barzahlung, Kartenzahlung (ab 15 \u20ac).<\/p>\r\n<!-- \/wp:paragraph -->\r\n\r\n<!-- wp:heading {\"level\":4} -->\r\n<h4>TELEFON + 33 (0) 3 87 84 64 34<\/h4>\r\n<!-- \/wp:heading -->\r\n\r\n<!-- wp:paragraph -->\r\n<p>Per Kreditkarte unter Angabe von Kreditkartennummer und G\u00fcltigkeitsdatum. Ihre Karten werden Ihnen am selben Tag per Post zugestellt.<\/p>\r\n<!-- \/wp:paragraph -->\r\n\r\n<!-- wp:heading {\"level\":4} -->\r\n<h4>POSTWEG<\/h4>\r\n<!-- \/wp:heading -->\r\n\r\n<!-- wp:paragraph -->\r\n<p><strong>Le Carreau 71, Avenue Saint-R\u00e9my \u2013 B.P. 40 190 F-57603 Forbach Cedex<\/strong><\/p>\r\n<!-- \/wp:paragraph -->\r\n\r\n<!-- wp:paragraph -->\r\n<p>Zahlung per Kreditkarte unter Angabe von Kreditkartennummer und G\u00fcltigkeitsdatum.<\/p>\r\n<!-- \/wp:paragraph -->\r\n\r\n<!-- wp:heading {\"level\":4} -->\r\n<h4>PER MAIL AN<\/h4>\r\n<!-- \/wp:heading -->\r\n\r\n<!-- wp:paragraph -->\r\n<p><a href=\"mailto:billetterie@carreau-forbach.com\"><strong>billetterie@carreau-forbach.com<\/strong><\/a> Auf Karten, die innerhalb von vier Tagen nach Reservierung nicht bezahlt worden sind, besteht kein Anspruch.<\/p>\r\n<!-- \/wp:paragraph -->\r\n\r\n<!-- wp:heading {\"level\":4} -->\r\n<h4>\u00dcBERS INTERNET<\/h4>\r\n<!-- \/wp:heading -->\r\n\r\n<!-- wp:paragraph -->\r\n<p><a href=\"http:\/\/www.carreau-forbach.com\"><strong>www.carreau-forbach.com<\/strong><\/a><\/p>\r\n<!-- \/wp:paragraph -->\r\n\r\n<!-- wp:paragraph -->\r\n<p>&nbsp;<\/p>\r\n<p>Sollten Sie Abonnent sein und nicht zur einer gebuchten Vorstellung kommen ko\u0308nnen, ko\u0308nnen Sie Ihre Karte bis zum Tag der Vorstellung gegen eine andere Vorstellung der laufenden Spielzeit eintauschen.<\/p>\r\n<h3><span id=\"page543R_mcid5501\" class=\"markedContent\"><span dir=\"ltr\" role=\"presentation\">Online-Verkauf<\/span><\/span><\/h3>\r\n<p>Ab dem <strong>1. September 2025<\/strong> und wa\u0308hrend der gesamten Spielzeit ko\u0308nnen Sie auf der Internetseite des Carreau Ihre Pla\u0308tze reservieren und bezahlen. Onlinezahlung nur per Kreditkarte. Die Karten werden Ihnen per Post zugestellt, oder ko\u0308nnen an der Abendkasse abgeholt werden. Erma\u0308\u00dfigte Karten sind mit entsprechendem Ausweis an der Theaterkasse abzuholen.<\/p>\r\n<!-- \/wp:paragraph -->\r\n\r\n","protected":false},"excerpt":{"rendered":"<p>PREISE Einzelticket 24 \u20ac Normalpreis 20 \u20ac Gruppen ab 10 Personen 20 \u20ac Mitglied MGEN 10 \u20ac Erm\u00e4\u00dfigung f\u00fcr Arbeitslose, Schwerbehinderte, junge Erwachsene bis 28 Jahre* 8 \u20ac\u00a0 Erm\u00e4\u00dfigung f\u00fcr Jugendliche bis 18 Jahre* ABONNEMENT STUDIERENDE UND JUGENDABO 3 ST\u00dcCKE 18 \u20ac + 6 \u20ac f\u00fcr jede weitere Karte ABO 3 54 \u20ac + 18 &hellip; <a href=\"https:\/\/carreau-forbach.com\/de\/kartenreservierung\/\">Continued<\/a><\/p>\n","protected":false},"author":1,"featured_media":0,"parent":0,"menu_order":0,"comment_status":"closed","ping_status":"closed","template":"","meta":{"_acf_changed":false,"footnotes":""},"class_list":["post-6469","page","type-page","status-publish","hentry"],"acf":[],"yoast_head":"<title>Kartenreservierung - Le Carreau<\/title>\n<meta name=\"robots\" content=\"index, follow, max-snippet:-1, max-image-preview:large, max-video-preview:-1\" \/>\n<link rel=\"canonical\" href=\"https:\/\/carreau-forbach.com\/de\/kartenreservierung\/\" \/>\n<meta property=\"og:locale\" content=\"de_DE\" \/>\n<meta property=\"og:type\" content=\"article\" \/>\n<meta property=\"og:title\" content=\"Kartenreservierung - Le Carreau\" \/>\n<meta property=\"og:description\" content=\"PREISE Einzelticket 24 \u20ac Normalpreis 20 \u20ac Gruppen ab 10 Personen 20 \u20ac Mitglied MGEN 10 \u20ac Erm\u00e4\u00dfigung f\u00fcr Arbeitslose, Schwerbehinderte, junge Erwachsene bis 28 Jahre* 8 \u20ac\u00a0 Erm\u00e4\u00dfigung f\u00fcr Jugendliche bis 18 Jahre* ABONNEMENT STUDIERENDE UND JUGENDABO 3 ST\u00dcCKE 18 \u20ac + 6 \u20ac f\u00fcr jede weitere Karte ABO 3 54 \u20ac + 18 &hellip; Continued\" \/>\n<meta property=\"og:url\" content=\"https:\/\/carreau-forbach.com\/de\/kartenreservierung\/\" \/>\n<meta property=\"og:site_name\" content=\"Le Carreau\" \/>\n<meta property=\"article:modified_time\" content=\"2025-07-24T15:49:23+00:00\" \/>\n<meta name=\"twitter:card\" content=\"summary_large_image\" \/>\n<meta name=\"twitter:label1\" content=\"Est. reading time\" \/>\n\t<meta name=\"twitter:data1\" content=\"3 minutes\" \/>\n<script type=\"application\/ld+json\" class=\"yoast-schema-graph\">{\"@context\":\"https:\/\/schema.org\",\"@graph\":[{\"@type\":\"WebPage\",\"@id\":\"https:\/\/carreau-forbach.com\/de\/kartenreservierung\/\",\"url\":\"https:\/\/carreau-forbach.com\/de\/kartenreservierung\/\",\"name\":\"Kartenreservierung - Le Carreau\",\"isPartOf\":{\"@id\":\"https:\/\/carreau-forbach.com\/#website\"},\"datePublished\":\"2020-07-03T10:35:40+00:00\",\"dateModified\":\"2025-07-24T15:49:23+00:00\",\"breadcrumb\":{\"@id\":\"https:\/\/carreau-forbach.com\/de\/kartenreservierung\/#breadcrumb\"},\"inLanguage\":\"de-DE\",\"potentialAction\":[{\"@type\":\"ReadAction\",\"target\":[\"https:\/\/carreau-forbach.com\/de\/kartenreservierung\/\"]}]},{\"@type\":\"BreadcrumbList\",\"@id\":\"https:\/\/carreau-forbach.com\/de\/kartenreservierung\/#breadcrumb\",\"itemListElement\":[{\"@type\":\"ListItem\",\"position\":1,\"name\":\"Home\",\"item\":\"https:\/\/carreau-forbach.com\/de\/\"},{\"@type\":\"ListItem\",\"position\":2,\"name\":\"Kartenreservierung\"}]},{\"@type\":\"WebSite\",\"@id\":\"https:\/\/carreau-forbach.com\/#website\",\"url\":\"https:\/\/carreau-forbach.com\/\",\"name\":\"Le Carreau\",\"description\":\"Sc\u00e8ne nationale de Forbach et de l&#039;Est mosellan\",\"potentialAction\":[{\"@type\":\"SearchAction\",\"target\":{\"@type\":\"EntryPoint\",\"urlTemplate\":\"https:\/\/carreau-forbach.com\/?s={search_term_string}\"},\"query-input\":{\"@type\":\"PropertyValueSpecification\",\"valueRequired\":true,\"valueName\":\"search_term_string\"}}],\"inLanguage\":\"de-DE\"}]}<\/script>","yoast_head_json":{"title":"Kartenreservierung - Le Carreau","robots":{"index":"index","follow":"follow","max-snippet":"max-snippet:-1","max-image-preview":"max-image-preview:large","max-video-preview":"max-video-preview:-1"},"canonical":"https:\/\/carreau-forbach.com\/de\/kartenreservierung\/","og_locale":"de_DE","og_type":"article","og_title":"Kartenreservierung - Le Carreau","og_description":"PREISE Einzelticket 24 \u20ac Normalpreis 20 \u20ac Gruppen ab 10 Personen 20 \u20ac Mitglied MGEN 10 \u20ac Erm\u00e4\u00dfigung f\u00fcr Arbeitslose, Schwerbehinderte, junge Erwachsene bis 28 Jahre* 8 \u20ac\u00a0 Erm\u00e4\u00dfigung f\u00fcr Jugendliche bis 18 Jahre* ABONNEMENT STUDIERENDE UND JUGENDABO 3 ST\u00dcCKE 18 \u20ac + 6 \u20ac f\u00fcr jede weitere Karte ABO 3 54 \u20ac + 18 &hellip; Continued","og_url":"https:\/\/carreau-forbach.com\/de\/kartenreservierung\/","og_site_name":"Le Carreau","article_modified_time":"2025-07-24T15:49:23+00:00","twitter_card":"summary_large_image","twitter_misc":{"Est. reading time":"3 minutes"},"schema":{"@context":"https:\/\/schema.org","@graph":[{"@type":"WebPage","@id":"https:\/\/carreau-forbach.com\/de\/kartenreservierung\/","url":"https:\/\/carreau-forbach.com\/de\/kartenreservierung\/","name":"Kartenreservierung - Le Carreau","isPartOf":{"@id":"https:\/\/carreau-forbach.com\/#website"},"datePublished":"2020-07-03T10:35:40+00:00","dateModified":"2025-07-24T15:49:23+00:00","breadcrumb":{"@id":"https:\/\/carreau-forbach.com\/de\/kartenreservierung\/#breadcrumb"},"inLanguage":"de-DE","potentialAction":[{"@type":"ReadAction","target":["https:\/\/carreau-forbach.com\/de\/kartenreservierung\/"]}]},{"@type":"BreadcrumbList","@id":"https:\/\/carreau-forbach.com\/de\/kartenreservierung\/#breadcrumb","itemListElement":[{"@type":"ListItem","position":1,"name":"Home","item":"https:\/\/carreau-forbach.com\/de\/"},{"@type":"ListItem","position":2,"name":"Kartenreservierung"}]},{"@type":"WebSite","@id":"https:\/\/carreau-forbach.com\/#website","url":"https:\/\/carreau-forbach.com\/","name":"Le Carreau","description":"Sc\u00e8ne nationale de Forbach et de l&#039;Est mosellan","potentialAction":[{"@type":"SearchAction","target":{"@type":"EntryPoint","urlTemplate":"https:\/\/carreau-forbach.com\/?s={search_term_string}"},"query-input":{"@type":"PropertyValueSpecification","valueRequired":true,"valueName":"search_term_string"}}],"inLanguage":"de-DE"}]}},"_links":{"self":[{"href":"https:\/\/carreau-forbach.com\/de\/wp-json\/wp\/v2\/pages\/6469","targetHints":{"allow":["GET"]}}],"collection":[{"href":"https:\/\/carreau-forbach.com\/de\/wp-json\/wp\/v2\/pages"}],"about":[{"href":"https:\/\/carreau-forbach.com\/de\/wp-json\/wp\/v2\/types\/page"}],"author":[{"embeddable":true,"href":"https:\/\/carreau-forbach.com\/de\/wp-json\/wp\/v2\/users\/1"}],"replies":[{"embeddable":true,"href":"https:\/\/carreau-forbach.com\/de\/wp-json\/wp\/v2\/comments?post=6469"}],"version-history":[{"count":26,"href":"https:\/\/carreau-forbach.com\/de\/wp-json\/wp\/v2\/pages\/6469\/revisions"}],"predecessor-version":[{"id":13411,"href":"https:\/\/carreau-forbach.com\/de\/wp-json\/wp\/v2\/pages\/6469\/revisions\/13411"}],"wp:attachment":[{"href":"https:\/\/carreau-forbach.com\/de\/wp-json\/wp\/v2\/media?parent=6469"}],"curies":[{"name":"wp","href":"https:\/\/api.w.org\/{rel}","templated":true}]}}