{"id":6461,"date":"2020-07-03T11:46:10","date_gmt":"2020-07-03T09:46:10","guid":{"rendered":"https:\/\/carreau-forbach.com\/?page_id=6461"},"modified":"2025-07-17T18:46:27","modified_gmt":"2025-07-17T16:46:27","slug":"kuenstlerische-und-kulturelle-bildung","status":"publish","type":"page","link":"https:\/\/carreau-forbach.com\/de\/kuenstlerische-und-kulturelle-bildung\/","title":{"rendered":"K\u00fcnstlerische und kulturelle Bildung"},"content":{"rendered":"<h2>Barrierefreiheit fu\u0308r jedes Publikum<\/h2>\n<p>Das Carreau entwickelt Projekte der kulturellen und ku\u0308nstlerischen Bildung und arbeitet mit jedem Publikum zusammen, sei es in der Arbeit mit Menschen mit Behinderung, Bewohnern von Altersheimen oder sozial Schwachen&#8230; Der Blick auf sich selbst und auf andere ist in diesem Kontext a\u0308u\u00dferst wichtig: Ku\u0308nstlerisches Arbeiten kann nicht nur Vertrauen zuru\u0308ckgeben, man wird auch von seiner Umgebung anders wahrgenommen.<\/p>\n<p><strong>Wenn Sie ein Projekt mit uns aufbauen wollen, treten Sie mit uns in Kontakt:<\/strong><br \/>\nFa\u00efza Philippe, Referentin fu\u0308r \u00d6ffentlichkeitsarbeit<br \/>\n<a href=\"mailto:diffusion@carreau-forbach.com\">diffusion@carreau-forbach.com<\/a> \/ +33 (0)3 87 84 50 35<\/p>\n<p>&nbsp;<\/p>\n<h2>Projekte im schulischen Bereich<\/h2>\n<p>Seit seiner Gru\u0308ndung ist die kulturelle Jugendarbeit ein Schwerpunkt des Carreau. Es verfolgt eine entschlossene Politik, indem es verschiedene Praxisaktionen durchfu\u0308hrt und gemeinsame Projekte ansto\u0308\u00dft, die mit Mitteln der DRAC Grand Est \u00fcber das Angebot des franz\u00f6sischen Kulturpasses den und der DAAC &#8211; Akademie Nancy-Metz finanziert werden. Das ganze Jahr u\u0308ber teilen dem Carreau nahestehende oder auf dem Spielplan stehende Ku\u0308nstlerinnen und K\u00fcnstler ihre Leidenschaft fu\u0308r die darstellenden Ku\u0308nste mit Schu\u0308lerinnen und Sch\u00fclern aus dem De\u0301partement Moselle und dem Saarland in so verschiedenen Disziplinen wie Theater, Tanz, Puppentheater oder Video. Die ku\u0308nstlerische und kulturelle Bildung ist ein wichtiger Tra\u0308ger der Sensibilisierung der Ju\u0308ngsten fu\u0308r die Kultur, zur Emanzipation der Individuen und fu\u0308r ihre soziale Integration. Sehen lernen, zuho\u0308ren, die Besonderheit eines Werkes spu\u0308ren, bedeutet auch, offen sein gegenu\u0308ber vielen Formen von Austausch, und Lust haben, sie anzunehmen, weil man mitfu\u0308hlen kann. Die Schu\u0308lerinnen und Sch\u00fcler und Residenten der Partnerinstitutionen des Carreau ko\u0308nnen ihre Arbeiten anla\u0308sslich einer besonderen Veranstaltung vorstellen: Re\u0301-Kreation.<\/p>\n<p><strong>Wenn Sie ein Projekt mit uns aufbauen wollen, treten Sie mit uns in Kontakt:<\/strong><\/p>\n<p>Cindy Primierollo, Leiterin der O\u0308ffentlichkeitsarbeit: <a href=\"mailto:rp-de@carreau-forbach.com\">rp-de@carreau-forbach.com <\/a>\/ +33 (0)3 87 84 64 33<\/p>\n<p>Marjorie Tonnelier \/ Vermittelnde Lehrkraft: <a href=\"mailto:marjorie.tonnelier@ac-nancy-metz.fr\">marjorie.tonnelier@ac-nancy-metz.fr<\/a>\u00a0<strong> \/ <\/strong>+33 (0) 6 09 79 31 62<\/p>\n<p>&nbsp;<\/p>\n<h2>Grenzu\u0308berschreitende Praxisworkshops<\/h2>\n<p>Das Carreau koordiniert grenzu\u0308berschreitende, deutsch-franzo\u0308sische Theater- und Tanzprojekte. Sie werden vom Carreau, der DRAC Grand Est \u00fcber das Angebot des franz\u00f6sischen Kulturpasses, dem Rectorat Nancy-Metz und dem Ministerium fu\u0308r Bildung und Kultur des Saarlandes finanziert. Diese deutsch-franzo\u0308sischen Workshops bringen Teilnehmerinnen und Teilnehmer aus Einrichtungen von beiden Seiten der Grenze zusammen, und machen es sich zur Aufgabe, die Lust zu vertiefen, eine andere Kultur und Sprache durch spielerische und weniger schulische Methoden scha\u0308tzen zu lernen. Abgesehen vom sprachlichen und (inter-)kulturellen Aspekt, tra\u0308gt diese Erfahrung auch zur perso\u0308nlichen Entwicklung der Schu\u0308lerinnen und Sch\u00fcler bei:<\/p>\n<p><strong>Wenn Sie an diesen Projekten teilnehmen wollen, <\/strong><strong>melden Sie sich bei:<\/strong><br \/>\nCindy Primierollo, Leiterin der O\u0308ffentlichkeitsarbeit: <a href=\"mailto:rp-de@carreau-forbach.com\">rp-de@carreau-forbach.com <\/a>\/ +33 (0)3 87 84 64 33<\/p>\n<p>&nbsp;<\/p>\n<h2>Lesezirkel in der Schule<\/h2>\n<h4>Zeitgen\u00f6ssisches Theater: argumentieren, lesen, sprechen und sehen<\/h4>\n<p>Die deutsch-franzo\u0308sischen Lektu\u0308rekomitees bieten in Zusammenarbeit mit Schauspielerinnen und Schauspielern, Autoren und Dramaturgen, die ihre Kenntnisse und ihre Liebe zur Sprache des Theaters mit den Schu\u0308lerinnen und Sch\u00fclern teilen, eine Einfu\u0308hrung in die Lektu\u0308re und Analyse franzo\u0308sisch- und deutschsprachiger zeitgeno\u0308ssischer Dramatik an. Sie ermo\u0308glichen es, eine lebendige und oft verkannte Literatur zu entdecken und ihre Autoren und U\u0308bersetzer zu treffen. Wie bei einem professionellen Lektu\u0308rekomitee bestimmt die Gruppe Zielvorgaben und arbeitet in verschiedenen Etappen: Lektu\u0308re der Texte, Diskussion, Auswahl und Stimmbildung.<\/p>\n<p><strong>Wenn Sie an diesen Projekten teilnehmen wollen, melden Sie sich bei:<\/strong><\/p>\n<p>Cindy Primierollo, Leiterin der O\u0308ffentlichkeitsarbeit: <a href=\"mailto:rp-de@carreau-forbach.com\">rp-de@carreau-forbach.com <\/a>\/ +33 (0)3 87 84 64 33<\/p>\n<p>&nbsp;<\/p>\n","protected":false},"excerpt":{"rendered":"<p>Barrierefreiheit fu\u0308r jedes Publikum Das Carreau entwickelt Projekte der kulturellen und ku\u0308nstlerischen Bildung und arbeitet mit jedem Publikum zusammen, sei es in der Arbeit mit Menschen mit Behinderung, Bewohnern von Altersheimen oder sozial Schwachen&#8230; Der Blick auf sich selbst und auf andere ist in diesem Kontext a\u0308u\u00dferst wichtig: Ku\u0308nstlerisches Arbeiten kann nicht nur Vertrauen zuru\u0308ckgeben, &hellip; <a href=\"https:\/\/carreau-forbach.com\/de\/kuenstlerische-und-kulturelle-bildung\/\">Continued<\/a><\/p>\n","protected":false},"author":1,"featured_media":0,"parent":0,"menu_order":0,"comment_status":"closed","ping_status":"closed","template":"","meta":{"_acf_changed":false,"footnotes":""},"class_list":["post-6461","page","type-page","status-publish","hentry"],"acf":[],"yoast_head":"<title>K\u00fcnstlerische und kulturelle Bildung - Le Carreau<\/title>\n<meta name=\"robots\" content=\"index, follow, max-snippet:-1, max-image-preview:large, max-video-preview:-1\" \/>\n<link rel=\"canonical\" href=\"https:\/\/carreau-forbach.com\/de\/kuenstlerische-und-kulturelle-bildung\/\" \/>\n<meta property=\"og:locale\" content=\"de_DE\" \/>\n<meta property=\"og:type\" content=\"article\" \/>\n<meta property=\"og:title\" content=\"K\u00fcnstlerische und kulturelle Bildung - Le Carreau\" \/>\n<meta property=\"og:description\" content=\"Barrierefreiheit fu\u0308r jedes Publikum Das Carreau entwickelt Projekte der kulturellen und ku\u0308nstlerischen Bildung und arbeitet mit jedem Publikum zusammen, sei es in der Arbeit mit Menschen mit Behinderung, Bewohnern von Altersheimen oder sozial Schwachen&#8230; Der Blick auf sich selbst und auf andere ist in diesem Kontext a\u0308u\u00dferst wichtig: Ku\u0308nstlerisches Arbeiten kann nicht nur Vertrauen zuru\u0308ckgeben, &hellip; Continued\" \/>\n<meta property=\"og:url\" content=\"https:\/\/carreau-forbach.com\/de\/kuenstlerische-und-kulturelle-bildung\/\" \/>\n<meta property=\"og:site_name\" content=\"Le Carreau\" \/>\n<meta property=\"article:modified_time\" content=\"2025-07-17T16:46:27+00:00\" \/>\n<meta name=\"twitter:card\" content=\"summary_large_image\" \/>\n<meta name=\"twitter:label1\" content=\"Est. reading time\" \/>\n\t<meta name=\"twitter:data1\" content=\"3 minutes\" \/>\n<script type=\"application\/ld+json\" class=\"yoast-schema-graph\">{\"@context\":\"https:\/\/schema.org\",\"@graph\":[{\"@type\":\"WebPage\",\"@id\":\"https:\/\/carreau-forbach.com\/de\/kuenstlerische-und-kulturelle-bildung\/\",\"url\":\"https:\/\/carreau-forbach.com\/de\/kuenstlerische-und-kulturelle-bildung\/\",\"name\":\"K\u00fcnstlerische und kulturelle Bildung - Le Carreau\",\"isPartOf\":{\"@id\":\"https:\/\/carreau-forbach.com\/#website\"},\"datePublished\":\"2020-07-03T09:46:10+00:00\",\"dateModified\":\"2025-07-17T16:46:27+00:00\",\"breadcrumb\":{\"@id\":\"https:\/\/carreau-forbach.com\/de\/kuenstlerische-und-kulturelle-bildung\/#breadcrumb\"},\"inLanguage\":\"de-DE\",\"potentialAction\":[{\"@type\":\"ReadAction\",\"target\":[\"https:\/\/carreau-forbach.com\/de\/kuenstlerische-und-kulturelle-bildung\/\"]}]},{\"@type\":\"BreadcrumbList\",\"@id\":\"https:\/\/carreau-forbach.com\/de\/kuenstlerische-und-kulturelle-bildung\/#breadcrumb\",\"itemListElement\":[{\"@type\":\"ListItem\",\"position\":1,\"name\":\"Home\",\"item\":\"https:\/\/carreau-forbach.com\/de\/\"},{\"@type\":\"ListItem\",\"position\":2,\"name\":\"K\u00fcnstlerische und kulturelle Bildung\"}]},{\"@type\":\"WebSite\",\"@id\":\"https:\/\/carreau-forbach.com\/#website\",\"url\":\"https:\/\/carreau-forbach.com\/\",\"name\":\"Le Carreau\",\"description\":\"Sc\u00e8ne nationale de Forbach et de l&#039;Est mosellan\",\"potentialAction\":[{\"@type\":\"SearchAction\",\"target\":{\"@type\":\"EntryPoint\",\"urlTemplate\":\"https:\/\/carreau-forbach.com\/?s={search_term_string}\"},\"query-input\":{\"@type\":\"PropertyValueSpecification\",\"valueRequired\":true,\"valueName\":\"search_term_string\"}}],\"inLanguage\":\"de-DE\"}]}<\/script>","yoast_head_json":{"title":"K\u00fcnstlerische und kulturelle Bildung - Le Carreau","robots":{"index":"index","follow":"follow","max-snippet":"max-snippet:-1","max-image-preview":"max-image-preview:large","max-video-preview":"max-video-preview:-1"},"canonical":"https:\/\/carreau-forbach.com\/de\/kuenstlerische-und-kulturelle-bildung\/","og_locale":"de_DE","og_type":"article","og_title":"K\u00fcnstlerische und kulturelle Bildung - Le Carreau","og_description":"Barrierefreiheit fu\u0308r jedes Publikum Das Carreau entwickelt Projekte der kulturellen und ku\u0308nstlerischen Bildung und arbeitet mit jedem Publikum zusammen, sei es in der Arbeit mit Menschen mit Behinderung, Bewohnern von Altersheimen oder sozial Schwachen&#8230; Der Blick auf sich selbst und auf andere ist in diesem Kontext a\u0308u\u00dferst wichtig: Ku\u0308nstlerisches Arbeiten kann nicht nur Vertrauen zuru\u0308ckgeben, &hellip; Continued","og_url":"https:\/\/carreau-forbach.com\/de\/kuenstlerische-und-kulturelle-bildung\/","og_site_name":"Le Carreau","article_modified_time":"2025-07-17T16:46:27+00:00","twitter_card":"summary_large_image","twitter_misc":{"Est. reading time":"3 minutes"},"schema":{"@context":"https:\/\/schema.org","@graph":[{"@type":"WebPage","@id":"https:\/\/carreau-forbach.com\/de\/kuenstlerische-und-kulturelle-bildung\/","url":"https:\/\/carreau-forbach.com\/de\/kuenstlerische-und-kulturelle-bildung\/","name":"K\u00fcnstlerische und kulturelle Bildung - Le Carreau","isPartOf":{"@id":"https:\/\/carreau-forbach.com\/#website"},"datePublished":"2020-07-03T09:46:10+00:00","dateModified":"2025-07-17T16:46:27+00:00","breadcrumb":{"@id":"https:\/\/carreau-forbach.com\/de\/kuenstlerische-und-kulturelle-bildung\/#breadcrumb"},"inLanguage":"de-DE","potentialAction":[{"@type":"ReadAction","target":["https:\/\/carreau-forbach.com\/de\/kuenstlerische-und-kulturelle-bildung\/"]}]},{"@type":"BreadcrumbList","@id":"https:\/\/carreau-forbach.com\/de\/kuenstlerische-und-kulturelle-bildung\/#breadcrumb","itemListElement":[{"@type":"ListItem","position":1,"name":"Home","item":"https:\/\/carreau-forbach.com\/de\/"},{"@type":"ListItem","position":2,"name":"K\u00fcnstlerische und kulturelle Bildung"}]},{"@type":"WebSite","@id":"https:\/\/carreau-forbach.com\/#website","url":"https:\/\/carreau-forbach.com\/","name":"Le Carreau","description":"Sc\u00e8ne nationale de Forbach et de l&#039;Est mosellan","potentialAction":[{"@type":"SearchAction","target":{"@type":"EntryPoint","urlTemplate":"https:\/\/carreau-forbach.com\/?s={search_term_string}"},"query-input":{"@type":"PropertyValueSpecification","valueRequired":true,"valueName":"search_term_string"}}],"inLanguage":"de-DE"}]}},"_links":{"self":[{"href":"https:\/\/carreau-forbach.com\/de\/wp-json\/wp\/v2\/pages\/6461","targetHints":{"allow":["GET"]}}],"collection":[{"href":"https:\/\/carreau-forbach.com\/de\/wp-json\/wp\/v2\/pages"}],"about":[{"href":"https:\/\/carreau-forbach.com\/de\/wp-json\/wp\/v2\/types\/page"}],"author":[{"embeddable":true,"href":"https:\/\/carreau-forbach.com\/de\/wp-json\/wp\/v2\/users\/1"}],"replies":[{"embeddable":true,"href":"https:\/\/carreau-forbach.com\/de\/wp-json\/wp\/v2\/comments?post=6461"}],"version-history":[{"count":18,"href":"https:\/\/carreau-forbach.com\/de\/wp-json\/wp\/v2\/pages\/6461\/revisions"}],"predecessor-version":[{"id":12850,"href":"https:\/\/carreau-forbach.com\/de\/wp-json\/wp\/v2\/pages\/6461\/revisions\/12850"}],"wp:attachment":[{"href":"https:\/\/carreau-forbach.com\/de\/wp-json\/wp\/v2\/media?parent=6461"}],"curies":[{"name":"wp","href":"https:\/\/api.w.org\/{rel}","templated":true}]}}