{"id":5938,"date":"2020-04-22T17:23:07","date_gmt":"2020-04-22T15:23:07","guid":{"rendered":"https:\/\/carreau-forbach.com\/?page_id=5938"},"modified":"2020-04-22T17:41:12","modified_gmt":"2020-04-22T15:41:12","slug":"solidarische-marionetten","status":"publish","type":"page","link":"https:\/\/carreau-forbach.com\/de\/solidarische-marionetten\/","title":{"rendered":"Solidarische Marionetten!"},"content":{"rendered":"<p>Die K\u00fcnstlerInnen von<strong> Les Anges au Plafond<\/strong> (zuvor im Carreau mit <em>Une Antigone de Papier<\/em>, <em>Les mains de Camille<\/em> und <em>R.A.G.E<\/em>), wichtige Figuren der franz\u00f6sischen Marionettenkunst, h\u00f6ren nie auf, ihre Marionetten zu manipulieren&#8230; die ebenfalls auch eingesperrt sind!<\/p>\n<p>Bevor Sie sie auf der B\u00fchne wiedersehen, haben die Marionetten f\u00fcr Sie ein <strong>Video<\/strong> zusammengestellt&#8230;<\/p>\n<p><iframe loading=\"lazy\" title=\"Marionnettes solidaires !\" width=\"500\" height=\"281\" src=\"https:\/\/www.youtube.com\/embed\/FVhU70nPT2E?start=4&#038;feature=oembed\" frameborder=\"0\" allow=\"accelerometer; autoplay; clipboard-write; encrypted-media; gyroscope; picture-in-picture; web-share\" referrerpolicy=\"strict-origin-when-cross-origin\" allowfullscreen><\/iframe><\/p>\n","protected":false},"excerpt":{"rendered":"<p>Die K\u00fcnstlerInnen von Les Anges au Plafond (zuvor im Carreau mit Une Antigone de Papier, Les mains de Camille und R.A.G.E), wichtige Figuren der franz\u00f6sischen Marionettenkunst, h\u00f6ren nie auf, ihre Marionetten zu manipulieren&#8230; die ebenfalls auch eingesperrt sind! Bevor Sie sie auf der B\u00fchne wiedersehen, haben die Marionetten f\u00fcr Sie ein Video zusammengestellt&#8230;<\/p>\n","protected":false},"author":1,"featured_media":5950,"parent":0,"menu_order":0,"comment_status":"closed","ping_status":"closed","template":"","meta":{"_acf_changed":false,"footnotes":""},"class_list":["post-5938","page","type-page","status-publish","has-post-thumbnail","hentry"],"acf":[],"yoast_head":"<title>Solidarische Marionetten! - Le Carreau<\/title>\n<meta name=\"robots\" content=\"index, follow, max-snippet:-1, max-image-preview:large, max-video-preview:-1\" \/>\n<link rel=\"canonical\" href=\"https:\/\/carreau-forbach.com\/marionnettes-solidaires\/\" \/>\n<meta property=\"og:locale\" content=\"de_DE\" \/>\n<meta property=\"og:type\" content=\"article\" \/>\n<meta property=\"og:title\" content=\"Solidarische Marionetten! - Le Carreau\" \/>\n<meta property=\"og:description\" content=\"Die K\u00fcnstlerInnen von Les Anges au Plafond (zuvor im Carreau mit Une Antigone de Papier, Les mains de Camille und R.A.G.E), wichtige Figuren der franz\u00f6sischen Marionettenkunst, h\u00f6ren nie auf, ihre Marionetten zu manipulieren&#8230; die ebenfalls auch eingesperrt sind! Bevor Sie sie auf der B\u00fchne wiedersehen, haben die Marionetten f\u00fcr Sie ein Video zusammengestellt&#8230;\" \/>\n<meta property=\"og:url\" content=\"https:\/\/carreau-forbach.com\/marionnettes-solidaires\/\" \/>\n<meta property=\"og:site_name\" content=\"Le Carreau\" \/>\n<meta property=\"article:modified_time\" content=\"2020-04-22T15:41:12+00:00\" \/>\n<meta property=\"og:image\" content=\"https:\/\/carreau-forbach.com\/app\/uploads\/2020\/04\/ange-aup-2.jpg\" \/>\n\t<meta property=\"og:image:width\" content=\"1346\" \/>\n\t<meta property=\"og:image:height\" content=\"772\" \/>\n\t<meta property=\"og:image:type\" content=\"image\/jpeg\" \/>\n<meta name=\"twitter:card\" content=\"summary_large_image\" \/>\n<script type=\"application\/ld+json\" class=\"yoast-schema-graph\">{\"@context\":\"https:\/\/schema.org\",\"@graph\":[{\"@type\":\"WebPage\",\"@id\":\"https:\/\/carreau-forbach.com\/marionnettes-solidaires\/\",\"url\":\"https:\/\/carreau-forbach.com\/marionnettes-solidaires\/\",\"name\":\"Solidarische Marionetten! - Le Carreau\",\"isPartOf\":{\"@id\":\"https:\/\/carreau-forbach.com\/#website\"},\"primaryImageOfPage\":{\"@id\":\"https:\/\/carreau-forbach.com\/marionnettes-solidaires\/#primaryimage\"},\"image\":{\"@id\":\"https:\/\/carreau-forbach.com\/marionnettes-solidaires\/#primaryimage\"},\"thumbnailUrl\":\"https:\/\/carreau-forbach.com\/app\/uploads\/2020\/04\/ange-aup-2.jpg\",\"datePublished\":\"2020-04-22T15:23:07+00:00\",\"dateModified\":\"2020-04-22T15:41:12+00:00\",\"breadcrumb\":{\"@id\":\"https:\/\/carreau-forbach.com\/marionnettes-solidaires\/#breadcrumb\"},\"inLanguage\":\"de-DE\",\"potentialAction\":[{\"@type\":\"ReadAction\",\"target\":[\"https:\/\/carreau-forbach.com\/marionnettes-solidaires\/\"]}]},{\"@type\":\"ImageObject\",\"inLanguage\":\"de-DE\",\"@id\":\"https:\/\/carreau-forbach.com\/marionnettes-solidaires\/#primaryimage\",\"url\":\"https:\/\/carreau-forbach.com\/app\/uploads\/2020\/04\/ange-aup-2.jpg\",\"contentUrl\":\"https:\/\/carreau-forbach.com\/app\/uploads\/2020\/04\/ange-aup-2.jpg\",\"width\":1346,\"height\":772},{\"@type\":\"BreadcrumbList\",\"@id\":\"https:\/\/carreau-forbach.com\/marionnettes-solidaires\/#breadcrumb\",\"itemListElement\":[{\"@type\":\"ListItem\",\"position\":1,\"name\":\"Home\",\"item\":\"https:\/\/carreau-forbach.com\/de\/\"},{\"@type\":\"ListItem\",\"position\":2,\"name\":\"Solidarische Marionetten!\"}]},{\"@type\":\"WebSite\",\"@id\":\"https:\/\/carreau-forbach.com\/#website\",\"url\":\"https:\/\/carreau-forbach.com\/\",\"name\":\"Le Carreau\",\"description\":\"Sc\u00e8ne nationale de Forbach et de l&#039;Est mosellan\",\"potentialAction\":[{\"@type\":\"SearchAction\",\"target\":{\"@type\":\"EntryPoint\",\"urlTemplate\":\"https:\/\/carreau-forbach.com\/?s={search_term_string}\"},\"query-input\":{\"@type\":\"PropertyValueSpecification\",\"valueRequired\":true,\"valueName\":\"search_term_string\"}}],\"inLanguage\":\"de-DE\"}]}<\/script>","yoast_head_json":{"title":"Solidarische Marionetten! - Le Carreau","robots":{"index":"index","follow":"follow","max-snippet":"max-snippet:-1","max-image-preview":"max-image-preview:large","max-video-preview":"max-video-preview:-1"},"canonical":"https:\/\/carreau-forbach.com\/marionnettes-solidaires\/","og_locale":"de_DE","og_type":"article","og_title":"Solidarische Marionetten! - Le Carreau","og_description":"Die K\u00fcnstlerInnen von Les Anges au Plafond (zuvor im Carreau mit Une Antigone de Papier, Les mains de Camille und R.A.G.E), wichtige Figuren der franz\u00f6sischen Marionettenkunst, h\u00f6ren nie auf, ihre Marionetten zu manipulieren&#8230; die ebenfalls auch eingesperrt sind! Bevor Sie sie auf der B\u00fchne wiedersehen, haben die Marionetten f\u00fcr Sie ein Video zusammengestellt&#8230;","og_url":"https:\/\/carreau-forbach.com\/marionnettes-solidaires\/","og_site_name":"Le Carreau","article_modified_time":"2020-04-22T15:41:12+00:00","og_image":[{"width":1346,"height":772,"url":"https:\/\/carreau-forbach.com\/app\/uploads\/2020\/04\/ange-aup-2.jpg","type":"image\/jpeg"}],"twitter_card":"summary_large_image","schema":{"@context":"https:\/\/schema.org","@graph":[{"@type":"WebPage","@id":"https:\/\/carreau-forbach.com\/marionnettes-solidaires\/","url":"https:\/\/carreau-forbach.com\/marionnettes-solidaires\/","name":"Solidarische Marionetten! - Le Carreau","isPartOf":{"@id":"https:\/\/carreau-forbach.com\/#website"},"primaryImageOfPage":{"@id":"https:\/\/carreau-forbach.com\/marionnettes-solidaires\/#primaryimage"},"image":{"@id":"https:\/\/carreau-forbach.com\/marionnettes-solidaires\/#primaryimage"},"thumbnailUrl":"https:\/\/carreau-forbach.com\/app\/uploads\/2020\/04\/ange-aup-2.jpg","datePublished":"2020-04-22T15:23:07+00:00","dateModified":"2020-04-22T15:41:12+00:00","breadcrumb":{"@id":"https:\/\/carreau-forbach.com\/marionnettes-solidaires\/#breadcrumb"},"inLanguage":"de-DE","potentialAction":[{"@type":"ReadAction","target":["https:\/\/carreau-forbach.com\/marionnettes-solidaires\/"]}]},{"@type":"ImageObject","inLanguage":"de-DE","@id":"https:\/\/carreau-forbach.com\/marionnettes-solidaires\/#primaryimage","url":"https:\/\/carreau-forbach.com\/app\/uploads\/2020\/04\/ange-aup-2.jpg","contentUrl":"https:\/\/carreau-forbach.com\/app\/uploads\/2020\/04\/ange-aup-2.jpg","width":1346,"height":772},{"@type":"BreadcrumbList","@id":"https:\/\/carreau-forbach.com\/marionnettes-solidaires\/#breadcrumb","itemListElement":[{"@type":"ListItem","position":1,"name":"Home","item":"https:\/\/carreau-forbach.com\/de\/"},{"@type":"ListItem","position":2,"name":"Solidarische Marionetten!"}]},{"@type":"WebSite","@id":"https:\/\/carreau-forbach.com\/#website","url":"https:\/\/carreau-forbach.com\/","name":"Le Carreau","description":"Sc\u00e8ne nationale de Forbach et de l&#039;Est mosellan","potentialAction":[{"@type":"SearchAction","target":{"@type":"EntryPoint","urlTemplate":"https:\/\/carreau-forbach.com\/?s={search_term_string}"},"query-input":{"@type":"PropertyValueSpecification","valueRequired":true,"valueName":"search_term_string"}}],"inLanguage":"de-DE"}]}},"_links":{"self":[{"href":"https:\/\/carreau-forbach.com\/de\/wp-json\/wp\/v2\/pages\/5938","targetHints":{"allow":["GET"]}}],"collection":[{"href":"https:\/\/carreau-forbach.com\/de\/wp-json\/wp\/v2\/pages"}],"about":[{"href":"https:\/\/carreau-forbach.com\/de\/wp-json\/wp\/v2\/types\/page"}],"author":[{"embeddable":true,"href":"https:\/\/carreau-forbach.com\/de\/wp-json\/wp\/v2\/users\/1"}],"replies":[{"embeddable":true,"href":"https:\/\/carreau-forbach.com\/de\/wp-json\/wp\/v2\/comments?post=5938"}],"version-history":[{"count":2,"href":"https:\/\/carreau-forbach.com\/de\/wp-json\/wp\/v2\/pages\/5938\/revisions"}],"predecessor-version":[{"id":5940,"href":"https:\/\/carreau-forbach.com\/de\/wp-json\/wp\/v2\/pages\/5938\/revisions\/5940"}],"wp:featuredmedia":[{"embeddable":true,"href":"https:\/\/carreau-forbach.com\/de\/wp-json\/wp\/v2\/media\/5950"}],"wp:attachment":[{"href":"https:\/\/carreau-forbach.com\/de\/wp-json\/wp\/v2\/media?parent=5938"}],"curies":[{"name":"wp","href":"https:\/\/api.w.org\/{rel}","templated":true}]}}