{"id":5867,"date":"2020-04-16T17:01:52","date_gmt":"2020-04-16T15:01:52","guid":{"rendered":"https:\/\/carreau-forbach.com\/?page_id=5867"},"modified":"2020-04-21T11:55:14","modified_gmt":"2020-04-21T09:55:14","slug":"die-erforschung-von-ersatz","status":"publish","type":"page","link":"https:\/\/carreau-forbach.com\/de\/die-erforschung-von-ersatz\/","title":{"rendered":"Die Erforschung von Ersatz"},"content":{"rendered":"<h2><img loading=\"lazy\" decoding=\"async\" class=\"alignnone size-full wp-image-5896\" src=\"https:\/\/carreau-forbach.com\/app\/uploads\/2020\/04\/la-chasse-aux-mouettes.jpg\" alt=\"\" width=\"3165\" height=\"1090\" srcset=\"https:\/\/carreau-forbach.com\/app\/uploads\/2020\/04\/la-chasse-aux-mouettes.jpg 3165w, https:\/\/carreau-forbach.com\/app\/uploads\/2020\/04\/la-chasse-aux-mouettes-300x103.jpg 300w, https:\/\/carreau-forbach.com\/app\/uploads\/2020\/04\/la-chasse-aux-mouettes-768x264.jpg 768w, https:\/\/carreau-forbach.com\/app\/uploads\/2020\/04\/la-chasse-aux-mouettes-1024x353.jpg 1024w\" sizes=\"auto, (max-width: 3165px) 100vw, 3165px\" \/><\/h2>\n<h2>latitudes nord<\/h2>\n<p>Nichts h\u00e4lt die Lothringer Ersatz Companie auf. Da sie ihren Probenort im Th\u00e9\u00e2tre des Doms in Avignon nicht erreichen konnten, um ihr auf Fridtjof Nansens Tagebuch basierendes St\u00fcck zu proben, bieten uns die K\u00fcnstlerinnen von Ersatz eineausganggesperrte Erforschung, Seite f\u00fcr Seite, Kapitel f\u00fcr Kapitel, dieses fabelhaften Berichtes an.<\/p>\n<p>Sie beginnt in Oslo und verspricht zwei Kapseln pro Woche, wo sich n\u00f6rdliche Breiten, Grade, Minuten und Sekunden treffen.<\/p>\n<p><strong>Die Erforschung beginnt hier:<\/strong><\/p>\n<audio class=\"wp-audio-shortcode\" id=\"audio-5867-1\" preload=\"none\" style=\"width: 100%;\" controls=\"controls\"><source type=\"audio\/mpeg\" src=\"https:\/\/carreau-forbach.com\/app\/uploads\/2020\/04\/Latitudes-Nord-Capsule-n\u00b01-59\u00b0455422.mp3?_=1\" \/><a href=\"https:\/\/carreau-forbach.com\/app\/uploads\/2020\/04\/Latitudes-Nord-Capsule-n\u00b01-59\u00b0455422.mp3\">https:\/\/carreau-forbach.com\/app\/uploads\/2020\/04\/Latitudes-Nord-Capsule-n\u00b01-59\u00b0455422.mp3<\/a><\/audio>\n<p>&nbsp;<\/p>\n<p>Und dann, lassen Sie sich treiben&#8230; Die Folge hier <a href=\"https:\/\/www.espacejungle.com\">zuzuh\u00f6ren<\/a>!<\/p>\n<p>&nbsp;<\/p>\n<h4>Fridtjof Nansen<\/h4>\n<p>Fridtjof Nansen ist ein 1861 geborener norwegischer Polarforscher, Wissenschaftler und Diplomat. Zwischen 1893 und 1896 leitete er die Fram-Expedition in den Arktischen Ozean an Bord des gleichnamigen Schiffes. Er hatte die Intuition, dass die warmen Str\u00f6mungen den Pol von einer Seite zur anderen \u00fcberquerten, und so l\u00e4\u00dfte ersich vom Eis einfangen und mit dem Eisberg zur Spitze des Erdsch\u00e4dels treiben. Es ist ihm nur teilweise gelungen &#8211; das ist der ganze Sinn der Geschichte.<\/p>\n<p>Das Schiffstagebuch <em>Vers le P\u00f4le<\/em> der Expedition von Fridtjof Nansen, das an Bord der Fram von der Fridtjof Nansen-Expedition geschrieben wurde, kann online unter <a href=\"https:\/\/gallica.bnf.fr\/ark:\/12148\/bpt6k28932d.texteImage\">diesem Link<\/a> nachgesehen werden.<\/p>\n<p>Auf der Grundlage dieses Abenteuers begann Ersatz &#8211; in dem wir Thomas Gourdy finden, einen Schauspieler, der den Carreau sehr am Herzen liegt &#8211; mit Recherchen und Reisen, um ihre n\u00e4chste Kreation zu n\u00e4hren.<\/p>\n<p>&nbsp;<\/p>\n<h4>Ersatz<\/h4>\n<p>Ersatz ist ein multidisziplin\u00e4res Gemeinschaftsprojekt, das in den Bereichen B\u00fchnenkunst, Installation und illustrierte Ver\u00f6ffentlichungen t\u00e4tig ist. Die Compagnie wird von der Region Grand Est im Rahmen der Hilfe ,,aide \u00e0 l&#8217;\u00e9mergence 2017\/2019&#8243; finanziell unterst\u00fctzt und ist mit dem Th\u00e9\u00e2tre Nouvelle G\u00e9n\u00e9ration &#8211; CDN de Lyon im Rahmen des Vivier, einem F\u00f6rderprogramm f\u00fcr B\u00fchnenforschung und k\u00fcnstlerischen Aufstieg, assoziiert.<\/p>\n<p><img loading=\"lazy\" decoding=\"async\" class=\"alignnone size-full wp-image-5894\" src=\"https:\/\/carreau-forbach.com\/app\/uploads\/2020\/04\/Team-Fram-1.gif\" alt=\"\" width=\"2550\" height=\"1438\" \/><\/p>\n<p><strong>Mehr Infos \u00fcber sie <a href=\"https:\/\/www.espacejungle.com\">hier<\/a> zu finden!<\/strong><\/p>\n<pre>Bilder &amp; Audiodatei: \u00a9 Ersatz<\/pre>\n","protected":false},"excerpt":{"rendered":"<p>latitudes nord Nichts h\u00e4lt die Lothringer Ersatz Companie auf. Da sie ihren Probenort im Th\u00e9\u00e2tre des Doms in Avignon nicht erreichen konnten, um ihr auf Fridtjof Nansens Tagebuch basierendes St\u00fcck zu proben, bieten uns die K\u00fcnstlerinnen von Ersatz eineausganggesperrte Erforschung, Seite f\u00fcr Seite, Kapitel f\u00fcr Kapitel, dieses fabelhaften Berichtes an. Sie beginnt in Oslo und &hellip; <a href=\"https:\/\/carreau-forbach.com\/de\/die-erforschung-von-ersatz\/\">Continued<\/a><\/p>\n","protected":false},"author":1,"featured_media":5869,"parent":0,"menu_order":0,"comment_status":"closed","ping_status":"closed","template":"","meta":{"_acf_changed":false,"footnotes":""},"class_list":["post-5867","page","type-page","status-publish","has-post-thumbnail","hentry"],"acf":[],"yoast_head":"<title>Die Erforschung von Ersatz - Le Carreau<\/title>\n<meta name=\"robots\" content=\"index, follow, max-snippet:-1, max-image-preview:large, max-video-preview:-1\" \/>\n<link rel=\"canonical\" href=\"https:\/\/carreau-forbach.com\/lexploration-confinee-dersatz\/\" \/>\n<meta property=\"og:locale\" content=\"de_DE\" \/>\n<meta property=\"og:type\" content=\"article\" \/>\n<meta property=\"og:title\" content=\"Die Erforschung von Ersatz - Le Carreau\" \/>\n<meta property=\"og:description\" content=\"latitudes nord Nichts h\u00e4lt die Lothringer Ersatz Companie auf. Da sie ihren Probenort im Th\u00e9\u00e2tre des Doms in Avignon nicht erreichen konnten, um ihr auf Fridtjof Nansens Tagebuch basierendes St\u00fcck zu proben, bieten uns die K\u00fcnstlerinnen von Ersatz eineausganggesperrte Erforschung, Seite f\u00fcr Seite, Kapitel f\u00fcr Kapitel, dieses fabelhaften Berichtes an. Sie beginnt in Oslo und &hellip; Continued\" \/>\n<meta property=\"og:url\" content=\"https:\/\/carreau-forbach.com\/lexploration-confinee-dersatz\/\" \/>\n<meta property=\"og:site_name\" content=\"Le Carreau\" \/>\n<meta property=\"article:modified_time\" content=\"2020-04-21T09:55:14+00:00\" \/>\n<meta property=\"og:image\" content=\"https:\/\/carreau-forbach.com\/app\/uploads\/2020\/04\/Team-Fram-1024x577.gif\" \/>\n\t<meta property=\"og:image:width\" content=\"1024\" \/>\n\t<meta property=\"og:image:height\" content=\"577\" \/>\n\t<meta property=\"og:image:type\" content=\"image\/gif\" \/>\n<meta name=\"twitter:card\" content=\"summary_large_image\" \/>\n<meta name=\"twitter:label1\" content=\"Est. reading time\" \/>\n\t<meta name=\"twitter:data1\" content=\"2 minutes\" \/>\n<script type=\"application\/ld+json\" class=\"yoast-schema-graph\">{\"@context\":\"https:\/\/schema.org\",\"@graph\":[{\"@type\":\"WebPage\",\"@id\":\"https:\/\/carreau-forbach.com\/lexploration-confinee-dersatz\/\",\"url\":\"https:\/\/carreau-forbach.com\/lexploration-confinee-dersatz\/\",\"name\":\"Die Erforschung von Ersatz - Le Carreau\",\"isPartOf\":{\"@id\":\"https:\/\/carreau-forbach.com\/#website\"},\"primaryImageOfPage\":{\"@id\":\"https:\/\/carreau-forbach.com\/lexploration-confinee-dersatz\/#primaryimage\"},\"image\":{\"@id\":\"https:\/\/carreau-forbach.com\/lexploration-confinee-dersatz\/#primaryimage\"},\"thumbnailUrl\":\"https:\/\/carreau-forbach.com\/app\/uploads\/2020\/04\/Team-Fram.gif\",\"datePublished\":\"2020-04-16T15:01:52+00:00\",\"dateModified\":\"2020-04-21T09:55:14+00:00\",\"breadcrumb\":{\"@id\":\"https:\/\/carreau-forbach.com\/lexploration-confinee-dersatz\/#breadcrumb\"},\"inLanguage\":\"de-DE\",\"potentialAction\":[{\"@type\":\"ReadAction\",\"target\":[\"https:\/\/carreau-forbach.com\/lexploration-confinee-dersatz\/\"]}]},{\"@type\":\"ImageObject\",\"inLanguage\":\"de-DE\",\"@id\":\"https:\/\/carreau-forbach.com\/lexploration-confinee-dersatz\/#primaryimage\",\"url\":\"https:\/\/carreau-forbach.com\/app\/uploads\/2020\/04\/Team-Fram.gif\",\"contentUrl\":\"https:\/\/carreau-forbach.com\/app\/uploads\/2020\/04\/Team-Fram.gif\",\"width\":2550,\"height\":1438},{\"@type\":\"BreadcrumbList\",\"@id\":\"https:\/\/carreau-forbach.com\/lexploration-confinee-dersatz\/#breadcrumb\",\"itemListElement\":[{\"@type\":\"ListItem\",\"position\":1,\"name\":\"Home\",\"item\":\"https:\/\/carreau-forbach.com\/de\/\"},{\"@type\":\"ListItem\",\"position\":2,\"name\":\"Die Erforschung von Ersatz\"}]},{\"@type\":\"WebSite\",\"@id\":\"https:\/\/carreau-forbach.com\/#website\",\"url\":\"https:\/\/carreau-forbach.com\/\",\"name\":\"Le Carreau\",\"description\":\"Sc\u00e8ne nationale de Forbach et de l&#039;Est mosellan\",\"potentialAction\":[{\"@type\":\"SearchAction\",\"target\":{\"@type\":\"EntryPoint\",\"urlTemplate\":\"https:\/\/carreau-forbach.com\/?s={search_term_string}\"},\"query-input\":{\"@type\":\"PropertyValueSpecification\",\"valueRequired\":true,\"valueName\":\"search_term_string\"}}],\"inLanguage\":\"de-DE\"}]}<\/script>","yoast_head_json":{"title":"Die Erforschung von Ersatz - Le Carreau","robots":{"index":"index","follow":"follow","max-snippet":"max-snippet:-1","max-image-preview":"max-image-preview:large","max-video-preview":"max-video-preview:-1"},"canonical":"https:\/\/carreau-forbach.com\/lexploration-confinee-dersatz\/","og_locale":"de_DE","og_type":"article","og_title":"Die Erforschung von Ersatz - Le Carreau","og_description":"latitudes nord Nichts h\u00e4lt die Lothringer Ersatz Companie auf. Da sie ihren Probenort im Th\u00e9\u00e2tre des Doms in Avignon nicht erreichen konnten, um ihr auf Fridtjof Nansens Tagebuch basierendes St\u00fcck zu proben, bieten uns die K\u00fcnstlerinnen von Ersatz eineausganggesperrte Erforschung, Seite f\u00fcr Seite, Kapitel f\u00fcr Kapitel, dieses fabelhaften Berichtes an. Sie beginnt in Oslo und &hellip; Continued","og_url":"https:\/\/carreau-forbach.com\/lexploration-confinee-dersatz\/","og_site_name":"Le Carreau","article_modified_time":"2020-04-21T09:55:14+00:00","og_image":[{"width":1024,"height":577,"url":"https:\/\/carreau-forbach.com\/app\/uploads\/2020\/04\/Team-Fram-1024x577.gif","type":"image\/gif"}],"twitter_card":"summary_large_image","twitter_misc":{"Est. reading time":"2 minutes"},"schema":{"@context":"https:\/\/schema.org","@graph":[{"@type":"WebPage","@id":"https:\/\/carreau-forbach.com\/lexploration-confinee-dersatz\/","url":"https:\/\/carreau-forbach.com\/lexploration-confinee-dersatz\/","name":"Die Erforschung von Ersatz - Le Carreau","isPartOf":{"@id":"https:\/\/carreau-forbach.com\/#website"},"primaryImageOfPage":{"@id":"https:\/\/carreau-forbach.com\/lexploration-confinee-dersatz\/#primaryimage"},"image":{"@id":"https:\/\/carreau-forbach.com\/lexploration-confinee-dersatz\/#primaryimage"},"thumbnailUrl":"https:\/\/carreau-forbach.com\/app\/uploads\/2020\/04\/Team-Fram.gif","datePublished":"2020-04-16T15:01:52+00:00","dateModified":"2020-04-21T09:55:14+00:00","breadcrumb":{"@id":"https:\/\/carreau-forbach.com\/lexploration-confinee-dersatz\/#breadcrumb"},"inLanguage":"de-DE","potentialAction":[{"@type":"ReadAction","target":["https:\/\/carreau-forbach.com\/lexploration-confinee-dersatz\/"]}]},{"@type":"ImageObject","inLanguage":"de-DE","@id":"https:\/\/carreau-forbach.com\/lexploration-confinee-dersatz\/#primaryimage","url":"https:\/\/carreau-forbach.com\/app\/uploads\/2020\/04\/Team-Fram.gif","contentUrl":"https:\/\/carreau-forbach.com\/app\/uploads\/2020\/04\/Team-Fram.gif","width":2550,"height":1438},{"@type":"BreadcrumbList","@id":"https:\/\/carreau-forbach.com\/lexploration-confinee-dersatz\/#breadcrumb","itemListElement":[{"@type":"ListItem","position":1,"name":"Home","item":"https:\/\/carreau-forbach.com\/de\/"},{"@type":"ListItem","position":2,"name":"Die Erforschung von Ersatz"}]},{"@type":"WebSite","@id":"https:\/\/carreau-forbach.com\/#website","url":"https:\/\/carreau-forbach.com\/","name":"Le Carreau","description":"Sc\u00e8ne nationale de Forbach et de l&#039;Est mosellan","potentialAction":[{"@type":"SearchAction","target":{"@type":"EntryPoint","urlTemplate":"https:\/\/carreau-forbach.com\/?s={search_term_string}"},"query-input":{"@type":"PropertyValueSpecification","valueRequired":true,"valueName":"search_term_string"}}],"inLanguage":"de-DE"}]}},"_links":{"self":[{"href":"https:\/\/carreau-forbach.com\/de\/wp-json\/wp\/v2\/pages\/5867","targetHints":{"allow":["GET"]}}],"collection":[{"href":"https:\/\/carreau-forbach.com\/de\/wp-json\/wp\/v2\/pages"}],"about":[{"href":"https:\/\/carreau-forbach.com\/de\/wp-json\/wp\/v2\/types\/page"}],"author":[{"embeddable":true,"href":"https:\/\/carreau-forbach.com\/de\/wp-json\/wp\/v2\/users\/1"}],"replies":[{"embeddable":true,"href":"https:\/\/carreau-forbach.com\/de\/wp-json\/wp\/v2\/comments?post=5867"}],"version-history":[{"count":6,"href":"https:\/\/carreau-forbach.com\/de\/wp-json\/wp\/v2\/pages\/5867\/revisions"}],"predecessor-version":[{"id":5904,"href":"https:\/\/carreau-forbach.com\/de\/wp-json\/wp\/v2\/pages\/5867\/revisions\/5904"}],"wp:featuredmedia":[{"embeddable":true,"href":"https:\/\/carreau-forbach.com\/de\/wp-json\/wp\/v2\/media\/5869"}],"wp:attachment":[{"href":"https:\/\/carreau-forbach.com\/de\/wp-json\/wp\/v2\/media?parent=5867"}],"curies":[{"name":"wp","href":"https:\/\/api.w.org\/{rel}","templated":true}]}}