{"id":5864,"date":"2020-04-16T16:25:03","date_gmt":"2020-04-16T14:25:03","guid":{"rendered":"https:\/\/carreau-forbach.com\/?page_id=5864"},"modified":"2020-04-17T17:25:41","modified_gmt":"2020-04-17T15:25:41","slug":"einstellung-des-spielbetriebs","status":"publish","type":"page","link":"https:\/\/carreau-forbach.com\/de\/einstellung-des-spielbetriebs\/","title":{"rendered":"Einstellung des Spielbetriebs"},"content":{"rendered":"<h3>Liebe Zuschauer &amp; zuschauerInnen,<\/h3>\n<p>Es ist herzzerrei\u00dfend, den Vorhang f\u00fcr eine Spielzeit schlie\u00dfen zu m\u00fcssen.<\/p>\n<p>Heute haben wir keine Wahl, und Gesundheit ist wichtiger als alles andere. Wir m\u00fcssen f\u00fcreinander sorgen\u00a0&#8211; das ist die Priorit\u00e4t. Aus diesem Grund sind wir verpflichtet, die St\u00fccke und Veranstaltungender gesamten Spielziet abzusagen.<\/p>\n<p>Hinter der Gesundheitssituation verbirgt sich eine Wirtschaftskrise, die alle Bereiche bedroht, und auch der Kulturbereichbleibt nicht verschont. Aus diesem Grund setzt sich Le Carreau daf\u00fcr ein, die Geh\u00e4lter seiner fest angestellten MitarbeiterInnen beizubehalten und faire und unterst\u00fctzende L\u00f6sungen zu finden, damit die Freischaffende (K\u00fcnstlerInnen und TechnikerInnen) von dieser Ausnahmesituation nicht zu stark betroffen werden.<\/p>\n<p>Angesichts der noch nie dagewesenen Lage k\u00f6nnen wir im Augenblick nicht f\u00fcr den Fortbestand des Kartenverkaufsdienstes sorgen. Behalten Sie Ihre Eintrittskarten f\u00fcr die Vorstellungen. Wir werden uns bez\u00fcglich der Verschiebung oder R\u00fcckerstattung Ihrer Tickets mit Ihnen in Verbindung setzen.<\/p>\n<p>Sie haben jedoch die M\u00f6glichkeit, wenn Sie k\u00f6nnen\/wollen, auf diese R\u00fcckerstattung zu verzichten, um Ihr Theater zu unterst\u00fctzen und Ihre Solidarit\u00e4t mit den Menschen zu zeigen, die von der B\u00fchnenkunst leben.<\/p>\n<p>&nbsp;<\/p>\n<p>Das gesamte Team des Carreau arbeitet aus der Ferne, um Ihnen eine sch\u00f6ne Spielzeit 2020\/2021 zu bescheren.<br \/>\nWir freuen uns darauf, Sie bald in bester Verfassung zu sehen.<br \/>\nBis bald, um mit Ihnenintensive, lebende und verr\u00fcckte kulturelle Momente zu erleben.<\/p>\n<p><strong>Das Team vom Carreau<\/strong><\/p>\n","protected":false},"excerpt":{"rendered":"<p>Liebe Zuschauer &amp; zuschauerInnen, Es ist herzzerrei\u00dfend, den Vorhang f\u00fcr eine Spielzeit schlie\u00dfen zu m\u00fcssen. Heute haben wir keine Wahl, und Gesundheit ist wichtiger als alles andere. Wir m\u00fcssen f\u00fcreinander sorgen\u00a0&#8211; das ist die Priorit\u00e4t. Aus diesem Grund sind wir verpflichtet, die St\u00fccke und Veranstaltungender gesamten Spielziet abzusagen. Hinter der Gesundheitssituation verbirgt sich eine Wirtschaftskrise, &hellip; <a href=\"https:\/\/carreau-forbach.com\/de\/einstellung-des-spielbetriebs\/\">Continued<\/a><\/p>\n","protected":false},"author":1,"featured_media":5859,"parent":0,"menu_order":0,"comment_status":"closed","ping_status":"closed","template":"","meta":{"_acf_changed":false,"footnotes":""},"class_list":["post-5864","page","type-page","status-publish","has-post-thumbnail","hentry"],"acf":[],"yoast_head":"<title>Einstellung des Spielbetriebs - Le Carreau<\/title>\n<meta name=\"robots\" content=\"index, follow, max-snippet:-1, max-image-preview:large, max-video-preview:-1\" \/>\n<link rel=\"canonical\" href=\"https:\/\/carreau-forbach.com\/annulation-des-manifestations\/\" \/>\n<meta property=\"og:locale\" content=\"de_DE\" \/>\n<meta property=\"og:type\" content=\"article\" \/>\n<meta property=\"og:title\" content=\"Einstellung des Spielbetriebs - Le Carreau\" \/>\n<meta property=\"og:description\" content=\"Liebe Zuschauer &amp; zuschauerInnen, Es ist herzzerrei\u00dfend, den Vorhang f\u00fcr eine Spielzeit schlie\u00dfen zu m\u00fcssen. Heute haben wir keine Wahl, und Gesundheit ist wichtiger als alles andere. Wir m\u00fcssen f\u00fcreinander sorgen\u00a0&#8211; das ist die Priorit\u00e4t. Aus diesem Grund sind wir verpflichtet, die St\u00fccke und Veranstaltungender gesamten Spielziet abzusagen. Hinter der Gesundheitssituation verbirgt sich eine Wirtschaftskrise, &hellip; Continued\" \/>\n<meta property=\"og:url\" content=\"https:\/\/carreau-forbach.com\/annulation-des-manifestations\/\" \/>\n<meta property=\"og:site_name\" content=\"Le Carreau\" \/>\n<meta property=\"article:modified_time\" content=\"2020-04-17T15:25:41+00:00\" \/>\n<meta property=\"og:image\" content=\"https:\/\/carreau-forbach.com\/app\/uploads\/2020\/04\/annulations-1024x683.png\" \/>\n\t<meta property=\"og:image:width\" content=\"1024\" \/>\n\t<meta property=\"og:image:height\" content=\"683\" \/>\n\t<meta property=\"og:image:type\" content=\"image\/png\" \/>\n<meta name=\"twitter:card\" content=\"summary_large_image\" \/>\n<meta name=\"twitter:label1\" content=\"Est. reading time\" \/>\n\t<meta name=\"twitter:data1\" content=\"1 minute\" \/>\n<script type=\"application\/ld+json\" class=\"yoast-schema-graph\">{\"@context\":\"https:\/\/schema.org\",\"@graph\":[{\"@type\":\"WebPage\",\"@id\":\"https:\/\/carreau-forbach.com\/annulation-des-manifestations\/\",\"url\":\"https:\/\/carreau-forbach.com\/annulation-des-manifestations\/\",\"name\":\"Einstellung des Spielbetriebs - Le Carreau\",\"isPartOf\":{\"@id\":\"https:\/\/carreau-forbach.com\/#website\"},\"primaryImageOfPage\":{\"@id\":\"https:\/\/carreau-forbach.com\/annulation-des-manifestations\/#primaryimage\"},\"image\":{\"@id\":\"https:\/\/carreau-forbach.com\/annulation-des-manifestations\/#primaryimage\"},\"thumbnailUrl\":\"https:\/\/carreau-forbach.com\/app\/uploads\/2020\/04\/annulations.png\",\"datePublished\":\"2020-04-16T14:25:03+00:00\",\"dateModified\":\"2020-04-17T15:25:41+00:00\",\"breadcrumb\":{\"@id\":\"https:\/\/carreau-forbach.com\/annulation-des-manifestations\/#breadcrumb\"},\"inLanguage\":\"de-DE\",\"potentialAction\":[{\"@type\":\"ReadAction\",\"target\":[\"https:\/\/carreau-forbach.com\/annulation-des-manifestations\/\"]}]},{\"@type\":\"ImageObject\",\"inLanguage\":\"de-DE\",\"@id\":\"https:\/\/carreau-forbach.com\/annulation-des-manifestations\/#primaryimage\",\"url\":\"https:\/\/carreau-forbach.com\/app\/uploads\/2020\/04\/annulations.png\",\"contentUrl\":\"https:\/\/carreau-forbach.com\/app\/uploads\/2020\/04\/annulations.png\",\"width\":2048,\"height\":1365},{\"@type\":\"BreadcrumbList\",\"@id\":\"https:\/\/carreau-forbach.com\/annulation-des-manifestations\/#breadcrumb\",\"itemListElement\":[{\"@type\":\"ListItem\",\"position\":1,\"name\":\"Home\",\"item\":\"https:\/\/carreau-forbach.com\/de\/\"},{\"@type\":\"ListItem\",\"position\":2,\"name\":\"Einstellung des Spielbetriebs\"}]},{\"@type\":\"WebSite\",\"@id\":\"https:\/\/carreau-forbach.com\/#website\",\"url\":\"https:\/\/carreau-forbach.com\/\",\"name\":\"Le Carreau\",\"description\":\"Sc\u00e8ne nationale de Forbach et de l&#039;Est mosellan\",\"potentialAction\":[{\"@type\":\"SearchAction\",\"target\":{\"@type\":\"EntryPoint\",\"urlTemplate\":\"https:\/\/carreau-forbach.com\/?s={search_term_string}\"},\"query-input\":{\"@type\":\"PropertyValueSpecification\",\"valueRequired\":true,\"valueName\":\"search_term_string\"}}],\"inLanguage\":\"de-DE\"}]}<\/script>","yoast_head_json":{"title":"Einstellung des Spielbetriebs - Le Carreau","robots":{"index":"index","follow":"follow","max-snippet":"max-snippet:-1","max-image-preview":"max-image-preview:large","max-video-preview":"max-video-preview:-1"},"canonical":"https:\/\/carreau-forbach.com\/annulation-des-manifestations\/","og_locale":"de_DE","og_type":"article","og_title":"Einstellung des Spielbetriebs - Le Carreau","og_description":"Liebe Zuschauer &amp; zuschauerInnen, Es ist herzzerrei\u00dfend, den Vorhang f\u00fcr eine Spielzeit schlie\u00dfen zu m\u00fcssen. Heute haben wir keine Wahl, und Gesundheit ist wichtiger als alles andere. Wir m\u00fcssen f\u00fcreinander sorgen\u00a0&#8211; das ist die Priorit\u00e4t. Aus diesem Grund sind wir verpflichtet, die St\u00fccke und Veranstaltungender gesamten Spielziet abzusagen. Hinter der Gesundheitssituation verbirgt sich eine Wirtschaftskrise, &hellip; Continued","og_url":"https:\/\/carreau-forbach.com\/annulation-des-manifestations\/","og_site_name":"Le Carreau","article_modified_time":"2020-04-17T15:25:41+00:00","og_image":[{"width":1024,"height":683,"url":"https:\/\/carreau-forbach.com\/app\/uploads\/2020\/04\/annulations-1024x683.png","type":"image\/png"}],"twitter_card":"summary_large_image","twitter_misc":{"Est. reading time":"1 minute"},"schema":{"@context":"https:\/\/schema.org","@graph":[{"@type":"WebPage","@id":"https:\/\/carreau-forbach.com\/annulation-des-manifestations\/","url":"https:\/\/carreau-forbach.com\/annulation-des-manifestations\/","name":"Einstellung des Spielbetriebs - Le Carreau","isPartOf":{"@id":"https:\/\/carreau-forbach.com\/#website"},"primaryImageOfPage":{"@id":"https:\/\/carreau-forbach.com\/annulation-des-manifestations\/#primaryimage"},"image":{"@id":"https:\/\/carreau-forbach.com\/annulation-des-manifestations\/#primaryimage"},"thumbnailUrl":"https:\/\/carreau-forbach.com\/app\/uploads\/2020\/04\/annulations.png","datePublished":"2020-04-16T14:25:03+00:00","dateModified":"2020-04-17T15:25:41+00:00","breadcrumb":{"@id":"https:\/\/carreau-forbach.com\/annulation-des-manifestations\/#breadcrumb"},"inLanguage":"de-DE","potentialAction":[{"@type":"ReadAction","target":["https:\/\/carreau-forbach.com\/annulation-des-manifestations\/"]}]},{"@type":"ImageObject","inLanguage":"de-DE","@id":"https:\/\/carreau-forbach.com\/annulation-des-manifestations\/#primaryimage","url":"https:\/\/carreau-forbach.com\/app\/uploads\/2020\/04\/annulations.png","contentUrl":"https:\/\/carreau-forbach.com\/app\/uploads\/2020\/04\/annulations.png","width":2048,"height":1365},{"@type":"BreadcrumbList","@id":"https:\/\/carreau-forbach.com\/annulation-des-manifestations\/#breadcrumb","itemListElement":[{"@type":"ListItem","position":1,"name":"Home","item":"https:\/\/carreau-forbach.com\/de\/"},{"@type":"ListItem","position":2,"name":"Einstellung des Spielbetriebs"}]},{"@type":"WebSite","@id":"https:\/\/carreau-forbach.com\/#website","url":"https:\/\/carreau-forbach.com\/","name":"Le Carreau","description":"Sc\u00e8ne nationale de Forbach et de l&#039;Est mosellan","potentialAction":[{"@type":"SearchAction","target":{"@type":"EntryPoint","urlTemplate":"https:\/\/carreau-forbach.com\/?s={search_term_string}"},"query-input":{"@type":"PropertyValueSpecification","valueRequired":true,"valueName":"search_term_string"}}],"inLanguage":"de-DE"}]}},"_links":{"self":[{"href":"https:\/\/carreau-forbach.com\/de\/wp-json\/wp\/v2\/pages\/5864","targetHints":{"allow":["GET"]}}],"collection":[{"href":"https:\/\/carreau-forbach.com\/de\/wp-json\/wp\/v2\/pages"}],"about":[{"href":"https:\/\/carreau-forbach.com\/de\/wp-json\/wp\/v2\/types\/page"}],"author":[{"embeddable":true,"href":"https:\/\/carreau-forbach.com\/de\/wp-json\/wp\/v2\/users\/1"}],"replies":[{"embeddable":true,"href":"https:\/\/carreau-forbach.com\/de\/wp-json\/wp\/v2\/comments?post=5864"}],"version-history":[{"count":4,"href":"https:\/\/carreau-forbach.com\/de\/wp-json\/wp\/v2\/pages\/5864\/revisions"}],"predecessor-version":[{"id":5889,"href":"https:\/\/carreau-forbach.com\/de\/wp-json\/wp\/v2\/pages\/5864\/revisions\/5889"}],"wp:featuredmedia":[{"embeddable":true,"href":"https:\/\/carreau-forbach.com\/de\/wp-json\/wp\/v2\/media\/5859"}],"wp:attachment":[{"href":"https:\/\/carreau-forbach.com\/de\/wp-json\/wp\/v2\/media?parent=5864"}],"curies":[{"name":"wp","href":"https:\/\/api.w.org\/{rel}","templated":true}]}}