{"id":1298,"date":"2019-09-16T16:17:40","date_gmt":"2019-09-16T14:17:40","guid":{"rendered":"https:\/\/carreau-forbach.com\/?page_id=1298"},"modified":"2025-07-24T17:53:31","modified_gmt":"2025-07-24T15:53:31","slug":"1298-2","status":"publish","type":"page","link":"https:\/\/carreau-forbach.com\/de\/1298-2\/","title":{"rendered":"Unsere Verpflichtungen"},"content":{"rendered":"<h2 style=\"text-align: center;\">EINE ENGAGIERTE SC\u00c8NE NATIONALE<\/h2>\n<p>Le Carreau ist seit vielen Jahren um die Auswirkungen seiner T\u00e4tigkeit auf die Umwelt bem\u00fcht. Im aktuellen Kontext der globalen Erw\u00e4rmung z\u00e4hlt jede Geste, auch die einfachste, um unseren Planeten vor der allgemeinen Krise zu bewahren. Aus diesem Grund setzen wir zahlreiche umweltbewusste und konkrete Ma\u00dfnahmen um, um unseren Einfluss auf die Umwelt zu verringern:<\/p>\n<p>&nbsp;<\/p>\n<h2>Programmgestaltung<\/h2>\n<p>Wir arbeiten an einer Spielzeit, in der K\u00fcnstlerinnen und K\u00fcnstler weniger reisen m\u00fcssen, und streben an, dass die meisten der geplanten Auff\u00fchrungen im Rahmen von durchdachten Tourneen stattfinden.<\/p>\n<p>&nbsp;<\/p>\n<h2>Mobilit\u00e4t<\/h2>\n<p>Zu Fu\u00df, mit dem Fahrrad, mit dem Zug, mit den Shuttlebussen des Carreau oder in Fahrgemeinschaften &#8211; es wird alles getan, um umweltfreundlicher zur Auff\u00fchrung zu kommen.<\/p>\n<p>&nbsp;<\/p>\n<h2>Kurze Wege<\/h2>\n<p>Um die K\u00fcnstlerinnen und K\u00fcnstler und das Publikum besser empfangen zu k\u00f6nnen, bevorzugen wir lokale Gesch\u00e4fte und Lieferanten f\u00fcr die Caterings der K\u00fcnstlerinnen und K\u00fcnstler und f\u00fcr die Bar.<\/p>\n<p>&nbsp;<\/p>\n<h2>Kommunikation<\/h2>\n<p>Wir haben unseren Papierverbrauch um fast 40 % reduziert und der Rest stammt nur aus nachhaltig bewirtschafteten W\u00e4ldern.<\/p>\n<p>&nbsp;<\/p>\n<h2>Infrastruktur<\/h2>\n<p>Das Theater in Forbach wurde von 2019 bis 2022 komplett renoviert, um seine Energieeffizienz zu verbessern. Die Umstellung der B\u00fchnenausstattung im Carreau auf LED findet momentan statt.<\/p>\n<p>&nbsp;<\/p>\n<h2>Fortbildung<\/h2>\n<p>Das gesamte Team der Sc\u00e8ne nationale bildet sich regelm\u00e4\u00dfig zu den Umwelt-, Energie- und Klimafragen unseres T\u00e4tigkeitsbereichs fort. Heute lernen, um morgen besser handeln zu k\u00f6nnen!<\/p>\n","protected":false},"excerpt":{"rendered":"<p>EINE ENGAGIERTE SC\u00c8NE NATIONALE Le Carreau ist seit vielen Jahren um die Auswirkungen seiner T\u00e4tigkeit auf die Umwelt bem\u00fcht. Im aktuellen Kontext der globalen Erw\u00e4rmung z\u00e4hlt jede Geste, auch die einfachste, um unseren Planeten vor der allgemeinen Krise zu bewahren. Aus diesem Grund setzen wir zahlreiche umweltbewusste und konkrete Ma\u00dfnahmen um, um unseren Einfluss auf &hellip; <a href=\"https:\/\/carreau-forbach.com\/de\/1298-2\/\">Continued<\/a><\/p>\n","protected":false},"author":1,"featured_media":0,"parent":0,"menu_order":0,"comment_status":"closed","ping_status":"closed","template":"","meta":{"_acf_changed":false,"footnotes":""},"class_list":["post-1298","page","type-page","status-publish","hentry"],"acf":[],"yoast_head":"<title>Unsere Verpflichtungen - Le Carreau<\/title>\n<meta name=\"robots\" content=\"index, follow, max-snippet:-1, max-image-preview:large, max-video-preview:-1\" \/>\n<link rel=\"canonical\" href=\"https:\/\/carreau-forbach.com\/de\/1298-2\/\" \/>\n<meta property=\"og:locale\" content=\"de_DE\" \/>\n<meta property=\"og:type\" content=\"article\" \/>\n<meta property=\"og:title\" content=\"Unsere Verpflichtungen - Le Carreau\" \/>\n<meta property=\"og:description\" content=\"EINE ENGAGIERTE SC\u00c8NE NATIONALE Le Carreau ist seit vielen Jahren um die Auswirkungen seiner T\u00e4tigkeit auf die Umwelt bem\u00fcht. Im aktuellen Kontext der globalen Erw\u00e4rmung z\u00e4hlt jede Geste, auch die einfachste, um unseren Planeten vor der allgemeinen Krise zu bewahren. Aus diesem Grund setzen wir zahlreiche umweltbewusste und konkrete Ma\u00dfnahmen um, um unseren Einfluss auf &hellip; Continued\" \/>\n<meta property=\"og:url\" content=\"https:\/\/carreau-forbach.com\/de\/1298-2\/\" \/>\n<meta property=\"og:site_name\" content=\"Le Carreau\" \/>\n<meta property=\"article:modified_time\" content=\"2025-07-24T15:53:31+00:00\" \/>\n<meta name=\"twitter:card\" content=\"summary_large_image\" \/>\n<meta name=\"twitter:label1\" content=\"Est. reading time\" \/>\n\t<meta name=\"twitter:data1\" content=\"2 minutes\" \/>\n<script type=\"application\/ld+json\" class=\"yoast-schema-graph\">{\"@context\":\"https:\/\/schema.org\",\"@graph\":[{\"@type\":\"WebPage\",\"@id\":\"https:\/\/carreau-forbach.com\/de\/1298-2\/\",\"url\":\"https:\/\/carreau-forbach.com\/de\/1298-2\/\",\"name\":\"Unsere Verpflichtungen - Le Carreau\",\"isPartOf\":{\"@id\":\"https:\/\/carreau-forbach.com\/#website\"},\"datePublished\":\"2019-09-16T14:17:40+00:00\",\"dateModified\":\"2025-07-24T15:53:31+00:00\",\"breadcrumb\":{\"@id\":\"https:\/\/carreau-forbach.com\/de\/1298-2\/#breadcrumb\"},\"inLanguage\":\"de-DE\",\"potentialAction\":[{\"@type\":\"ReadAction\",\"target\":[\"https:\/\/carreau-forbach.com\/de\/1298-2\/\"]}]},{\"@type\":\"BreadcrumbList\",\"@id\":\"https:\/\/carreau-forbach.com\/de\/1298-2\/#breadcrumb\",\"itemListElement\":[{\"@type\":\"ListItem\",\"position\":1,\"name\":\"Home\",\"item\":\"https:\/\/carreau-forbach.com\/de\/\"},{\"@type\":\"ListItem\",\"position\":2,\"name\":\"Unsere Verpflichtungen\"}]},{\"@type\":\"WebSite\",\"@id\":\"https:\/\/carreau-forbach.com\/#website\",\"url\":\"https:\/\/carreau-forbach.com\/\",\"name\":\"Le Carreau\",\"description\":\"Sc\u00e8ne nationale de Forbach et de l&#039;Est mosellan\",\"potentialAction\":[{\"@type\":\"SearchAction\",\"target\":{\"@type\":\"EntryPoint\",\"urlTemplate\":\"https:\/\/carreau-forbach.com\/?s={search_term_string}\"},\"query-input\":{\"@type\":\"PropertyValueSpecification\",\"valueRequired\":true,\"valueName\":\"search_term_string\"}}],\"inLanguage\":\"de-DE\"}]}<\/script>","yoast_head_json":{"title":"Unsere Verpflichtungen - Le Carreau","robots":{"index":"index","follow":"follow","max-snippet":"max-snippet:-1","max-image-preview":"max-image-preview:large","max-video-preview":"max-video-preview:-1"},"canonical":"https:\/\/carreau-forbach.com\/de\/1298-2\/","og_locale":"de_DE","og_type":"article","og_title":"Unsere Verpflichtungen - Le Carreau","og_description":"EINE ENGAGIERTE SC\u00c8NE NATIONALE Le Carreau ist seit vielen Jahren um die Auswirkungen seiner T\u00e4tigkeit auf die Umwelt bem\u00fcht. Im aktuellen Kontext der globalen Erw\u00e4rmung z\u00e4hlt jede Geste, auch die einfachste, um unseren Planeten vor der allgemeinen Krise zu bewahren. Aus diesem Grund setzen wir zahlreiche umweltbewusste und konkrete Ma\u00dfnahmen um, um unseren Einfluss auf &hellip; Continued","og_url":"https:\/\/carreau-forbach.com\/de\/1298-2\/","og_site_name":"Le Carreau","article_modified_time":"2025-07-24T15:53:31+00:00","twitter_card":"summary_large_image","twitter_misc":{"Est. reading time":"2 minutes"},"schema":{"@context":"https:\/\/schema.org","@graph":[{"@type":"WebPage","@id":"https:\/\/carreau-forbach.com\/de\/1298-2\/","url":"https:\/\/carreau-forbach.com\/de\/1298-2\/","name":"Unsere Verpflichtungen - Le Carreau","isPartOf":{"@id":"https:\/\/carreau-forbach.com\/#website"},"datePublished":"2019-09-16T14:17:40+00:00","dateModified":"2025-07-24T15:53:31+00:00","breadcrumb":{"@id":"https:\/\/carreau-forbach.com\/de\/1298-2\/#breadcrumb"},"inLanguage":"de-DE","potentialAction":[{"@type":"ReadAction","target":["https:\/\/carreau-forbach.com\/de\/1298-2\/"]}]},{"@type":"BreadcrumbList","@id":"https:\/\/carreau-forbach.com\/de\/1298-2\/#breadcrumb","itemListElement":[{"@type":"ListItem","position":1,"name":"Home","item":"https:\/\/carreau-forbach.com\/de\/"},{"@type":"ListItem","position":2,"name":"Unsere Verpflichtungen"}]},{"@type":"WebSite","@id":"https:\/\/carreau-forbach.com\/#website","url":"https:\/\/carreau-forbach.com\/","name":"Le Carreau","description":"Sc\u00e8ne nationale de Forbach et de l&#039;Est mosellan","potentialAction":[{"@type":"SearchAction","target":{"@type":"EntryPoint","urlTemplate":"https:\/\/carreau-forbach.com\/?s={search_term_string}"},"query-input":{"@type":"PropertyValueSpecification","valueRequired":true,"valueName":"search_term_string"}}],"inLanguage":"de-DE"}]}},"_links":{"self":[{"href":"https:\/\/carreau-forbach.com\/de\/wp-json\/wp\/v2\/pages\/1298","targetHints":{"allow":["GET"]}}],"collection":[{"href":"https:\/\/carreau-forbach.com\/de\/wp-json\/wp\/v2\/pages"}],"about":[{"href":"https:\/\/carreau-forbach.com\/de\/wp-json\/wp\/v2\/types\/page"}],"author":[{"embeddable":true,"href":"https:\/\/carreau-forbach.com\/de\/wp-json\/wp\/v2\/users\/1"}],"replies":[{"embeddable":true,"href":"https:\/\/carreau-forbach.com\/de\/wp-json\/wp\/v2\/comments?post=1298"}],"version-history":[{"count":10,"href":"https:\/\/carreau-forbach.com\/de\/wp-json\/wp\/v2\/pages\/1298\/revisions"}],"predecessor-version":[{"id":13414,"href":"https:\/\/carreau-forbach.com\/de\/wp-json\/wp\/v2\/pages\/1298\/revisions\/13414"}],"wp:attachment":[{"href":"https:\/\/carreau-forbach.com\/de\/wp-json\/wp\/v2\/media?parent=1298"}],"curies":[{"name":"wp","href":"https:\/\/api.w.org\/{rel}","templated":true}]}}