{"id":1224,"date":"2019-09-12T15:30:54","date_gmt":"2019-09-12T13:30:54","guid":{"rendered":"https:\/\/carreau-forbach.com\/le-leiu\/"},"modified":"2023-06-08T10:11:38","modified_gmt":"2023-06-08T08:11:38","slug":"le-leiu","status":"publish","type":"page","link":"https:\/\/carreau-forbach.com\/de\/le-leiu\/","title":{"rendered":"Die S\u00e4le"},"content":{"rendered":"<h2>Die Saal Bertolt Brecht*<\/h2>\n<p><strong>593 + 13 Pl\u00e4tze f\u00fcr Personen mit Handikap<\/strong><\/p>\n<p>Einer der gr\u00f6\u00dften und am besten ausgestatteten S\u00e4le in Lothringen:<br \/>\nKnapp 25 m. B\u00fchnen\u00f6ffnung (Abstand von Wand zu Wand), eine maximale H\u00f6he von 18 m. unterhalb des Deckenrasters (An der B\u00fchnendecke angebrachte absenkbare Metallstruktur zur Aufh\u00e4ngung von Scheinwerfern und sonstigem b\u00fchnentechnischem Ger\u00e4t) und ein in der Achse 3 m. tiefes elliptisches Proszenium, ein geschlossener Theatergraben.<\/p>\n<p>&nbsp;<\/p>\n<h2>Die Saal Heiner M\u00fcller**<\/h2>\n<p><strong>150 Pl\u00e4tze darunter 5 f\u00fcr Personen mit Handikap<br \/>\n<\/strong><\/p>\n<p>Ein Raum vorrangig f\u00fcr \u201ekleine Formen\u201c, f\u00fcr Studioproduktionen. Er dient au\u00dferdem als Probenraum bei Hausproduktionen und K\u00fcnstlerresidenzen.<br \/>\nFlacher B\u00fchnenraum vor dem Sitzbereich: 12m x 8m und 5m hoch unter den Deckenrastern.<\/p>\n<p>&nbsp;<\/p>\n<p><strong>Am 9. Mai 2013 hat das Carreau die neue, hausinterne Namensgebung eingeweiht.<\/strong><br \/>\nDie beiden S\u00e4le, die mangels echten Namens bis dahin \u201egro\u00dfer\u201c und \u201ekleiner\u201c Saal hie\u00dfen, sind in Anspielung auf die grenz\u00fcbergreifende Dimension der Nationalb\u00fchne, zu Bertolt Brecht und Heiner M\u00fcller Saal geworden.<\/p>\n<p><strong>* Bertolt Brecht (1898 \u2013 1956)<\/strong> : zun\u00e4chst Anarchist auf den Spuren Rimbauds, dann antifaschistischer Marxist. Erfinder des epischen Theaters und des Verfremdungseffekts. Er war der einflussreichste Dramatiker des XX. Jahrhunderts, insbesondere in Frankreich.<br \/>\n** <strong>Heiner M\u00fcller (1929 \u2013 1995 )<\/strong> : Emblematische Gestalt der europ\u00e4ischen Theaterwelt der zweiten H\u00e4lfte des XX. Jahrhunderts. Ab 1992 Mitglied der Leitung des ber\u00fchmten Berliner Ensembles.<\/p>\n<p>&nbsp;<\/p>\n<h4>Mehr technische Informationen zu den S\u00e4len des Carreau unter:<\/h4>\n<p><a href=\"http:\/\/www.carreau-espace-technique.com\/Site_technique\/Bienvenue_1.html\" target=\"_blank\" rel=\"noopener noreferrer\"><strong>www.carreau-<\/strong><strong>espace-technique.com<\/strong><em><strong><br \/>\n<\/strong><\/em><\/a><\/p>\n","protected":false},"excerpt":{"rendered":"<p>Die Saal Bertolt Brecht* 593 + 13 Pl\u00e4tze f\u00fcr Personen mit Handikap Einer der gr\u00f6\u00dften und am besten ausgestatteten S\u00e4le in Lothringen: Knapp 25 m. B\u00fchnen\u00f6ffnung (Abstand von Wand zu Wand), eine maximale H\u00f6he von 18 m. unterhalb des Deckenrasters (An der B\u00fchnendecke angebrachte absenkbare Metallstruktur zur Aufh\u00e4ngung von Scheinwerfern und sonstigem b\u00fchnentechnischem Ger\u00e4t) und &hellip; <a href=\"https:\/\/carreau-forbach.com\/de\/le-leiu\/\">Continued<\/a><\/p>\n","protected":false},"author":1,"featured_media":0,"parent":0,"menu_order":0,"comment_status":"closed","ping_status":"closed","template":"","meta":{"_acf_changed":false,"footnotes":""},"class_list":["post-1224","page","type-page","status-publish","hentry"],"acf":[],"yoast_head":"<title>Die S\u00e4le - Le Carreau<\/title>\n<meta name=\"robots\" content=\"index, follow, max-snippet:-1, max-image-preview:large, max-video-preview:-1\" \/>\n<link rel=\"canonical\" href=\"https:\/\/carreau-forbach.com\/le-leiu\/\" \/>\n<meta property=\"og:locale\" content=\"de_DE\" \/>\n<meta property=\"og:type\" content=\"article\" \/>\n<meta property=\"og:title\" content=\"Die S\u00e4le - Le Carreau\" \/>\n<meta property=\"og:description\" content=\"Die Saal Bertolt Brecht* 593 + 13 Pl\u00e4tze f\u00fcr Personen mit Handikap Einer der gr\u00f6\u00dften und am besten ausgestatteten S\u00e4le in Lothringen: Knapp 25 m. B\u00fchnen\u00f6ffnung (Abstand von Wand zu Wand), eine maximale H\u00f6he von 18 m. unterhalb des Deckenrasters (An der B\u00fchnendecke angebrachte absenkbare Metallstruktur zur Aufh\u00e4ngung von Scheinwerfern und sonstigem b\u00fchnentechnischem Ger\u00e4t) und &hellip; Continued\" \/>\n<meta property=\"og:url\" content=\"https:\/\/carreau-forbach.com\/le-leiu\/\" \/>\n<meta property=\"og:site_name\" content=\"Le Carreau\" \/>\n<meta property=\"article:modified_time\" content=\"2023-06-08T08:11:38+00:00\" \/>\n<meta name=\"twitter:card\" content=\"summary_large_image\" \/>\n<meta name=\"twitter:label1\" content=\"Est. reading time\" \/>\n\t<meta name=\"twitter:data1\" content=\"1 minute\" \/>\n<script type=\"application\/ld+json\" class=\"yoast-schema-graph\">{\"@context\":\"https:\/\/schema.org\",\"@graph\":[{\"@type\":\"WebPage\",\"@id\":\"https:\/\/carreau-forbach.com\/le-leiu\/\",\"url\":\"https:\/\/carreau-forbach.com\/le-leiu\/\",\"name\":\"Die S\u00e4le - Le Carreau\",\"isPartOf\":{\"@id\":\"https:\/\/carreau-forbach.com\/#website\"},\"datePublished\":\"2019-09-12T13:30:54+00:00\",\"dateModified\":\"2023-06-08T08:11:38+00:00\",\"breadcrumb\":{\"@id\":\"https:\/\/carreau-forbach.com\/le-leiu\/#breadcrumb\"},\"inLanguage\":\"de-DE\",\"potentialAction\":[{\"@type\":\"ReadAction\",\"target\":[\"https:\/\/carreau-forbach.com\/le-leiu\/\"]}]},{\"@type\":\"BreadcrumbList\",\"@id\":\"https:\/\/carreau-forbach.com\/le-leiu\/#breadcrumb\",\"itemListElement\":[{\"@type\":\"ListItem\",\"position\":1,\"name\":\"Home\",\"item\":\"https:\/\/carreau-forbach.com\/de\/\"},{\"@type\":\"ListItem\",\"position\":2,\"name\":\"Die S\u00e4le\"}]},{\"@type\":\"WebSite\",\"@id\":\"https:\/\/carreau-forbach.com\/#website\",\"url\":\"https:\/\/carreau-forbach.com\/\",\"name\":\"Le Carreau\",\"description\":\"Sc\u00e8ne nationale de Forbach et de l&#039;Est mosellan\",\"potentialAction\":[{\"@type\":\"SearchAction\",\"target\":{\"@type\":\"EntryPoint\",\"urlTemplate\":\"https:\/\/carreau-forbach.com\/?s={search_term_string}\"},\"query-input\":{\"@type\":\"PropertyValueSpecification\",\"valueRequired\":true,\"valueName\":\"search_term_string\"}}],\"inLanguage\":\"de-DE\"}]}<\/script>","yoast_head_json":{"title":"Die S\u00e4le - Le Carreau","robots":{"index":"index","follow":"follow","max-snippet":"max-snippet:-1","max-image-preview":"max-image-preview:large","max-video-preview":"max-video-preview:-1"},"canonical":"https:\/\/carreau-forbach.com\/le-leiu\/","og_locale":"de_DE","og_type":"article","og_title":"Die S\u00e4le - Le Carreau","og_description":"Die Saal Bertolt Brecht* 593 + 13 Pl\u00e4tze f\u00fcr Personen mit Handikap Einer der gr\u00f6\u00dften und am besten ausgestatteten S\u00e4le in Lothringen: Knapp 25 m. B\u00fchnen\u00f6ffnung (Abstand von Wand zu Wand), eine maximale H\u00f6he von 18 m. unterhalb des Deckenrasters (An der B\u00fchnendecke angebrachte absenkbare Metallstruktur zur Aufh\u00e4ngung von Scheinwerfern und sonstigem b\u00fchnentechnischem Ger\u00e4t) und &hellip; Continued","og_url":"https:\/\/carreau-forbach.com\/le-leiu\/","og_site_name":"Le Carreau","article_modified_time":"2023-06-08T08:11:38+00:00","twitter_card":"summary_large_image","twitter_misc":{"Est. reading time":"1 minute"},"schema":{"@context":"https:\/\/schema.org","@graph":[{"@type":"WebPage","@id":"https:\/\/carreau-forbach.com\/le-leiu\/","url":"https:\/\/carreau-forbach.com\/le-leiu\/","name":"Die S\u00e4le - Le Carreau","isPartOf":{"@id":"https:\/\/carreau-forbach.com\/#website"},"datePublished":"2019-09-12T13:30:54+00:00","dateModified":"2023-06-08T08:11:38+00:00","breadcrumb":{"@id":"https:\/\/carreau-forbach.com\/le-leiu\/#breadcrumb"},"inLanguage":"de-DE","potentialAction":[{"@type":"ReadAction","target":["https:\/\/carreau-forbach.com\/le-leiu\/"]}]},{"@type":"BreadcrumbList","@id":"https:\/\/carreau-forbach.com\/le-leiu\/#breadcrumb","itemListElement":[{"@type":"ListItem","position":1,"name":"Home","item":"https:\/\/carreau-forbach.com\/de\/"},{"@type":"ListItem","position":2,"name":"Die S\u00e4le"}]},{"@type":"WebSite","@id":"https:\/\/carreau-forbach.com\/#website","url":"https:\/\/carreau-forbach.com\/","name":"Le Carreau","description":"Sc\u00e8ne nationale de Forbach et de l&#039;Est mosellan","potentialAction":[{"@type":"SearchAction","target":{"@type":"EntryPoint","urlTemplate":"https:\/\/carreau-forbach.com\/?s={search_term_string}"},"query-input":{"@type":"PropertyValueSpecification","valueRequired":true,"valueName":"search_term_string"}}],"inLanguage":"de-DE"}]}},"_links":{"self":[{"href":"https:\/\/carreau-forbach.com\/de\/wp-json\/wp\/v2\/pages\/1224","targetHints":{"allow":["GET"]}}],"collection":[{"href":"https:\/\/carreau-forbach.com\/de\/wp-json\/wp\/v2\/pages"}],"about":[{"href":"https:\/\/carreau-forbach.com\/de\/wp-json\/wp\/v2\/types\/page"}],"author":[{"embeddable":true,"href":"https:\/\/carreau-forbach.com\/de\/wp-json\/wp\/v2\/users\/1"}],"replies":[{"embeddable":true,"href":"https:\/\/carreau-forbach.com\/de\/wp-json\/wp\/v2\/comments?post=1224"}],"version-history":[{"count":5,"href":"https:\/\/carreau-forbach.com\/de\/wp-json\/wp\/v2\/pages\/1224\/revisions"}],"predecessor-version":[{"id":10166,"href":"https:\/\/carreau-forbach.com\/de\/wp-json\/wp\/v2\/pages\/1224\/revisions\/10166"}],"wp:attachment":[{"href":"https:\/\/carreau-forbach.com\/de\/wp-json\/wp\/v2\/media?parent=1224"}],"curies":[{"name":"wp","href":"https:\/\/api.w.org\/{rel}","templated":true}]}}