{"id":11343,"date":"2024-03-20T10:54:55","date_gmt":"2024-03-20T09:54:55","guid":{"rendered":"https:\/\/carreau-forbach.com\/?page_id=11343"},"modified":"2025-07-17T17:56:21","modified_gmt":"2025-07-17T15:56:21","slug":"europaeisches-projekt-grace","status":"publish","type":"page","link":"https:\/\/carreau-forbach.com\/de\/europaeisches-projekt-grace\/","title":{"rendered":"Europ\u00e4isches Projekt GRACE"},"content":{"rendered":"<p><strong>GRACE \u2013 Greater Region Artistic and Cultural Education \u2013 : Ein innovatives Kollektiv und ein Aktionsplan, um die kulturelle Bildung f\u00fcr alle Einwohner zu verallgemeinern.<\/strong><\/p>\n<p>Im Rahmen des Projekts GRACE (Greater Region Artistic and Cultural Education) bilden 25 Kultureinrichtungen, lokale Beh\u00f6rden und Universit\u00e4ten ein transdisziplin\u00e4res und grenz\u00fcberschreitendes Netzwerk. Gemeinsam engagieren sie sich f\u00fcr einen Aktionsplan zur fl\u00e4chendeckenden Verankerung der kulturellen und k\u00fcnstlerischen Bildung f\u00fcr alle Einwohnerinnen und Einwohner der Gro\u00dfregion<\/p>\n<p>In mehreren k\u00fcnstlerischen Bereichen \u2013 Literatur, darstellende, digitale, urbane und bildende Kunst &#8211; f\u00f6rdern und koproduzieren sie K\u00fcnstler, die den Platz des Publikums durch partizipative kreative Prozesse und k\u00fcnstlerischen Bildungsangeboten neu \u00fcberdenken. Sie experimentieren mit neuen Formaten f\u00fcr Workshops, Ausstellungen und inklusiven, mehrsprachigen Vermittlungsmedien mit besonderem Augenmerk auf kulturferne Zielgruppen. Schlie\u00dflich teilen sie Wissen und Erfahrungen mit allen Bildungs- und Kulturfachleuten in der Gro\u00dfregion aus.<\/p>\n<p>Das Projekt GRACE, das zwischen dem 01\/01\/24 und dem 31\/12\/26 umgesetzt wird, hat ein Budget von 6 465 000 \u20ac und wird durch das Interreg-Programm 2021 &#8211; 2027 unterst\u00fctzt.<\/p>\n<p><a href=\"https:\/\/gmail.us22.list-manage.com\/track\/click?u=d561506c0b9573da020a0d38a&amp;id=5d5f478a2e&amp;e=a65e70196e\" target=\"_blank\" rel=\"noopener\">interreg-grace.eu<\/a><\/p>\n<p><a href=\"https:\/\/interreg-gr.eu\/de\/homepage\/\"><img loading=\"lazy\" decoding=\"async\" class=\"alignnone wp-image-11323\" src=\"https:\/\/carreau-forbach.com\/app\/uploads\/2024\/02\/GRACE-Interreg-Logo-Grande-Region-Grossregion-CMYK-Color.jpg\" alt=\"\" width=\"360\" height=\"175\" srcset=\"https:\/\/carreau-forbach.com\/app\/uploads\/2024\/02\/GRACE-Interreg-Logo-Grande-Region-Grossregion-CMYK-Color.jpg 1227w, https:\/\/carreau-forbach.com\/app\/uploads\/2024\/02\/GRACE-Interreg-Logo-Grande-Region-Grossregion-CMYK-Color-300x146.jpg 300w, https:\/\/carreau-forbach.com\/app\/uploads\/2024\/02\/GRACE-Interreg-Logo-Grande-Region-Grossregion-CMYK-Color-1024x498.jpg 1024w, https:\/\/carreau-forbach.com\/app\/uploads\/2024\/02\/GRACE-Interreg-Logo-Grande-Region-Grossregion-CMYK-Color-768x374.jpg 768w\" sizes=\"auto, (max-width: 360px) 100vw, 360px\" \/><\/a><\/p>\n","protected":false},"excerpt":{"rendered":"<p>GRACE \u2013 Greater Region Artistic and Cultural Education \u2013 : Ein innovatives Kollektiv und ein Aktionsplan, um die kulturelle Bildung f\u00fcr alle Einwohner zu verallgemeinern. Im Rahmen des Projekts GRACE (Greater Region Artistic and Cultural Education) bilden 25 Kultureinrichtungen, lokale Beh\u00f6rden und Universit\u00e4ten ein transdisziplin\u00e4res und grenz\u00fcberschreitendes Netzwerk. Gemeinsam engagieren sie sich f\u00fcr einen Aktionsplan &hellip; <a href=\"https:\/\/carreau-forbach.com\/de\/europaeisches-projekt-grace\/\">Continued<\/a><\/p>\n","protected":false},"author":1,"featured_media":0,"parent":0,"menu_order":0,"comment_status":"closed","ping_status":"closed","template":"","meta":{"_acf_changed":false,"footnotes":""},"class_list":["post-11343","page","type-page","status-publish","hentry"],"acf":[],"yoast_head":"<title>Europ\u00e4isches Projekt GRACE - Le Carreau<\/title>\n<meta name=\"robots\" content=\"index, follow, max-snippet:-1, max-image-preview:large, max-video-preview:-1\" \/>\n<link rel=\"canonical\" href=\"https:\/\/carreau-forbach.com\/de\/europaeisches-projekt-grace\/\" \/>\n<meta property=\"og:locale\" content=\"de_DE\" \/>\n<meta property=\"og:type\" content=\"article\" \/>\n<meta property=\"og:title\" content=\"Europ\u00e4isches Projekt GRACE - Le Carreau\" \/>\n<meta property=\"og:description\" content=\"GRACE \u2013 Greater Region Artistic and Cultural Education \u2013 : Ein innovatives Kollektiv und ein Aktionsplan, um die kulturelle Bildung f\u00fcr alle Einwohner zu verallgemeinern. Im Rahmen des Projekts GRACE (Greater Region Artistic and Cultural Education) bilden 25 Kultureinrichtungen, lokale Beh\u00f6rden und Universit\u00e4ten ein transdisziplin\u00e4res und grenz\u00fcberschreitendes Netzwerk. Gemeinsam engagieren sie sich f\u00fcr einen Aktionsplan &hellip; Continued\" \/>\n<meta property=\"og:url\" content=\"https:\/\/carreau-forbach.com\/de\/europaeisches-projekt-grace\/\" \/>\n<meta property=\"og:site_name\" content=\"Le Carreau\" \/>\n<meta property=\"article:modified_time\" content=\"2025-07-17T15:56:21+00:00\" \/>\n<meta property=\"og:image\" content=\"https:\/\/carreau-forbach.com\/app\/uploads\/2024\/02\/GRACE-Interreg-Logo-Grande-Region-Grossregion-CMYK-Color.jpg\" \/>\n\t<meta property=\"og:image:width\" content=\"1227\" \/>\n\t<meta property=\"og:image:height\" content=\"597\" \/>\n\t<meta property=\"og:image:type\" content=\"image\/jpeg\" \/>\n<meta name=\"twitter:card\" content=\"summary_large_image\" \/>\n<meta name=\"twitter:label1\" content=\"Est. reading time\" \/>\n\t<meta name=\"twitter:data1\" content=\"2 minutes\" \/>\n<script type=\"application\/ld+json\" class=\"yoast-schema-graph\">{\"@context\":\"https:\/\/schema.org\",\"@graph\":[{\"@type\":\"WebPage\",\"@id\":\"https:\/\/carreau-forbach.com\/de\/europaeisches-projekt-grace\/\",\"url\":\"https:\/\/carreau-forbach.com\/de\/europaeisches-projekt-grace\/\",\"name\":\"Europ\u00e4isches Projekt GRACE - Le Carreau\",\"isPartOf\":{\"@id\":\"https:\/\/carreau-forbach.com\/#website\"},\"primaryImageOfPage\":{\"@id\":\"https:\/\/carreau-forbach.com\/de\/europaeisches-projekt-grace\/#primaryimage\"},\"image\":{\"@id\":\"https:\/\/carreau-forbach.com\/de\/europaeisches-projekt-grace\/#primaryimage\"},\"thumbnailUrl\":\"https:\/\/carreau-forbach.com\/app\/uploads\/2024\/02\/GRACE-Interreg-Logo-Grande-Region-Grossregion-CMYK-Color.jpg\",\"datePublished\":\"2024-03-20T09:54:55+00:00\",\"dateModified\":\"2025-07-17T15:56:21+00:00\",\"breadcrumb\":{\"@id\":\"https:\/\/carreau-forbach.com\/de\/europaeisches-projekt-grace\/#breadcrumb\"},\"inLanguage\":\"de-DE\",\"potentialAction\":[{\"@type\":\"ReadAction\",\"target\":[\"https:\/\/carreau-forbach.com\/de\/europaeisches-projekt-grace\/\"]}]},{\"@type\":\"ImageObject\",\"inLanguage\":\"de-DE\",\"@id\":\"https:\/\/carreau-forbach.com\/de\/europaeisches-projekt-grace\/#primaryimage\",\"url\":\"https:\/\/carreau-forbach.com\/app\/uploads\/2024\/02\/GRACE-Interreg-Logo-Grande-Region-Grossregion-CMYK-Color.jpg\",\"contentUrl\":\"https:\/\/carreau-forbach.com\/app\/uploads\/2024\/02\/GRACE-Interreg-Logo-Grande-Region-Grossregion-CMYK-Color.jpg\"},{\"@type\":\"BreadcrumbList\",\"@id\":\"https:\/\/carreau-forbach.com\/de\/europaeisches-projekt-grace\/#breadcrumb\",\"itemListElement\":[{\"@type\":\"ListItem\",\"position\":1,\"name\":\"Home\",\"item\":\"https:\/\/carreau-forbach.com\/de\/\"},{\"@type\":\"ListItem\",\"position\":2,\"name\":\"Europ\u00e4isches Projekt GRACE\"}]},{\"@type\":\"WebSite\",\"@id\":\"https:\/\/carreau-forbach.com\/#website\",\"url\":\"https:\/\/carreau-forbach.com\/\",\"name\":\"Le Carreau\",\"description\":\"Sc\u00e8ne nationale de Forbach et de l&#039;Est mosellan\",\"potentialAction\":[{\"@type\":\"SearchAction\",\"target\":{\"@type\":\"EntryPoint\",\"urlTemplate\":\"https:\/\/carreau-forbach.com\/?s={search_term_string}\"},\"query-input\":{\"@type\":\"PropertyValueSpecification\",\"valueRequired\":true,\"valueName\":\"search_term_string\"}}],\"inLanguage\":\"de-DE\"}]}<\/script>","yoast_head_json":{"title":"Europ\u00e4isches Projekt GRACE - Le Carreau","robots":{"index":"index","follow":"follow","max-snippet":"max-snippet:-1","max-image-preview":"max-image-preview:large","max-video-preview":"max-video-preview:-1"},"canonical":"https:\/\/carreau-forbach.com\/de\/europaeisches-projekt-grace\/","og_locale":"de_DE","og_type":"article","og_title":"Europ\u00e4isches Projekt GRACE - Le Carreau","og_description":"GRACE \u2013 Greater Region Artistic and Cultural Education \u2013 : Ein innovatives Kollektiv und ein Aktionsplan, um die kulturelle Bildung f\u00fcr alle Einwohner zu verallgemeinern. Im Rahmen des Projekts GRACE (Greater Region Artistic and Cultural Education) bilden 25 Kultureinrichtungen, lokale Beh\u00f6rden und Universit\u00e4ten ein transdisziplin\u00e4res und grenz\u00fcberschreitendes Netzwerk. Gemeinsam engagieren sie sich f\u00fcr einen Aktionsplan &hellip; Continued","og_url":"https:\/\/carreau-forbach.com\/de\/europaeisches-projekt-grace\/","og_site_name":"Le Carreau","article_modified_time":"2025-07-17T15:56:21+00:00","og_image":[{"width":1227,"height":597,"url":"https:\/\/carreau-forbach.com\/app\/uploads\/2024\/02\/GRACE-Interreg-Logo-Grande-Region-Grossregion-CMYK-Color.jpg","type":"image\/jpeg"}],"twitter_card":"summary_large_image","twitter_misc":{"Est. reading time":"2 minutes"},"schema":{"@context":"https:\/\/schema.org","@graph":[{"@type":"WebPage","@id":"https:\/\/carreau-forbach.com\/de\/europaeisches-projekt-grace\/","url":"https:\/\/carreau-forbach.com\/de\/europaeisches-projekt-grace\/","name":"Europ\u00e4isches Projekt GRACE - Le Carreau","isPartOf":{"@id":"https:\/\/carreau-forbach.com\/#website"},"primaryImageOfPage":{"@id":"https:\/\/carreau-forbach.com\/de\/europaeisches-projekt-grace\/#primaryimage"},"image":{"@id":"https:\/\/carreau-forbach.com\/de\/europaeisches-projekt-grace\/#primaryimage"},"thumbnailUrl":"https:\/\/carreau-forbach.com\/app\/uploads\/2024\/02\/GRACE-Interreg-Logo-Grande-Region-Grossregion-CMYK-Color.jpg","datePublished":"2024-03-20T09:54:55+00:00","dateModified":"2025-07-17T15:56:21+00:00","breadcrumb":{"@id":"https:\/\/carreau-forbach.com\/de\/europaeisches-projekt-grace\/#breadcrumb"},"inLanguage":"de-DE","potentialAction":[{"@type":"ReadAction","target":["https:\/\/carreau-forbach.com\/de\/europaeisches-projekt-grace\/"]}]},{"@type":"ImageObject","inLanguage":"de-DE","@id":"https:\/\/carreau-forbach.com\/de\/europaeisches-projekt-grace\/#primaryimage","url":"https:\/\/carreau-forbach.com\/app\/uploads\/2024\/02\/GRACE-Interreg-Logo-Grande-Region-Grossregion-CMYK-Color.jpg","contentUrl":"https:\/\/carreau-forbach.com\/app\/uploads\/2024\/02\/GRACE-Interreg-Logo-Grande-Region-Grossregion-CMYK-Color.jpg"},{"@type":"BreadcrumbList","@id":"https:\/\/carreau-forbach.com\/de\/europaeisches-projekt-grace\/#breadcrumb","itemListElement":[{"@type":"ListItem","position":1,"name":"Home","item":"https:\/\/carreau-forbach.com\/de\/"},{"@type":"ListItem","position":2,"name":"Europ\u00e4isches Projekt GRACE"}]},{"@type":"WebSite","@id":"https:\/\/carreau-forbach.com\/#website","url":"https:\/\/carreau-forbach.com\/","name":"Le Carreau","description":"Sc\u00e8ne nationale de Forbach et de l&#039;Est mosellan","potentialAction":[{"@type":"SearchAction","target":{"@type":"EntryPoint","urlTemplate":"https:\/\/carreau-forbach.com\/?s={search_term_string}"},"query-input":{"@type":"PropertyValueSpecification","valueRequired":true,"valueName":"search_term_string"}}],"inLanguage":"de-DE"}]}},"_links":{"self":[{"href":"https:\/\/carreau-forbach.com\/de\/wp-json\/wp\/v2\/pages\/11343","targetHints":{"allow":["GET"]}}],"collection":[{"href":"https:\/\/carreau-forbach.com\/de\/wp-json\/wp\/v2\/pages"}],"about":[{"href":"https:\/\/carreau-forbach.com\/de\/wp-json\/wp\/v2\/types\/page"}],"author":[{"embeddable":true,"href":"https:\/\/carreau-forbach.com\/de\/wp-json\/wp\/v2\/users\/1"}],"replies":[{"embeddable":true,"href":"https:\/\/carreau-forbach.com\/de\/wp-json\/wp\/v2\/comments?post=11343"}],"version-history":[{"count":4,"href":"https:\/\/carreau-forbach.com\/de\/wp-json\/wp\/v2\/pages\/11343\/revisions"}],"predecessor-version":[{"id":12837,"href":"https:\/\/carreau-forbach.com\/de\/wp-json\/wp\/v2\/pages\/11343\/revisions\/12837"}],"wp:attachment":[{"href":"https:\/\/carreau-forbach.com\/de\/wp-json\/wp\/v2\/media?parent=11343"}],"curies":[{"name":"wp","href":"https:\/\/api.w.org\/{rel}","templated":true}]}}