{"id":1097,"date":"2019-09-11T15:38:25","date_gmt":"2019-09-11T13:38:25","guid":{"rendered":"https:\/\/carreau-forbach.com\/les-artistes-accocies\/"},"modified":"2025-09-30T18:25:46","modified_gmt":"2025-09-30T16:25:46","slug":"les-artistes-accocies","status":"publish","type":"page","link":"https:\/\/carreau-forbach.com\/de\/les-artistes-accocies\/","title":{"rendered":"Koproduktionen und Residenzen"},"content":{"rendered":"<p>Im Einklang mit seinem Status als Sc\u00e8ne Nationale begleitet das Carreau K\u00fcnstlerinnen und K\u00fcnstler bei ihren neuen Projekten. Diese Unterstu\u0308tzung kann verschiedene Formen haben: <strong>Produktionen<\/strong>, als Auftrag zu einer Form von Inszenierung, <strong>Koproduktionen<\/strong>, als finanzieller Beitrag zu einem neuen Stu\u0308ck und <strong>Residenzen<\/strong> mit organisatorischer, technischer und finanzieller Unterstu\u0308tzung fu\u0308r eine Arbeitsphase mit Proben in unseren vier W\u00e4nden.<\/p>\n<hr \/>\n<h2>DIE PRODUKTIONEN<span id=\"page447R_mcid3896\" class=\"markedContent\"><\/span><\/h2>\n<p><strong><em><span id=\"page447R_mcid3898\" class=\"markedContent\"><span dir=\"ltr\" role=\"presentation\">Pastille cr\u00e9ative #5<\/span><\/span><\/em><\/strong><\/p>\n<p><em><a href=\"https:\/\/carreau-forbach.com\/de\/spielplan\/overdanse\/\">OverDanse<\/a> \u2013 <\/em>Youssouf Abi-ayad<\/p>\n<p>&nbsp;<\/p>\n<hr \/>\n<h2>DIE KOPRODUKTIONEN<\/h2>\n<p><em><a href=\"https:\/\/carreau-forbach.com\/de\/spielplan\/quatre-saisons\/\">QUATRE (saisons)<\/a> \u2013 <\/em>Bruno Benne \/ Cie Beaux-Champs<\/p>\n<p><em><a href=\"https:\/\/carreau-forbach.com\/de\/spielplan\/sarkhollande-comedie-identitaire\/\">Sarkhollande (com\u00e9die identitaire)<\/a> \u2013 <\/em>L\u00e9o Cohen-Paperman \/ Cie des Animaux en paradis (R\u00e9gion Grand Est)<\/p>\n<p><a href=\"https:\/\/carreau-forbach.com\/de\/spielplan\/myotis-x\/\"><em>Myotis X<\/em><\/a> <em>\u2013 <\/em>Vidal Bini \/ Anthony Laguerre \/ Cie KiloHertZ (R\u00e9gion Grand Est)<em><br \/>\nVers les m\u00e9tamorphoses<\/em> <em>\u2013 <\/em>\u00c9tienne Saglio \/ Cie Monstre(s)<\/p>\n<p><em><a href=\"https:\/\/carreau-forbach.com\/de\/spielplan\/makbeth\/\">Makbeth<\/a> \u2013 <\/em>William Shakespeare \/ Louis Arene \/ Munstrum Th\u00e9\u00e2tre (R\u00e9gion Grand Est)<\/p>\n<p><em>INSIDE OUT<\/em> <em>\u2013 <\/em>Marie Cambois <sup>(R\u00e9gion Grand Est)<\/sup><\/p>\n<p><a href=\"https:\/\/carreau-forbach.com\/de\/spielplan\/frames\/\"><em>Frames<\/em><\/a> <em>\u2013 <\/em>Alexander Vantournhout<\/p>\n<p>&nbsp;<\/p>\n<hr \/>\n<h2>DIE K\u00dcNSTLERRESIDENZEN<\/h2>\n<p>W\u00e4hrend ihrer K\u00fcnstlerresidenzen im Carreau, bieten einige K\u00fcnstlerinnen und K\u00fcnstler ein Kennenlernen an, um ihre laufende Arbeit mit Ihnen zu teilen und einen Einblick in ihr Vorgehen zu geben. Immer mit der Vorfreude, in den kommenden Spielzeiten Ihnen ihre fertigen Auff\u00fchrungen pr\u00e4sentieren zu k\u00f6nnen!<\/p>\n<p><strong><em>Le murmure de l\u2019envol \u2013 <\/em>Timoth\u00e9e Bouloy<\/strong><\/p>\n<p>Tanz \u2014 R\u00e9gion Grand Est<br \/>\n15 \u2192 20\/09\/25<\/p>\n<p><strong>O\u0308ffentliche Probe: <\/strong>20\/09\/25 &#8211; 18:30 \u00b7 60 min \u00b7 Le Carreau \u00b7 kostenlos<\/p>\n<hr \/>\n<p><strong><em>MUE\u2026 ET MUES, (\u00c9)MUES \u2013 <\/em>Akiko Hasegawa<\/strong><\/p>\n<p>Tanz \u2014 R\u00e9gion Grand Est<br \/>\n20 \u2192 25\/10\/25<\/p>\n<p><strong>O\u0308ffentliche Probe: <\/strong>23\/10\/25 &#8211; 18:30 \u00b7 60 min \u00b7 Le Carreau \u00b7 kostenlos<\/p>\n<hr \/>\n<p><strong><em>Pas de souci \u2013 <\/em><\/strong><strong>Solal Bouloudnine \/ Maxime Mikolajczak \/ Olivier Veillon<\/strong><\/p>\n<p>Theater<br \/>\n5 \u2192 16\/01\/26<\/p>\n<p>In Zusammenarbeit mit:<\/p>\n<p><img loading=\"lazy\" decoding=\"async\" class=\"wp-image-12831 alignleft\" src=\"https:\/\/carreau-forbach.com\/app\/uploads\/2025\/07\/Sans-titre-1.png\" alt=\"\" width=\"162\" height=\"91\" srcset=\"https:\/\/carreau-forbach.com\/app\/uploads\/2025\/07\/Sans-titre-1.png 709w, https:\/\/carreau-forbach.com\/app\/uploads\/2025\/07\/Sans-titre-1-300x169.png 300w\" sizes=\"auto, (max-width: 162px) 100vw, 162px\" \/><\/p>\n<p>&nbsp;<\/p>\n<p>&nbsp;<\/p>\n<p>&nbsp;<\/p>\n<p><strong>Reservierung:<\/strong> billetterie@carreau-forbach.com \/ +33 (0)3 87 84 64 34<\/p>\n","protected":false},"excerpt":{"rendered":"<p>Im Einklang mit seinem Status als Sc\u00e8ne Nationale begleitet das Carreau K\u00fcnstlerinnen und K\u00fcnstler bei ihren neuen Projekten. Diese Unterstu\u0308tzung kann verschiedene Formen haben: Produktionen, als Auftrag zu einer Form von Inszenierung, Koproduktionen, als finanzieller Beitrag zu einem neuen Stu\u0308ck und Residenzen mit organisatorischer, technischer und finanzieller Unterstu\u0308tzung fu\u0308r eine Arbeitsphase mit Proben in unseren &hellip; <a href=\"https:\/\/carreau-forbach.com\/de\/les-artistes-accocies\/\">Continued<\/a><\/p>\n","protected":false},"author":1,"featured_media":0,"parent":0,"menu_order":0,"comment_status":"closed","ping_status":"closed","template":"","meta":{"_acf_changed":false,"footnotes":""},"class_list":["post-1097","page","type-page","status-publish","hentry"],"acf":[],"yoast_head":"<title>Koproduktionen und Residenzen - Le Carreau<\/title>\n<meta name=\"robots\" content=\"index, follow, max-snippet:-1, max-image-preview:large, max-video-preview:-1\" \/>\n<link rel=\"canonical\" href=\"https:\/\/carreau-forbach.com\/de\/les-artistes-accocies\/\" \/>\n<meta property=\"og:locale\" content=\"de_DE\" \/>\n<meta property=\"og:type\" content=\"article\" \/>\n<meta property=\"og:title\" content=\"Koproduktionen und Residenzen - Le Carreau\" \/>\n<meta property=\"og:description\" content=\"Im Einklang mit seinem Status als Sc\u00e8ne Nationale begleitet das Carreau K\u00fcnstlerinnen und K\u00fcnstler bei ihren neuen Projekten. Diese Unterstu\u0308tzung kann verschiedene Formen haben: Produktionen, als Auftrag zu einer Form von Inszenierung, Koproduktionen, als finanzieller Beitrag zu einem neuen Stu\u0308ck und Residenzen mit organisatorischer, technischer und finanzieller Unterstu\u0308tzung fu\u0308r eine Arbeitsphase mit Proben in unseren &hellip; Continued\" \/>\n<meta property=\"og:url\" content=\"https:\/\/carreau-forbach.com\/de\/les-artistes-accocies\/\" \/>\n<meta property=\"og:site_name\" content=\"Le Carreau\" \/>\n<meta property=\"article:modified_time\" content=\"2025-09-30T16:25:46+00:00\" \/>\n<meta property=\"og:image\" content=\"https:\/\/carreau-forbach.com\/app\/uploads\/2025\/07\/Sans-titre-1.png\" \/>\n\t<meta property=\"og:image:width\" content=\"709\" \/>\n\t<meta property=\"og:image:height\" content=\"399\" \/>\n\t<meta property=\"og:image:type\" content=\"image\/png\" \/>\n<meta name=\"twitter:card\" content=\"summary_large_image\" \/>\n<meta name=\"twitter:label1\" content=\"Est. reading time\" \/>\n\t<meta name=\"twitter:data1\" content=\"2 minutes\" \/>\n<script type=\"application\/ld+json\" class=\"yoast-schema-graph\">{\"@context\":\"https:\/\/schema.org\",\"@graph\":[{\"@type\":\"WebPage\",\"@id\":\"https:\/\/carreau-forbach.com\/de\/les-artistes-accocies\/\",\"url\":\"https:\/\/carreau-forbach.com\/de\/les-artistes-accocies\/\",\"name\":\"Koproduktionen und Residenzen - Le Carreau\",\"isPartOf\":{\"@id\":\"https:\/\/carreau-forbach.com\/#website\"},\"primaryImageOfPage\":{\"@id\":\"https:\/\/carreau-forbach.com\/de\/les-artistes-accocies\/#primaryimage\"},\"image\":{\"@id\":\"https:\/\/carreau-forbach.com\/de\/les-artistes-accocies\/#primaryimage\"},\"thumbnailUrl\":\"https:\/\/carreau-forbach.com\/app\/uploads\/2025\/07\/Sans-titre-1.png\",\"datePublished\":\"2019-09-11T13:38:25+00:00\",\"dateModified\":\"2025-09-30T16:25:46+00:00\",\"breadcrumb\":{\"@id\":\"https:\/\/carreau-forbach.com\/de\/les-artistes-accocies\/#breadcrumb\"},\"inLanguage\":\"de-DE\",\"potentialAction\":[{\"@type\":\"ReadAction\",\"target\":[\"https:\/\/carreau-forbach.com\/de\/les-artistes-accocies\/\"]}]},{\"@type\":\"ImageObject\",\"inLanguage\":\"de-DE\",\"@id\":\"https:\/\/carreau-forbach.com\/de\/les-artistes-accocies\/#primaryimage\",\"url\":\"https:\/\/carreau-forbach.com\/app\/uploads\/2025\/07\/Sans-titre-1.png\",\"contentUrl\":\"https:\/\/carreau-forbach.com\/app\/uploads\/2025\/07\/Sans-titre-1.png\"},{\"@type\":\"BreadcrumbList\",\"@id\":\"https:\/\/carreau-forbach.com\/de\/les-artistes-accocies\/#breadcrumb\",\"itemListElement\":[{\"@type\":\"ListItem\",\"position\":1,\"name\":\"Home\",\"item\":\"https:\/\/carreau-forbach.com\/de\/\"},{\"@type\":\"ListItem\",\"position\":2,\"name\":\"Koproduktionen und Residenzen\"}]},{\"@type\":\"WebSite\",\"@id\":\"https:\/\/carreau-forbach.com\/#website\",\"url\":\"https:\/\/carreau-forbach.com\/\",\"name\":\"Le Carreau\",\"description\":\"Sc\u00e8ne nationale de Forbach et de l&#039;Est mosellan\",\"potentialAction\":[{\"@type\":\"SearchAction\",\"target\":{\"@type\":\"EntryPoint\",\"urlTemplate\":\"https:\/\/carreau-forbach.com\/?s={search_term_string}\"},\"query-input\":{\"@type\":\"PropertyValueSpecification\",\"valueRequired\":true,\"valueName\":\"search_term_string\"}}],\"inLanguage\":\"de-DE\"}]}<\/script>","yoast_head_json":{"title":"Koproduktionen und Residenzen - Le Carreau","robots":{"index":"index","follow":"follow","max-snippet":"max-snippet:-1","max-image-preview":"max-image-preview:large","max-video-preview":"max-video-preview:-1"},"canonical":"https:\/\/carreau-forbach.com\/de\/les-artistes-accocies\/","og_locale":"de_DE","og_type":"article","og_title":"Koproduktionen und Residenzen - Le Carreau","og_description":"Im Einklang mit seinem Status als Sc\u00e8ne Nationale begleitet das Carreau K\u00fcnstlerinnen und K\u00fcnstler bei ihren neuen Projekten. Diese Unterstu\u0308tzung kann verschiedene Formen haben: Produktionen, als Auftrag zu einer Form von Inszenierung, Koproduktionen, als finanzieller Beitrag zu einem neuen Stu\u0308ck und Residenzen mit organisatorischer, technischer und finanzieller Unterstu\u0308tzung fu\u0308r eine Arbeitsphase mit Proben in unseren &hellip; Continued","og_url":"https:\/\/carreau-forbach.com\/de\/les-artistes-accocies\/","og_site_name":"Le Carreau","article_modified_time":"2025-09-30T16:25:46+00:00","og_image":[{"width":709,"height":399,"url":"https:\/\/carreau-forbach.com\/app\/uploads\/2025\/07\/Sans-titre-1.png","type":"image\/png"}],"twitter_card":"summary_large_image","twitter_misc":{"Est. reading time":"2 minutes"},"schema":{"@context":"https:\/\/schema.org","@graph":[{"@type":"WebPage","@id":"https:\/\/carreau-forbach.com\/de\/les-artistes-accocies\/","url":"https:\/\/carreau-forbach.com\/de\/les-artistes-accocies\/","name":"Koproduktionen und Residenzen - Le Carreau","isPartOf":{"@id":"https:\/\/carreau-forbach.com\/#website"},"primaryImageOfPage":{"@id":"https:\/\/carreau-forbach.com\/de\/les-artistes-accocies\/#primaryimage"},"image":{"@id":"https:\/\/carreau-forbach.com\/de\/les-artistes-accocies\/#primaryimage"},"thumbnailUrl":"https:\/\/carreau-forbach.com\/app\/uploads\/2025\/07\/Sans-titre-1.png","datePublished":"2019-09-11T13:38:25+00:00","dateModified":"2025-09-30T16:25:46+00:00","breadcrumb":{"@id":"https:\/\/carreau-forbach.com\/de\/les-artistes-accocies\/#breadcrumb"},"inLanguage":"de-DE","potentialAction":[{"@type":"ReadAction","target":["https:\/\/carreau-forbach.com\/de\/les-artistes-accocies\/"]}]},{"@type":"ImageObject","inLanguage":"de-DE","@id":"https:\/\/carreau-forbach.com\/de\/les-artistes-accocies\/#primaryimage","url":"https:\/\/carreau-forbach.com\/app\/uploads\/2025\/07\/Sans-titre-1.png","contentUrl":"https:\/\/carreau-forbach.com\/app\/uploads\/2025\/07\/Sans-titre-1.png"},{"@type":"BreadcrumbList","@id":"https:\/\/carreau-forbach.com\/de\/les-artistes-accocies\/#breadcrumb","itemListElement":[{"@type":"ListItem","position":1,"name":"Home","item":"https:\/\/carreau-forbach.com\/de\/"},{"@type":"ListItem","position":2,"name":"Koproduktionen und Residenzen"}]},{"@type":"WebSite","@id":"https:\/\/carreau-forbach.com\/#website","url":"https:\/\/carreau-forbach.com\/","name":"Le Carreau","description":"Sc\u00e8ne nationale de Forbach et de l&#039;Est mosellan","potentialAction":[{"@type":"SearchAction","target":{"@type":"EntryPoint","urlTemplate":"https:\/\/carreau-forbach.com\/?s={search_term_string}"},"query-input":{"@type":"PropertyValueSpecification","valueRequired":true,"valueName":"search_term_string"}}],"inLanguage":"de-DE"}]}},"_links":{"self":[{"href":"https:\/\/carreau-forbach.com\/de\/wp-json\/wp\/v2\/pages\/1097","targetHints":{"allow":["GET"]}}],"collection":[{"href":"https:\/\/carreau-forbach.com\/de\/wp-json\/wp\/v2\/pages"}],"about":[{"href":"https:\/\/carreau-forbach.com\/de\/wp-json\/wp\/v2\/types\/page"}],"author":[{"embeddable":true,"href":"https:\/\/carreau-forbach.com\/de\/wp-json\/wp\/v2\/users\/1"}],"replies":[{"embeddable":true,"href":"https:\/\/carreau-forbach.com\/de\/wp-json\/wp\/v2\/comments?post=1097"}],"version-history":[{"count":35,"href":"https:\/\/carreau-forbach.com\/de\/wp-json\/wp\/v2\/pages\/1097\/revisions"}],"predecessor-version":[{"id":13474,"href":"https:\/\/carreau-forbach.com\/de\/wp-json\/wp\/v2\/pages\/1097\/revisions\/13474"}],"wp:attachment":[{"href":"https:\/\/carreau-forbach.com\/de\/wp-json\/wp\/v2\/media?parent=1097"}],"curies":[{"name":"wp","href":"https:\/\/api.w.org\/{rel}","templated":true}]}}