{"id":1079,"date":"2019-09-11T10:01:21","date_gmt":"2019-09-11T08:01:21","guid":{"rendered":"https:\/\/carreau-forbach.com\/le-carreau-et-vous\/"},"modified":"2025-07-24T17:52:54","modified_gmt":"2025-07-24T15:52:54","slug":"le-carreau-et-vous","status":"publish","type":"page","link":"https:\/\/carreau-forbach.com\/de\/le-carreau-et-vous\/","title":{"rendered":"Le Carreau und Sie"},"content":{"rendered":"<p>Wenn Sie in einer der angrenzenden Gemeinden wohnen und etwa ein Dutzend Freunde zusammentrommeln k\u00f6nnen, kommen wir und stellen Ihnen in Ihrem Rathaus, Ihrer Firma, Ihrem Verein, Ihrer Schule oder bei Ihnen zu Hause unser Programm vor.<\/p>\n<p><strong>Rufen Sie uns an unter +33 3 87 84 64 34 oder schicken Sie eine Mail an <a href=\"mailto:rp-de@carreau-forbach.com\">rp-de@carreau-forbach.com<\/a><\/strong><\/p>\n<p>&nbsp;<\/p>\n<h2>DIE &#8220;RELAIS&#8221;<\/h2>\n<p>Wenn Sie ein begeisterter Zuschauer oder eine begeisterte Zuschauerin sind, k\u00f6nnen Sie RELAIS des Carreau werden. Sie brauchen nur eine Gruppe von zehn Personen, die dasselbe St\u00fcck, oder dasselbe Abonnement nehmen wie Sie. Als Relais haben Sie Anrecht auf eine Einladung zu allen St\u00fccken Ihrer Gruppe und sind unser bevorzugter Ansprechpartner.<\/p>\n<p><strong>KONTAKT: <\/strong>rp-de@carreau-forbach.com | +33 (0)3 87 84 64 33<\/p>\n<p>&nbsp;<\/p>\n<h2>Der Zuschauerverein<\/h2>\n<p>Unser Zuschauerverein, der seit 1997 existiert, unterst\u00fctzt die Sc\u00e8ne Nationale bei den Entscheidungstr\u00e4gern.<\/p>\n<p>Er betont die Notwendigkeit einer solchen Struktur in der Kulturlandschaft unserer Region.<\/p>\n<p>Er unterst\u00fctzt finanziell Projekte im schulischen oder anderen Rahmen: beim Kartenkauf oder bei der Anreise zum Carreau, bei Workshops usw., damit ein m\u00f6glichst breites Publikum Zugang zum Carreau hat!<\/p>\n<p>Wenn Sie diese Aktionen unterst\u00fctzen wollen, werden Sie Vereinsmitglied!<br \/>\nDank Ihrer Beitr\u00e4ge k\u00f6nnen wir verschiedene Projekte ins Auge fassen.<\/p>\n<p>Der Jahresbeitrag betr\u00e4gt 8\u20ac (f\u00fcr Sch\u00fcler, Studenten und Arbeitslose 3\u20ac).<\/p>\n<p><strong>Unser erstes Treffen findet am Dienstag, den 15. Oktober 2019 um 18:00 im Carreau statt.<\/strong><\/p>\n<p><strong>KONTAKT:\u00a0<\/strong>Michelle Razpotnik, Vorsitzende des Zuschauervereins | <a href=\"mailto:michelle.b612@hotmail.fr\">michelle.b612@hotmail.fr<\/a><\/p>\n<p>&nbsp;<\/p>\n","protected":false},"excerpt":{"rendered":"<p>Wenn Sie in einer der angrenzenden Gemeinden wohnen und etwa ein Dutzend Freunde zusammentrommeln k\u00f6nnen, kommen wir und stellen Ihnen in Ihrem Rathaus, Ihrer Firma, Ihrem Verein, Ihrer Schule oder bei Ihnen zu Hause unser Programm vor. Rufen Sie uns an unter +33 3 87 84 64 34 oder schicken Sie eine Mail an rp-de@carreau-forbach.com &hellip; <a href=\"https:\/\/carreau-forbach.com\/de\/le-carreau-et-vous\/\">Continued<\/a><\/p>\n","protected":false},"author":1,"featured_media":0,"parent":0,"menu_order":0,"comment_status":"closed","ping_status":"closed","template":"","meta":{"_acf_changed":false,"footnotes":""},"class_list":["post-1079","page","type-page","status-publish","hentry"],"acf":[],"yoast_head":"<title>Le Carreau und Sie - Le Carreau<\/title>\n<meta name=\"robots\" content=\"index, follow, max-snippet:-1, max-image-preview:large, max-video-preview:-1\" \/>\n<link rel=\"canonical\" href=\"https:\/\/carreau-forbach.com\/de\/le-carreau-et-vous\/\" \/>\n<meta property=\"og:locale\" content=\"de_DE\" \/>\n<meta property=\"og:type\" content=\"article\" \/>\n<meta property=\"og:title\" content=\"Le Carreau und Sie - Le Carreau\" \/>\n<meta property=\"og:description\" content=\"Wenn Sie in einer der angrenzenden Gemeinden wohnen und etwa ein Dutzend Freunde zusammentrommeln k\u00f6nnen, kommen wir und stellen Ihnen in Ihrem Rathaus, Ihrer Firma, Ihrem Verein, Ihrer Schule oder bei Ihnen zu Hause unser Programm vor. Rufen Sie uns an unter +33 3 87 84 64 34 oder schicken Sie eine Mail an rp-de@carreau-forbach.com &hellip; Continued\" \/>\n<meta property=\"og:url\" content=\"https:\/\/carreau-forbach.com\/de\/le-carreau-et-vous\/\" \/>\n<meta property=\"og:site_name\" content=\"Le Carreau\" \/>\n<meta property=\"article:modified_time\" content=\"2025-07-24T15:52:54+00:00\" \/>\n<meta name=\"twitter:card\" content=\"summary_large_image\" \/>\n<meta name=\"twitter:label1\" content=\"Est. reading time\" \/>\n\t<meta name=\"twitter:data1\" content=\"2 minutes\" \/>\n<script type=\"application\/ld+json\" class=\"yoast-schema-graph\">{\"@context\":\"https:\/\/schema.org\",\"@graph\":[{\"@type\":\"WebPage\",\"@id\":\"https:\/\/carreau-forbach.com\/de\/le-carreau-et-vous\/\",\"url\":\"https:\/\/carreau-forbach.com\/de\/le-carreau-et-vous\/\",\"name\":\"Le Carreau und Sie - Le Carreau\",\"isPartOf\":{\"@id\":\"https:\/\/carreau-forbach.com\/#website\"},\"datePublished\":\"2019-09-11T08:01:21+00:00\",\"dateModified\":\"2025-07-24T15:52:54+00:00\",\"breadcrumb\":{\"@id\":\"https:\/\/carreau-forbach.com\/de\/le-carreau-et-vous\/#breadcrumb\"},\"inLanguage\":\"de-DE\",\"potentialAction\":[{\"@type\":\"ReadAction\",\"target\":[\"https:\/\/carreau-forbach.com\/de\/le-carreau-et-vous\/\"]}]},{\"@type\":\"BreadcrumbList\",\"@id\":\"https:\/\/carreau-forbach.com\/de\/le-carreau-et-vous\/#breadcrumb\",\"itemListElement\":[{\"@type\":\"ListItem\",\"position\":1,\"name\":\"Home\",\"item\":\"https:\/\/carreau-forbach.com\/de\/\"},{\"@type\":\"ListItem\",\"position\":2,\"name\":\"Le Carreau und Sie\"}]},{\"@type\":\"WebSite\",\"@id\":\"https:\/\/carreau-forbach.com\/#website\",\"url\":\"https:\/\/carreau-forbach.com\/\",\"name\":\"Le Carreau\",\"description\":\"Sc\u00e8ne nationale de Forbach et de l&#039;Est mosellan\",\"potentialAction\":[{\"@type\":\"SearchAction\",\"target\":{\"@type\":\"EntryPoint\",\"urlTemplate\":\"https:\/\/carreau-forbach.com\/?s={search_term_string}\"},\"query-input\":{\"@type\":\"PropertyValueSpecification\",\"valueRequired\":true,\"valueName\":\"search_term_string\"}}],\"inLanguage\":\"de-DE\"}]}<\/script>","yoast_head_json":{"title":"Le Carreau und Sie - Le Carreau","robots":{"index":"index","follow":"follow","max-snippet":"max-snippet:-1","max-image-preview":"max-image-preview:large","max-video-preview":"max-video-preview:-1"},"canonical":"https:\/\/carreau-forbach.com\/de\/le-carreau-et-vous\/","og_locale":"de_DE","og_type":"article","og_title":"Le Carreau und Sie - Le Carreau","og_description":"Wenn Sie in einer der angrenzenden Gemeinden wohnen und etwa ein Dutzend Freunde zusammentrommeln k\u00f6nnen, kommen wir und stellen Ihnen in Ihrem Rathaus, Ihrer Firma, Ihrem Verein, Ihrer Schule oder bei Ihnen zu Hause unser Programm vor. Rufen Sie uns an unter +33 3 87 84 64 34 oder schicken Sie eine Mail an rp-de@carreau-forbach.com &hellip; Continued","og_url":"https:\/\/carreau-forbach.com\/de\/le-carreau-et-vous\/","og_site_name":"Le Carreau","article_modified_time":"2025-07-24T15:52:54+00:00","twitter_card":"summary_large_image","twitter_misc":{"Est. reading time":"2 minutes"},"schema":{"@context":"https:\/\/schema.org","@graph":[{"@type":"WebPage","@id":"https:\/\/carreau-forbach.com\/de\/le-carreau-et-vous\/","url":"https:\/\/carreau-forbach.com\/de\/le-carreau-et-vous\/","name":"Le Carreau und Sie - Le Carreau","isPartOf":{"@id":"https:\/\/carreau-forbach.com\/#website"},"datePublished":"2019-09-11T08:01:21+00:00","dateModified":"2025-07-24T15:52:54+00:00","breadcrumb":{"@id":"https:\/\/carreau-forbach.com\/de\/le-carreau-et-vous\/#breadcrumb"},"inLanguage":"de-DE","potentialAction":[{"@type":"ReadAction","target":["https:\/\/carreau-forbach.com\/de\/le-carreau-et-vous\/"]}]},{"@type":"BreadcrumbList","@id":"https:\/\/carreau-forbach.com\/de\/le-carreau-et-vous\/#breadcrumb","itemListElement":[{"@type":"ListItem","position":1,"name":"Home","item":"https:\/\/carreau-forbach.com\/de\/"},{"@type":"ListItem","position":2,"name":"Le Carreau und Sie"}]},{"@type":"WebSite","@id":"https:\/\/carreau-forbach.com\/#website","url":"https:\/\/carreau-forbach.com\/","name":"Le Carreau","description":"Sc\u00e8ne nationale de Forbach et de l&#039;Est mosellan","potentialAction":[{"@type":"SearchAction","target":{"@type":"EntryPoint","urlTemplate":"https:\/\/carreau-forbach.com\/?s={search_term_string}"},"query-input":{"@type":"PropertyValueSpecification","valueRequired":true,"valueName":"search_term_string"}}],"inLanguage":"de-DE"}]}},"_links":{"self":[{"href":"https:\/\/carreau-forbach.com\/de\/wp-json\/wp\/v2\/pages\/1079","targetHints":{"allow":["GET"]}}],"collection":[{"href":"https:\/\/carreau-forbach.com\/de\/wp-json\/wp\/v2\/pages"}],"about":[{"href":"https:\/\/carreau-forbach.com\/de\/wp-json\/wp\/v2\/types\/page"}],"author":[{"embeddable":true,"href":"https:\/\/carreau-forbach.com\/de\/wp-json\/wp\/v2\/users\/1"}],"replies":[{"embeddable":true,"href":"https:\/\/carreau-forbach.com\/de\/wp-json\/wp\/v2\/comments?post=1079"}],"version-history":[{"count":3,"href":"https:\/\/carreau-forbach.com\/de\/wp-json\/wp\/v2\/pages\/1079\/revisions"}],"predecessor-version":[{"id":13413,"href":"https:\/\/carreau-forbach.com\/de\/wp-json\/wp\/v2\/pages\/1079\/revisions\/13413"}],"wp:attachment":[{"href":"https:\/\/carreau-forbach.com\/de\/wp-json\/wp\/v2\/media?parent=1079"}],"curies":[{"name":"wp","href":"https:\/\/api.w.org\/{rel}","templated":true}]}}